{"id":9912,"date":"2022-10-16T09:01:28","date_gmt":"2022-10-16T07:01:28","guid":{"rendered":"https:\/\/sigedal.se\/?page_id=9912"},"modified":"2022-10-16T14:30:11","modified_gmt":"2022-10-16T12:30:11","slug":"historiska-kartor-over-skoldstad","status":"publish","type":"page","link":"https:\/\/sigedal.se\/index.php\/historiska-kartor-over-skoldstad\/","title":{"rendered":"Historiska kartor \u00f6ver Sk\u00f6ldstad"},"content":{"rendered":"\n<p><a href=\"https:\/\/sigedal.se\/wp-content\/uploads\/2022\/10\/Karta-over-Skoldstad-1700_liten.jpg\" data-type=\"URL\" data-id=\"https:\/\/sigedal.se\/wp-content\/uploads\/2022\/10\/Karta-over-Skoldstad-1700_liten.jpg\">Karta uppr\u00e4ttad \u00e5r 1700<\/a><\/p>\n\n\n\n<p><a href=\"https:\/\/sigedal.se\/wp-content\/uploads\/2022\/10\/Vikingstad-utjord-liten.jpg\">Karta \u00f6ver Vikingstads utjord uppr\u00e4ttad \u00e5r 1869<\/a><\/p>\n\n\n\n<p><a href=\"https:\/\/sigedal.se\/wp-content\/uploads\/2022\/10\/Karta-1870-liten-scaled.jpg\">Karta fr\u00e5n 1870<\/a><\/p>\n\n\n\n<p>B\u00e5da dessa kartor uppr\u00e4ttade med anledning av \u201d<em>Till reglering af r\u00e5g\u00e5ngarne omkring Sk\u00f6ldstad och utbyte af s\u00e5dan jord, som \u00e4r bel\u00e4gen inom Sk\u00f6ldstad r\u00e5g\u00e5ngar, och tillh\u00f6r annat hemman<\/em>&#8221; vilket finns beskrivet i <a href=\"https:\/\/sigedal.se\/index.php\/lantmaterihandlingar-rorande-skoldstad\/\" data-type=\"page\" data-id=\"1786\">dessa lantm\u00e4terihandlingar.<\/a><\/p>\n","protected":false},"excerpt":{"rendered":"<p>Karta uppr\u00e4ttad \u00e5r 1700 Karta \u00f6ver Vikingstads utjord uppr\u00e4ttad \u00e5r 1869 Karta fr\u00e5n 1870 B\u00e5da dessa kartor uppr\u00e4ttade med anledning av \u201dTill reglering af r\u00e5g\u00e5ngarne omkring Sk\u00f6ldstad och utbyte af s\u00e5dan jord, som \u00e4r bel\u00e4gen inom Sk\u00f6ldstad r\u00e5g\u00e5ngar, och tillh\u00f6r annat hemman&#8221; vilket finns beskrivet i dessa lantm\u00e4terihandlingar.<\/p>\n","protected":false},"author":3,"featured_media":0,"parent":0,"menu_order":0,"comment_status":"closed","ping_status":"closed","template":"","meta":{"jetpack_post_was_ever_published":false,"footnotes":""},"class_list":["post-9912","page","type-page","status-publish","hentry"],"jetpack-related-posts":[{"id":1786,"url":"https:\/\/sigedal.se\/index.php\/lantmaterihandlingar-rorande-skoldstad\/","url_meta":{"origin":9912,"position":0},"title":"Lantm\u00e4terihandlingar r\u00f6rande Sk\u00f6ldstad","author":"Kent","date":"2021-03-30","format":false,"excerpt":"uppr\u00e4ttat 1869 av Carl Dahlqvist Lantm\u00e4terihandlingar r\u00f6rande SK\u00d6LDSTAD uppr\u00e4ttad 1869 av Carl Dahlqvist Protokoll h\u00e5llet vid reglering af r\u00e5g\u00e5ngarna omkring Sk\u00f6ldstad, af undertecknad Landtm\u00e4tare nedanskrifne \u00e5r och dagar. \u00c5r 1869 den 23 November inst\u00e4llde sig undertecknad landtm\u00e4tare uti Sk\u00f6ldstad, 1 mantal Kronoskatte augment Boo uti Link\u00f6pings l\u00e4n, Walkebo h\u00e4rad och\u2026","rel":"","context":"Liknande inl\u00e4gg","block_context":{"text":"Liknande inl\u00e4gg","link":""},"img":{"alt_text":"","src":"","width":0,"height":0},"classes":[]},{"id":457,"url":"https:\/\/sigedal.se\/index.php\/skolstad\/","url_meta":{"origin":9912,"position":1},"title":"Sk\u00f6lstad s\u00e4teri","author":"Kent","date":"2021-03-25","format":false,"excerpt":"Foto ca 1945 - 1950 Huvudbyggnaden p\u00e5 Sk\u00f6lstad brann l\u00f6rdagen den 9 april 1921 och byggdes sedan aldrig upp igen. Sk\u00f6lstad v\u00e4stra flygel (nuvarande huvudbyggnad) Sk\u00f6lstad v\u00e4stra flygel (nuvarande huvudbyggnad) Foto 1999 Irma Andersson \u00d6stra flygeln p\u00e5 Sk\u00f6ldstad s\u00e4teri uppf\u00f6rdes 1794. D\u00e5varande \u00e4gare var Fredrik Horn af \u00c5minne gift med\u2026","rel":"","context":"Liknande inl\u00e4gg","block_context":{"text":"Liknande inl\u00e4gg","link":""},"img":{"alt_text":"","src":"https:\/\/i0.wp.com\/sigedal.se\/wp-content\/uploads\/2021\/03\/vk5159liten.jpg?resize=350%2C200&ssl=1","width":350,"height":200,"srcset":"https:\/\/i0.wp.com\/sigedal.se\/wp-content\/uploads\/2021\/03\/vk5159liten.jpg?resize=350%2C200&ssl=1 1x, https:\/\/i0.wp.com\/sigedal.se\/wp-content\/uploads\/2021\/03\/vk5159liten.jpg?resize=525%2C300&ssl=1 1.5x"},"classes":[]},{"id":444,"url":"https:\/\/sigedal.se\/index.php\/nybble\/","url_meta":{"origin":9912,"position":2},"title":"Nybble","author":"Kent","date":"2021-03-25","format":false,"excerpt":"Nybble var ursprungligen en by som bestod av fem g\u00e5rdar om vardera ett mantal. De \u00e4ldsta noteringarna om Nybble finner vi n\u00e4r en jordbytesaff\u00e4r runt \u00e5r 1400 genomf\u00f6rs. En av g\u00e5rdarna ska d\u00e5 ha tillh\u00f6rt riddaren Erik Bosson (Natt och Dag) \u00c5r 1422 finns en notering fr\u00e5n Walkebo H\u00e4radsting g\u00e4llande\u2026","rel":"","context":"Liknande inl\u00e4gg","block_context":{"text":"Liknande inl\u00e4gg","link":""},"img":{"alt_text":"","src":"","width":0,"height":0},"classes":[]},{"id":1736,"url":"https:\/\/sigedal.se\/index.php\/laga-skifte-i-gustad-by\/","url_meta":{"origin":9912,"position":3},"title":"Laga Skifte i Gustad By","author":"Kent","date":"2021-03-30","format":false,"excerpt":"LAGA SKIFTES HANDLINGAR r\u00f6rande GUSTAD BY uti Vikingstad socken och Valkebo H\u00e4rad \u00e5ren 1843 - 45 af Gustav Hogner $ 9 \u00e5r 1846, d. 4 November, har Valkebo H\u00e4rads \u00c4godelnings R\u00e4tt fastst\u00e4llt detta f\u00f6r\u00e4ndrade Skifte; Betygar P\u00e5 R\u00e4ttens v\u00e4gnar Pereswetoff Morath Akt No 123 \u00c5r 1843 den 4de December sammantr\u00e4dde\u2026","rel":"","context":"Liknande inl\u00e4gg","block_context":{"text":"Liknande inl\u00e4gg","link":""},"img":{"alt_text":"","src":"","width":0,"height":0},"classes":[]},{"id":12506,"url":"https:\/\/sigedal.se\/index.php\/kartan\/","url_meta":{"origin":9912,"position":4},"title":"Hitta g\u00e5rdar, torp mm via kartan","author":"Kent","date":"2024-03-19","format":false,"excerpt":"Varefter husen fylls p\u00e5 med historik och\/eller foton blir de \u00e4ven s\u00f6kbara fr\u00e5n denna karta. Denna mark\u00f6r visar enbart plats utan kompletterande beskrivning","rel":"","context":"Liknande inl\u00e4gg","block_context":{"text":"Liknande inl\u00e4gg","link":""},"img":{"alt_text":"","src":"https:\/\/i0.wp.com\/sigedal.se\/wp-content\/uploads\/2024\/03\/kartmarkor.png?resize=350%2C200&ssl=1","width":350,"height":200},"classes":[]},{"id":2383,"url":"https:\/\/sigedal.se\/index.php\/grantoppen-skoldstad-sateri-vikingstad-sn\/","url_meta":{"origin":9912,"position":5},"title":"Grantoppen (Sk\u00f6ldstad S\u00e4teri, Vikingstad sn)","author":"Kent","date":"2021-04-04","format":false,"excerpt":"Grantoppen har l\u00e4nge funnits p\u00e5 denna plats. Torpet finns utm\u00e4rkt p\u00e5 en karta fr\u00e5n 1698 men det kan finnas \u00e4nnu \u00e4ldre uppgifter om detta torp som vi \u00e4nnu inte hittat. \u00c4r i dag sommarbostad Foto Irma Andersson 2001 Foto 1989. Irma Andersson, Sk\u00f6lstad, bes\u00f6ker Grantoppen i samband med en torpvandring\u2026","rel":"","context":"Liknande inl\u00e4gg","block_context":{"text":"Liknande inl\u00e4gg","link":""},"img":{"alt_text":"","src":"https:\/\/i0.wp.com\/sigedal.se\/wp-content\/uploads\/2021\/03\/vk5177liten.jpg?resize=350%2C200&ssl=1","width":350,"height":200,"srcset":"https:\/\/i0.wp.com\/sigedal.se\/wp-content\/uploads\/2021\/03\/vk5177liten.jpg?resize=350%2C200&ssl=1 1x, https:\/\/i0.wp.com\/sigedal.se\/wp-content\/uploads\/2021\/03\/vk5177liten.jpg?resize=525%2C300&ssl=1 1.5x"},"classes":[]}],"jetpack_sharing_enabled":true,"_links":{"self":[{"href":"https:\/\/sigedal.se\/index.php\/wp-json\/wp\/v2\/pages\/9912","targetHints":{"allow":["GET"]}}],"collection":[{"href":"https:\/\/sigedal.se\/index.php\/wp-json\/wp\/v2\/pages"}],"about":[{"href":"https:\/\/sigedal.se\/index.php\/wp-json\/wp\/v2\/types\/page"}],"author":[{"embeddable":true,"href":"https:\/\/sigedal.se\/index.php\/wp-json\/wp\/v2\/users\/3"}],"replies":[{"embeddable":true,"href":"https:\/\/sigedal.se\/index.php\/wp-json\/wp\/v2\/comments?post=9912"}],"version-history":[{"count":6,"href":"https:\/\/sigedal.se\/index.php\/wp-json\/wp\/v2\/pages\/9912\/revisions"}],"predecessor-version":[{"id":9926,"href":"https:\/\/sigedal.se\/index.php\/wp-json\/wp\/v2\/pages\/9912\/revisions\/9926"}],"wp:attachment":[{"href":"https:\/\/sigedal.se\/index.php\/wp-json\/wp\/v2\/media?parent=9912"}],"curies":[{"name":"wp","href":"https:\/\/api.w.org\/{rel}","templated":true}]}}