{"id":9170,"date":"2022-08-15T11:38:16","date_gmt":"2022-08-15T09:38:16","guid":{"rendered":"https:\/\/sigedal.se\/?page_id=9170"},"modified":"2024-04-16T08:41:56","modified_gmt":"2024-04-16T06:41:56","slug":"vikingstad-handelstradgard","status":"publish","type":"page","link":"https:\/\/sigedal.se\/index.php\/vikingstad-handelstradgard\/","title":{"rendered":"Vikingstads Handelstr\u00e4dg\u00e5rd"},"content":{"rendered":"\n<figure class=\"wp-block-image size-large\"><img data-recalc-dims=\"1\" loading=\"lazy\" decoding=\"async\" width=\"840\" height=\"650\" src=\"https:\/\/i0.wp.com\/sigedal.se\/wp-content\/uploads\/2023\/09\/Handelstradgarden.jpg?resize=840%2C650&#038;ssl=1\" alt=\"\" class=\"wp-image-12011\" srcset=\"https:\/\/i0.wp.com\/sigedal.se\/wp-content\/uploads\/2023\/09\/Handelstradgarden-scaled.jpg?resize=1024%2C792&amp;ssl=1 1024w, https:\/\/i0.wp.com\/sigedal.se\/wp-content\/uploads\/2023\/09\/Handelstradgarden-scaled.jpg?resize=300%2C232&amp;ssl=1 300w, https:\/\/i0.wp.com\/sigedal.se\/wp-content\/uploads\/2023\/09\/Handelstradgarden-scaled.jpg?resize=768%2C594&amp;ssl=1 768w, https:\/\/i0.wp.com\/sigedal.se\/wp-content\/uploads\/2023\/09\/Handelstradgarden-scaled.jpg?resize=1536%2C1188&amp;ssl=1 1536w, https:\/\/i0.wp.com\/sigedal.se\/wp-content\/uploads\/2023\/09\/Handelstradgarden-scaled.jpg?resize=2048%2C1585&amp;ssl=1 2048w, https:\/\/i0.wp.com\/sigedal.se\/wp-content\/uploads\/2023\/09\/Handelstradgarden-scaled.jpg?resize=1200%2C928&amp;ssl=1 1200w, https:\/\/i0.wp.com\/sigedal.se\/wp-content\/uploads\/2023\/09\/Handelstradgarden-scaled.jpg?w=1680&amp;ssl=1 1680w, https:\/\/i0.wp.com\/sigedal.se\/wp-content\/uploads\/2023\/09\/Handelstradgarden-scaled.jpg?w=2520&amp;ssl=1 2520w\" sizes=\"auto, (max-width: 709px) 85vw, (max-width: 909px) 67vw, (max-width: 1362px) 62vw, 840px\" \/><figcaption class=\"wp-element-caption\">Foto\u00e5r ok\u00e4nt<\/figcaption><\/figure>\n\n\n\n<figure class=\"wp-block-image size-large\"><img data-recalc-dims=\"1\" loading=\"lazy\" decoding=\"async\" width=\"840\" height=\"595\" src=\"https:\/\/i0.wp.com\/sigedal.se\/wp-content\/uploads\/2023\/07\/Vikingstads-handeltrgd.jpg?resize=840%2C595&#038;ssl=1\" alt=\"\" class=\"wp-image-11215\" srcset=\"https:\/\/i0.wp.com\/sigedal.se\/wp-content\/uploads\/2023\/07\/Vikingstads-handeltrgd.jpg?resize=1024%2C725&amp;ssl=1 1024w, https:\/\/i0.wp.com\/sigedal.se\/wp-content\/uploads\/2023\/07\/Vikingstads-handeltrgd.jpg?resize=300%2C212&amp;ssl=1 300w, https:\/\/i0.wp.com\/sigedal.se\/wp-content\/uploads\/2023\/07\/Vikingstads-handeltrgd.jpg?resize=768%2C544&amp;ssl=1 768w, https:\/\/i0.wp.com\/sigedal.se\/wp-content\/uploads\/2023\/07\/Vikingstads-handeltrgd.jpg?resize=1536%2C1088&amp;ssl=1 1536w, https:\/\/i0.wp.com\/sigedal.se\/wp-content\/uploads\/2023\/07\/Vikingstads-handeltrgd.jpg?resize=2048%2C1450&amp;ssl=1 2048w, https:\/\/i0.wp.com\/sigedal.se\/wp-content\/uploads\/2023\/07\/Vikingstads-handeltrgd.jpg?resize=1200%2C850&amp;ssl=1 1200w, https:\/\/i0.wp.com\/sigedal.se\/wp-content\/uploads\/2023\/07\/Vikingstads-handeltrgd.jpg?w=1680&amp;ssl=1 1680w\" sizes=\"auto, (max-width: 709px) 85vw, (max-width: 909px) 67vw, (max-width: 1362px) 62vw, 840px\" \/><figcaption class=\"wp-element-caption\">Foto\u00e5r ok\u00e4nt. <\/figcaption><\/figure>\n\n\n\n<p>Efter namnbytet fr\u00e5n Gustaf Svenssons handelstr\u00e4dg\u00e5rd till Vikingstads Handelstr\u00e4dg\u00e5rd 1927 \u00f6vergick <a href=\"https:\/\/sigedal.se\/index.php\/gustav-svensson\/\" data-type=\"page\" data-id=\"11818\">Gustaf Svensson<\/a> ganska snart fr\u00e5n blandad kultur till n\u00e4stan enbart blommor och blev en mycket kunnig och v\u00e4lk\u00e4nd odlare med rykte om fin kvalit\u00e9 p\u00e5 sina varor. F\u00f6rman under m\u00e5nga \u00e5r hos honom var Einar Lilja.<\/p>\n\n\n\n<p>\u00c5r 1961 \u00e4ndrades r\u00f6relsen till aktiebolag och \u00f6vertogs av sonen <a href=\"https:\/\/sigedal.se\/index.php\/nils-svensson\/\" data-type=\"page\" data-id=\"11789\">Nils Svensson <\/a>och hans hustru Ingrid. De ut\u00f6kade och moderniserade tr\u00e4dg\u00e5rden ytterligare och \u00f6ppnade blomsterhandel. Gustaf Svensson dog 1963 och sedan \u00e5r 1982 arrenderar hans sonson Nils-Jakob Svensson tr\u00e4dg\u00e5rden f\u00f6r att \u00e5r 1986 frik\u00f6pa den fr\u00e5n sina f\u00f6r\u00e4ldrar.<\/p>\n\n\n\n<p>Handelstr\u00e4dg\u00e5rden \u00e4r nu nedlagd och v\u00e4xthusen rivna. Nu v\u00e4ntar annan bebyggelse h\u00e4r.<\/p>\n\n\n\n<figure class=\"wp-block-image size-full\"><img data-recalc-dims=\"1\" loading=\"lazy\" decoding=\"async\" width=\"640\" height=\"480\" src=\"https:\/\/i0.wp.com\/sigedal.se\/wp-content\/uploads\/2022\/08\/IMG_3006.jpg?resize=640%2C480&#038;ssl=1\" alt=\"\" class=\"wp-image-9173\" srcset=\"https:\/\/i0.wp.com\/sigedal.se\/wp-content\/uploads\/2022\/08\/IMG_3006.jpg?w=640&amp;ssl=1 640w, https:\/\/i0.wp.com\/sigedal.se\/wp-content\/uploads\/2022\/08\/IMG_3006.jpg?resize=300%2C225&amp;ssl=1 300w\" sizes=\"auto, (max-width: 640px) 85vw, 640px\" \/><\/figure>\n\n\n\n<figure class=\"wp-block-image size-full\"><img data-recalc-dims=\"1\" loading=\"lazy\" decoding=\"async\" width=\"640\" height=\"480\" src=\"https:\/\/i0.wp.com\/sigedal.se\/wp-content\/uploads\/2022\/08\/IMG_3008.jpg?resize=640%2C480&#038;ssl=1\" alt=\"\" class=\"wp-image-9174\" srcset=\"https:\/\/i0.wp.com\/sigedal.se\/wp-content\/uploads\/2022\/08\/IMG_3008.jpg?w=640&amp;ssl=1 640w, https:\/\/i0.wp.com\/sigedal.se\/wp-content\/uploads\/2022\/08\/IMG_3008.jpg?resize=300%2C225&amp;ssl=1 300w\" sizes=\"auto, (max-width: 640px) 85vw, 640px\" \/><\/figure>\n\n\n\n<figure class=\"wp-block-image size-full\"><img data-recalc-dims=\"1\" loading=\"lazy\" decoding=\"async\" width=\"640\" height=\"480\" src=\"https:\/\/i0.wp.com\/sigedal.se\/wp-content\/uploads\/2022\/08\/IMG_3009.jpg?resize=640%2C480&#038;ssl=1\" alt=\"\" class=\"wp-image-9175\" srcset=\"https:\/\/i0.wp.com\/sigedal.se\/wp-content\/uploads\/2022\/08\/IMG_3009.jpg?w=640&amp;ssl=1 640w, https:\/\/i0.wp.com\/sigedal.se\/wp-content\/uploads\/2022\/08\/IMG_3009.jpg?resize=300%2C225&amp;ssl=1 300w\" sizes=\"auto, (max-width: 640px) 85vw, 640px\" \/><\/figure>\n","protected":false},"excerpt":{"rendered":"<p>Efter namnbytet fr\u00e5n Gustaf Svenssons handelstr\u00e4dg\u00e5rd till Vikingstads Handelstr\u00e4dg\u00e5rd 1927 \u00f6vergick Gustaf Svensson ganska snart fr\u00e5n blandad kultur till n\u00e4stan enbart blommor och blev en mycket kunnig och v\u00e4lk\u00e4nd odlare med rykte om fin kvalit\u00e9 p\u00e5 sina varor. F\u00f6rman under m\u00e5nga \u00e5r hos honom var Einar Lilja. \u00c5r 1961 \u00e4ndrades r\u00f6relsen till aktiebolag och \u00f6vertogs &hellip; <a href=\"https:\/\/sigedal.se\/index.php\/vikingstad-handelstradgard\/\" class=\"more-link\">Forts\u00e4tt l\u00e4sa<span class=\"screen-reader-text\"> \u201dVikingstads Handelstr\u00e4dg\u00e5rd\u201d<\/span><\/a><\/p>\n","protected":false},"author":3,"featured_media":0,"parent":0,"menu_order":0,"comment_status":"closed","ping_status":"closed","template":"","meta":{"jetpack_post_was_ever_published":false,"footnotes":""},"class_list":["post-9170","page","type-page","status-publish","hentry"],"jetpack-related-posts":[{"id":13835,"url":"https:\/\/sigedal.se\/index.php\/odlaregatan-9-a-bjorkangen\/","url_meta":{"origin":9170,"position":0},"title":"Odlaregatan 9 A (Bj\u00f6rk\u00e4ngen)","author":"Kent","date":"2025-11-01","format":false,"excerpt":"Foto 1940-talet. Hyresfastighet uppf\u00f6rd 1937 av handelstr\u00e4dg\u00e5rdsm\u00e4stare Gustaf Svensson, t\u00e4nkt f\u00f6r anst\u00e4llda vid Vikingstads Handelstr\u00e4dg\u00e5rd. Foto Kent Sigedal 2021-12-01. L\u00e4genheterna var vid fototillf\u00e4llet uthyrda med s.k. rivningskontrakt. Brann ner till grunden 2024. Boende - levdeBodde h\u00e4rKom fr\u00e5n\/Flyttade till\u00d6vrigt","rel":"","context":"Liknande inl\u00e4gg","block_context":{"text":"Liknande inl\u00e4gg","link":""},"img":{"alt_text":"","src":"https:\/\/i0.wp.com\/sigedal.se\/wp-content\/uploads\/2025\/11\/Bjorkangen.png?resize=350%2C200&ssl=1","width":350,"height":200,"srcset":"https:\/\/i0.wp.com\/sigedal.se\/wp-content\/uploads\/2025\/11\/Bjorkangen.png?resize=350%2C200&ssl=1 1x, https:\/\/i0.wp.com\/sigedal.se\/wp-content\/uploads\/2025\/11\/Bjorkangen.png?resize=525%2C300&ssl=1 1.5x, https:\/\/i0.wp.com\/sigedal.se\/wp-content\/uploads\/2025\/11\/Bjorkangen.png?resize=700%2C400&ssl=1 2x"},"classes":[]},{"id":9168,"url":"https:\/\/sigedal.se\/index.php\/gustav-svenssons-handelstradgard\/","url_meta":{"origin":9170,"position":1},"title":"Gustaf Svenssons Handelstr\u00e4dg\u00e5rd","author":"Kent","date":"2022-08-15","format":false,"excerpt":"Efter att ha k\u00f6pt Rydbergs handelstr\u00e4dg\u00e5rd d\u00f6ptes den om och byggdes ut. Svensson var uppf\u00f6dd i Lyckeby p\u00e5 Listerlandet i Blekinge men kom n\u00e4rmast fr\u00e5n en mindre, arrenderad tr\u00e4dg\u00e5rd p\u00e5 V\u00e4stan\u00e5 g\u00e5rd i Borensberg. Han och hustrun Frida byggde till och ut\u00f6kade tr\u00e4dg\u00e5rden, s\u00e5 att den sysselsatte 16 man. N\u00e4r\u2026","rel":"","context":"Liknande inl\u00e4gg","block_context":{"text":"Liknande inl\u00e4gg","link":""},"img":{"alt_text":"","src":"","width":0,"height":0},"classes":[]},{"id":11818,"url":"https:\/\/sigedal.se\/index.php\/gustav-svensson\/","url_meta":{"origin":9170,"position":2},"title":"Gustaf Emanuel Svensson","author":"Kent","date":"2023-09-17","format":false,"excerpt":"F\u00f6dd \u00e5r 1893-08-25 i R\u00f6deby fs (Blekinge)D\u00f6d \u00e5r 1963-10-11 i VikingstadGift \u00e5r 1916-05-20 med Alfrida Albertina (1885-04-24 \u2013 1969-11-10)Far: Sven M\u00e5rtensson (1844-10-21 i L\u00f6sen fs, Blekinge -1897-10-30 i H\u00f6kam\u00e5la, R\u00f6deby fs, Blekinge)Mor: Charlotta Petersdotter (1847-11-08 i L\u00f6sen fs, Blekinge - 1931-08-05 i L\u00f6sen fs, Blekinge)Barn:\u00a0Nils (1917 -2006), Karin Brita Sylvia\u2026","rel":"","context":"Liknande inl\u00e4gg","block_context":{"text":"Liknande inl\u00e4gg","link":""},"img":{"alt_text":"","src":"https:\/\/i0.wp.com\/sigedal.se\/wp-content\/uploads\/2023\/09\/Gustaf-Svensson-med-familj.jpg?resize=350%2C200&ssl=1","width":350,"height":200,"srcset":"https:\/\/i0.wp.com\/sigedal.se\/wp-content\/uploads\/2023\/09\/Gustaf-Svensson-med-familj.jpg?resize=350%2C200&ssl=1 1x, https:\/\/i0.wp.com\/sigedal.se\/wp-content\/uploads\/2023\/09\/Gustaf-Svensson-med-familj.jpg?resize=525%2C300&ssl=1 1.5x, https:\/\/i0.wp.com\/sigedal.se\/wp-content\/uploads\/2023\/09\/Gustaf-Svensson-med-familj.jpg?resize=700%2C400&ssl=1 2x, https:\/\/i0.wp.com\/sigedal.se\/wp-content\/uploads\/2023\/09\/Gustaf-Svensson-med-familj.jpg?resize=1050%2C600&ssl=1 3x, https:\/\/i0.wp.com\/sigedal.se\/wp-content\/uploads\/2023\/09\/Gustaf-Svensson-med-familj.jpg?resize=1400%2C800&ssl=1 4x"},"classes":[]},{"id":8981,"url":"https:\/\/sigedal.se\/index.php\/vikingstad-fran-ovan\/","url_meta":{"origin":9170,"position":3},"title":"Vikingstad fr\u00e5n ovan","author":"Kent","date":"2022-08-11","format":false,"excerpt":"Flygfoton publicerade p\u00e5 denna sida har i f\u00f6rekommande fall en l\u00e4nk till dess sida p\u00e5 webbplatsen och\/eller d\u00e4r mer information finns. I framkant Bankebergs G\u00e4stgivareg\u00e5rd med Bankebergs Mellang\u00e5rd (hembygdsg\u00e5rden) och dess ladug\u00e5rd bakom. Troligen tidigt 1920-tal: Av Vikingstad finns \u00e4nnu inte s\u00e5 mycket. N\u00e5gra hus i n\u00e4rheten av stationen till\u2026","rel":"","context":"Liknande inl\u00e4gg","block_context":{"text":"Liknande inl\u00e4gg","link":""},"img":{"alt_text":"","src":"https:\/\/i0.wp.com\/sigedal.se\/wp-content\/uploads\/2022\/08\/Flygfoto_1.jpg?resize=350%2C200&ssl=1","width":350,"height":200,"srcset":"https:\/\/i0.wp.com\/sigedal.se\/wp-content\/uploads\/2022\/08\/Flygfoto_1.jpg?resize=350%2C200&ssl=1 1x, https:\/\/i0.wp.com\/sigedal.se\/wp-content\/uploads\/2022\/08\/Flygfoto_1.jpg?resize=525%2C300&ssl=1 1.5x, https:\/\/i0.wp.com\/sigedal.se\/wp-content\/uploads\/2022\/08\/Flygfoto_1.jpg?resize=700%2C400&ssl=1 2x, https:\/\/i0.wp.com\/sigedal.se\/wp-content\/uploads\/2022\/08\/Flygfoto_1.jpg?resize=1050%2C600&ssl=1 3x, https:\/\/i0.wp.com\/sigedal.se\/wp-content\/uploads\/2022\/08\/Flygfoto_1.jpg?resize=1400%2C800&ssl=1 4x"},"classes":[]},{"id":9163,"url":"https:\/\/sigedal.se\/index.php\/rydbergs-handelstradgard\/","url_meta":{"origin":9170,"position":4},"title":"Rydbergs Handelstr\u00e4dg\u00e5rd","author":"Kent","date":"2022-08-15","format":false,"excerpt":"Efter att ha l\u00e4mnat kompanjonskapet med Gunnar Eriksson och Bankebergs handelstr\u00e4dg\u00e5rd s\u00e5 byggde Olof Rydberg med sin fars hj\u00e4lp upp en ny tr\u00e4dg\u00e5rd och 1922 byggde han T\u00e4ppan i tysk jugendstil, samt n\u00e5gra mindre v\u00e4xthus. Efter bara fyra \u00e5r, 1926 s\u00e4ljer Olof Rydberg sin handelstr\u00e4dg\u00e5rd till Gustav Svensson. Nu heter\u2026","rel":"","context":"Liknande inl\u00e4gg","block_context":{"text":"Liknande inl\u00e4gg","link":""},"img":{"alt_text":"","src":"","width":0,"height":0},"classes":[]},{"id":1922,"url":"https:\/\/sigedal.se\/index.php\/tradgardsindustrin-i-vikingstad\/","url_meta":{"origin":9170,"position":5},"title":"Tr\u00e4dg\u00e5rdsindustrin i Vikingstad.","author":"Kent","date":"2021-03-31","format":false,"excerpt":"Den b\u00f6rdiga jorden och den rika tillg\u00e5ngen p\u00e5 grundvatten har troligen varit orsaken till att det vuxit upp ett flertal handelstr\u00e4dg\u00e5rdar i Vikingstad. F\u00f6retagen var under m\u00e5nga \u00e5r mycket blomstrande men under trycket av billig import och allt dyrare svensk arbetskraft blev det sv\u00e5rare med l\u00f6nsamheten. P\u00e5 senare tid har\u2026","rel":"","context":"Liknande inl\u00e4gg","block_context":{"text":"Liknande inl\u00e4gg","link":""},"img":{"alt_text":"","src":"","width":0,"height":0},"classes":[]}],"jetpack_sharing_enabled":true,"_links":{"self":[{"href":"https:\/\/sigedal.se\/index.php\/wp-json\/wp\/v2\/pages\/9170","targetHints":{"allow":["GET"]}}],"collection":[{"href":"https:\/\/sigedal.se\/index.php\/wp-json\/wp\/v2\/pages"}],"about":[{"href":"https:\/\/sigedal.se\/index.php\/wp-json\/wp\/v2\/types\/page"}],"author":[{"embeddable":true,"href":"https:\/\/sigedal.se\/index.php\/wp-json\/wp\/v2\/users\/3"}],"replies":[{"embeddable":true,"href":"https:\/\/sigedal.se\/index.php\/wp-json\/wp\/v2\/comments?post=9170"}],"version-history":[{"count":14,"href":"https:\/\/sigedal.se\/index.php\/wp-json\/wp\/v2\/pages\/9170\/revisions"}],"predecessor-version":[{"id":12597,"href":"https:\/\/sigedal.se\/index.php\/wp-json\/wp\/v2\/pages\/9170\/revisions\/12597"}],"wp:attachment":[{"href":"https:\/\/sigedal.se\/index.php\/wp-json\/wp\/v2\/media?parent=9170"}],"curies":[{"name":"wp","href":"https:\/\/api.w.org\/{rel}","templated":true}]}}