{"id":6403,"date":"2021-05-03T14:26:39","date_gmt":"2021-05-03T12:26:39","guid":{"rendered":"https:\/\/sigedal.se\/?page_id=6403"},"modified":"2021-05-03T14:26:39","modified_gmt":"2021-05-03T12:26:39","slug":"karlsson-anders-petter","status":"publish","type":"page","link":"https:\/\/sigedal.se\/index.php\/karlsson-anders-petter\/","title":{"rendered":"Karlsson Anders Petter"},"content":{"rendered":"\n<figure class=\"wp-block-table is-style-stripes\"><table><tbody><tr><td>F\u00f6dd \u00e5r 1858-04-27 i Vikingstad (Gustad Grantoppen)<\/td><\/tr><tr><td>D\u00f6d \u00e5r 19xx i USA Emigrerade 1928-11-03<\/td><\/tr><tr><td>Gift \u00e5r 1890-05-26 med Ahlstrand Johanna Cecilia (1867-01-13 &#8211; 19xx)<\/td><\/tr><tr><td>Far:\u00a0<a href=\"https:\/\/sigedal.se\/index.php\/andersson-karl-anders\/\" data-type=\"page\" data-id=\"3272\">Andersson\u00a0<strong>Karl<\/strong>\u00a0Anders<\/a><\/td><\/tr><tr><td>Mor:\u00a0<a href=\"https:\/\/sigedal.se\/index.php\/jacobsdotter-brita-lena\/\" data-type=\"page\" data-id=\"3969\">Jacobsdotter Brita Lena<\/a><\/td><\/tr><tr><td>Barn:&nbsp;Per Erik* (1890-11-15 &#8211; 19xx), Bror Werner* (1891-12-09 &#8211; 19xx), Sten Thure (1892-12-30 &#8211;&nbsp; )<\/td><\/tr><tr><td>Yrke:<\/td><\/tr><tr><td>Har bott i\u00a0<a href=\"https:\/\/sigedal.se\/index.php\/grantoppen\/\" data-type=\"page\" data-id=\"649\">Gustad Grantoppen<\/a><\/td><\/tr><tr><td>Fotografi tagit \u00e5r<\/td><\/tr><tr><td>Ber\u00e4ttelser<\/td><\/tr><tr><td>\u00d6vrigt<\/td><\/tr><tr><td>* = emigrerade till USA 1915<\/td><\/tr><\/tbody><\/table><\/figure>\n","protected":false},"excerpt":{"rendered":"<p>F\u00f6dd \u00e5r 1858-04-27 i Vikingstad (Gustad Grantoppen) D\u00f6d \u00e5r 19xx i USA Emigrerade 1928-11-03 Gift \u00e5r 1890-05-26 med Ahlstrand Johanna Cecilia (1867-01-13 &#8211; 19xx) Far:\u00a0Andersson\u00a0Karl\u00a0Anders Mor:\u00a0Jacobsdotter Brita Lena Barn:&nbsp;Per Erik* (1890-11-15 &#8211; 19xx), Bror Werner* (1891-12-09 &#8211; 19xx), Sten Thure (1892-12-30 &#8211;&nbsp; ) Yrke: Har bott i\u00a0Gustad Grantoppen Fotografi tagit \u00e5r Ber\u00e4ttelser \u00d6vrigt * = &hellip; <a href=\"https:\/\/sigedal.se\/index.php\/karlsson-anders-petter\/\" class=\"more-link\">Forts\u00e4tt l\u00e4sa<span class=\"screen-reader-text\"> \u201dKarlsson Anders Petter\u201d<\/span><\/a><\/p>\n","protected":false},"author":3,"featured_media":0,"parent":0,"menu_order":0,"comment_status":"closed","ping_status":"closed","template":"","meta":{"footnotes":""},"class_list":["post-6403","page","type-page","status-publish","hentry"],"jetpack-related-posts":[{"id":4139,"url":"https:\/\/sigedal.se\/index.php\/johansson-johan-fredrik\/","url_meta":{"origin":6403,"position":0},"title":"Johansson, Johan Fredrik","author":"Kent","date":"2021-04-13","format":false,"excerpt":"F\u00f6dd \u00e5r 1838-12-29 i Gunnorp, VikingstadD\u00f6d \u00e5r 19xx i USAGift \u00e5r 1xxx medFar: Johannes Nilsson (1797-1868)Mor: Maja-Lisa Persdotter (1802-1847)Barn:\u00a0Clara Matilda f. 1863-03-12 (se nedan)Yrke:Har bott i: Gunnorp Mellang\u00e5rdFotografi tagit \u00e5rBer\u00e4ttelser\u00d6vrigt. Blev mot sitt nekande tilld\u00f6md faderskapet till Clara Matilda 1864. Modern var piga p\u00e5 g\u00e5rden och hette Charlotta Johansdotter. Fadern,\u2026","rel":"","context":"Liknande inl\u00e4gg","block_context":{"text":"Liknande inl\u00e4gg","link":""},"img":{"alt_text":"","src":"","width":0,"height":0},"classes":[]},{"id":4018,"url":"https:\/\/sigedal.se\/index.php\/johansdotter-amanda-lovisa\/","url_meta":{"origin":6403,"position":1},"title":"Johansdotter Amanda Lovisa","author":"Kent","date":"2021-04-13","format":false,"excerpt":"F\u00f6dd \u00e5r 1865-07-18 i Gammalkil (L:a Kyrkehall)D\u00f6d \u00e5r 1931-03-19 i Vikingstad (Gustad Grindstugan)Gift \u00e5r 1886-10-24 med Karlsson Karl GustavFar: Johansson Johan (\u00a0 - 1901-02-01 i Gammalkil)Mor: Eva Kristina Persdotter\u00a0Barn:\u00a0Carl Helmer (1887-07-31 - 1960), Edvin Emanuel (1889-07-24 - 1893-07-12), M\u00e4rta Alfrida* (1890-11-08 - 19xx), Jenny Amanda (1892-10-07 - 1893-05-09), Eva Maria*\u2026","rel":"","context":"Liknande inl\u00e4gg","block_context":{"text":"Liknande inl\u00e4gg","link":""},"img":{"alt_text":"","src":"","width":0,"height":0},"classes":[]},{"id":3272,"url":"https:\/\/sigedal.se\/index.php\/andersson-karl-anders\/","url_meta":{"origin":6403,"position":2},"title":"Andersson Karl Anders","author":"Kent","date":"2021-04-08","format":false,"excerpt":"F\u00f6dd \u00e5r 1822-12-25 i Vikingstad (Gustad Grantoppen)D\u00f6d \u00e5r 1885-03-04 i Vikingstad (Gustad Grantoppen)Gift \u00e5r 1852-11-17 med Brita Lena JacobsdotterFar: Karlsson Anders (1797 - 1838)Mor: Samuelsdotter Maja (1782- )Barn:\u00a0Johanna (1856-02-16 - 1944), Anders Petter* (1858-04-27 - 19xx) utvandrar till USA 1928, Karolina (1860-05-01 - 1938-02-07), Karl Gustav (1862-03-09 - 1940-01-12), Johan\u2026","rel":"","context":"Liknande inl\u00e4gg","block_context":{"text":"Liknande inl\u00e4gg","link":""},"img":{"alt_text":"","src":"","width":0,"height":0},"classes":[]},{"id":1754,"url":"https:\/\/sigedal.se\/index.php\/johanna-brodd\/","url_meta":{"origin":6403,"position":3},"title":"Johanna Brodd (f Persdotter)","author":"Kent","date":"2021-03-30","format":false,"excerpt":"F\u00f6dd \u00e5r 1868-01-21 i KristbergD\u00f6d \u00e5r 1948-06-03 i VikingstadGift \u00e5r 1901-12-17 i New York med Karl Alfred Brodd (1881-02-20 - 1960-05-11)Far:Mor:Barn:\u00a0Florence (1902 -\u00a01988 ), Dagmar (1904 - 1932), Carl Georg (1906 -\u00a0 ), Sigrid (1908 - ), Carl Gunnar (1910 - ), Carl Lennart (1914 - ), Margareta\u00a0Yrke:Har bott i\u2026","rel":"","context":"Liknande inl\u00e4gg","block_context":{"text":"Liknande inl\u00e4gg","link":""},"img":{"alt_text":"","src":"https:\/\/i0.wp.com\/sigedal.se\/wp-content\/uploads\/2021\/03\/vk5206liten.jpg?resize=350%2C200&ssl=1","width":350,"height":200},"classes":[]},{"id":4644,"url":"https:\/\/sigedal.se\/index.php\/karlsson-karl-gustav\/","url_meta":{"origin":6403,"position":4},"title":"Karlsson, Karl-Gustav","author":"Kent","date":"2021-04-17","format":false,"excerpt":"Fotografi tagit \u00e5r 1933 Foto nr 177 ur \u00d6sten Allerts Samlingar tillh\u00f6rande Vikingstad Hembygdsf\u00f6rening Karl-Gustav Karlsson (\"Kalle i Grindstugan\") tillsammans med sin dotter dotter Inga. P\u00e5 rockuppslaget b\u00e4r Kalle Patriotiska s\u00e4llskapets medalj som han fick p\u00e5 f\u00f6rslag av f\u00f6rsamlingen d\u00e4r han arbetade i 50 \u00e5r. Fotografiet har vi f\u00e5tt l\u00e5na\u2026","rel":"","context":"Liknande inl\u00e4gg","block_context":{"text":"Liknande inl\u00e4gg","link":""},"img":{"alt_text":"","src":"https:\/\/i0.wp.com\/sigedal.se\/wp-content\/uploads\/2021\/03\/vk5184liten.jpg?resize=350%2C200&ssl=1","width":350,"height":200,"srcset":"https:\/\/i0.wp.com\/sigedal.se\/wp-content\/uploads\/2021\/03\/vk5184liten.jpg?resize=350%2C200&ssl=1 1x, https:\/\/i0.wp.com\/sigedal.se\/wp-content\/uploads\/2021\/03\/vk5184liten.jpg?resize=525%2C300&ssl=1 1.5x"},"classes":[]},{"id":3969,"url":"https:\/\/sigedal.se\/index.php\/jacobsdotter-brita-lena\/","url_meta":{"origin":6403,"position":5},"title":"Jacobsdotter Brita Lena","author":"Kent","date":"2021-04-12","format":false,"excerpt":"F\u00f6dd \u00e5r 1831-03-06 i Nykil (Berget under Ullstorp)D\u00f6d \u00e5r 1911-01-08 i Vikingstad (Gustad Grantoppen)Gift \u00e5r 1852-11-17 med Karl Anders Andersson (1822 - 1885)Far:Mor:Barn:\u00a0Johanna (1856-02-16 - 1944), Anders Petter (1858-04-27 - 19xx) utvandrar till USA 1928, Karolina (1860-05-01 - 1938-02-07), Karl Gustav (1862-03-09 - 1940-01-12), Johan Fredrik (1864-08-10 - 1944-10-06), Anna\u2026","rel":"","context":"Liknande inl\u00e4gg","block_context":{"text":"Liknande inl\u00e4gg","link":""},"img":{"alt_text":"","src":"","width":0,"height":0},"classes":[]}],"jetpack_sharing_enabled":true,"_links":{"self":[{"href":"https:\/\/sigedal.se\/index.php\/wp-json\/wp\/v2\/pages\/6403","targetHints":{"allow":["GET"]}}],"collection":[{"href":"https:\/\/sigedal.se\/index.php\/wp-json\/wp\/v2\/pages"}],"about":[{"href":"https:\/\/sigedal.se\/index.php\/wp-json\/wp\/v2\/types\/page"}],"author":[{"embeddable":true,"href":"https:\/\/sigedal.se\/index.php\/wp-json\/wp\/v2\/users\/3"}],"replies":[{"embeddable":true,"href":"https:\/\/sigedal.se\/index.php\/wp-json\/wp\/v2\/comments?post=6403"}],"version-history":[{"count":1,"href":"https:\/\/sigedal.se\/index.php\/wp-json\/wp\/v2\/pages\/6403\/revisions"}],"predecessor-version":[{"id":6404,"href":"https:\/\/sigedal.se\/index.php\/wp-json\/wp\/v2\/pages\/6403\/revisions\/6404"}],"wp:attachment":[{"href":"https:\/\/sigedal.se\/index.php\/wp-json\/wp\/v2\/media?parent=6403"}],"curies":[{"name":"wp","href":"https:\/\/api.w.org\/{rel}","templated":true}]}}