{"id":6137,"date":"2021-04-30T19:17:07","date_gmt":"2021-04-30T17:17:07","guid":{"rendered":"https:\/\/sigedal.se\/?page_id=6137"},"modified":"2021-04-30T19:35:25","modified_gmt":"2021-04-30T17:35:25","slug":"aberg-karl","status":"publish","type":"page","link":"https:\/\/sigedal.se\/index.php\/aberg-karl\/","title":{"rendered":"\u00c5berg Karl"},"content":{"rendered":"\n<figure class=\"wp-block-table is-style-stripes\"><table><tbody><tr><td>F\u00f6dd \u00e5r 1829-01-03 i V\u00e5rdn\u00e4s<\/td><td><\/td><\/tr><tr><td>D\u00f6d \u00e5r 1921-11-01 Gunnorp B\u00e4ckg\u00e5rd \u00e5lderdomshem<\/td><td><\/td><\/tr><tr><td>Gift \u00e5r 1821 med Anna Stina Persdotter (1817-12-17 i Nykil &#8211; 1896)<\/td><td><\/td><\/tr><tr><td>Far:<\/td><td><\/td><\/tr><tr><td>Mor:<\/td><td><\/td><\/tr><tr><td>Barn:&nbsp;<\/td><td><\/td><\/tr><tr><td>Yrke: Arbetare<\/td><td><\/td><\/tr><tr><td>Har bott i: <a href=\"https:\/\/sigedal.se\/index.php\/gustad-stenstugan\/\" data-type=\"page\" data-id=\"6141\">Gustad Stenstugan<\/a><\/td><\/tr><\/tbody><\/table><\/figure>\n","protected":false},"excerpt":{"rendered":"<p>F\u00f6dd \u00e5r 1829-01-03 i V\u00e5rdn\u00e4s D\u00f6d \u00e5r 1921-11-01 Gunnorp B\u00e4ckg\u00e5rd \u00e5lderdomshem Gift \u00e5r 1821 med Anna Stina Persdotter (1817-12-17 i Nykil &#8211; 1896) Far: Mor: Barn:&nbsp; Yrke: Arbetare Har bott i: Gustad Stenstugan<\/p>\n","protected":false},"author":3,"featured_media":0,"parent":0,"menu_order":0,"comment_status":"closed","ping_status":"closed","template":"","meta":{"footnotes":""},"class_list":["post-6137","page","type-page","status-publish","hentry"],"jetpack-related-posts":[{"id":3464,"url":"https:\/\/sigedal.se\/index.php\/collberg-anders\/","url_meta":{"origin":6137,"position":0},"title":"Collberg Anders","author":"Kent","date":"2021-04-09","format":false,"excerpt":"F\u00f6dd \u00e5r 1751-09-23 i H\u00e4gerstadD\u00f6d \u00e5r 1820-10-29Gift \u00e5r 1786-06-09 med Christina Brunwall (1758-08-14 - 1837-06-15)Far: Anders Collberg, bondeMor: Ingrid Haraldsdotter-KindeliusBarn:\u00a0Maria Eleonora (1787 - 1790-03-19)Yrke: Kyrkoherde i Vikingstad 1794-1820. \u00c5r 1800-01-29 utn\u00e4mnd till prostHar bott iFotografi tagit \u00e5rBer\u00e4ttelser: Omkring \u00e5r 1800 var paret hyresg\u00e4ster p\u00e5 Opplunda\u00d6vrigt: Stud. i Lund 1772, fil.mag.\u2026","rel":"","context":"Liknande inl\u00e4gg","block_context":{"text":"Liknande inl\u00e4gg","link":""},"img":{"alt_text":"","src":"","width":0,"height":0},"classes":[]},{"id":12868,"url":"https:\/\/sigedal.se\/index.php\/flink-oskar-fredrik\/","url_meta":{"origin":6137,"position":1},"title":"Flink Oskar Fredrik","author":"Kent","date":"2025-03-17","format":false,"excerpt":"F\u00f6dd \u00e5r 1858-02-07 i Nykil (Frillesbo torp)D\u00f6d \u00e5r 1935-01-09 i Tillorp V\u00e4gstorpGift \u00e5r: 1885-05-01 med Katarina Wilhelmina Rylander (1861-10-05 i Nykil \u2013 1943-07-15 i V\u00e4gstorp)Far: Livgrenadj\u00e4r Anders Petter FlinkMor: Carola Josefina SvensdotterBarn:\u00a0 David Georg* (1887-06-02 - ), Paul** Fredrik Rickard (1890-03-23 - ), Enoch Valentin (1892-01-13 - ), Oscar Anton\u2026","rel":"","context":"Liknande inl\u00e4gg","block_context":{"text":"Liknande inl\u00e4gg","link":""},"img":{"alt_text":"","src":"","width":0,"height":0},"classes":[]},{"id":9744,"url":"https:\/\/sigedal.se\/index.php\/andersson-arvid-andreas\/","url_meta":{"origin":6137,"position":2},"title":"Andersson Arvid Andreas","author":"Kent","date":"2022-10-08","format":false,"excerpt":"Arvid och Ebbas br\u00f6llopsfoto 1918. F\u00f6dd \u00e5r 1882-02-20 i GammalkilD\u00f6d \u00e5r 1952-04-01 i Vikingstad, Sk\u00f6lstad s\u00e4teriGift \u00e5r 1918-06-05 med\u00a0Ebba Elisabet Johansson 1895-08-08 \u2013 1981-08-01)Far: Johan A. Andersson (1882 - 1952)Mor: Charlotta Eleonora Andersson (1895-08-08 - 1981-08-01)Barn: Arvid\u00a0Georg (1919-04-13 - 2008-01-28), Barbro Ebba Charlotta (1922-05-12 - 2000-08-11)Yrke: JordbrukareHar bott i\u00a0Sk\u00f6lstad s\u00e4teri\u2026","rel":"","context":"Liknande inl\u00e4gg","block_context":{"text":"Liknande inl\u00e4gg","link":""},"img":{"alt_text":"","src":"https:\/\/i0.wp.com\/sigedal.se\/wp-content\/uploads\/2022\/10\/Ebba-och-Arvid-Andersson_Skolstad-scaled.jpg?resize=350%2C200&ssl=1","width":350,"height":200,"srcset":"https:\/\/i0.wp.com\/sigedal.se\/wp-content\/uploads\/2022\/10\/Ebba-och-Arvid-Andersson_Skolstad-scaled.jpg?resize=350%2C200&ssl=1 1x, https:\/\/i0.wp.com\/sigedal.se\/wp-content\/uploads\/2022\/10\/Ebba-och-Arvid-Andersson_Skolstad-scaled.jpg?resize=525%2C300&ssl=1 1.5x, https:\/\/i0.wp.com\/sigedal.se\/wp-content\/uploads\/2022\/10\/Ebba-och-Arvid-Andersson_Skolstad-scaled.jpg?resize=700%2C400&ssl=1 2x, https:\/\/i0.wp.com\/sigedal.se\/wp-content\/uploads\/2022\/10\/Ebba-och-Arvid-Andersson_Skolstad-scaled.jpg?resize=1050%2C600&ssl=1 3x, https:\/\/i0.wp.com\/sigedal.se\/wp-content\/uploads\/2022\/10\/Ebba-och-Arvid-Andersson_Skolstad-scaled.jpg?resize=1400%2C800&ssl=1 4x"},"classes":[]},{"id":4703,"url":"https:\/\/sigedal.se\/index.php\/karlsson-timar\/","url_meta":{"origin":6137,"position":3},"title":"Karlsson Oskar Julius Timar","author":"Kent","date":"2021-04-18","format":false,"excerpt":"F\u00f6dd \u00e5r 1883-12-24 i NykilD\u00f6d \u00e5r 1956-01-11 i \u00c5sarp LindesbergGift \u00e5r 1914-10-18 med Anna Charlotta Johansson (1889-01-13 i Nykil - )Far: Skomakare Karl Oskar NilssonMor: Johanna Kristina Andersdotter Barn:\u00a0Aina Viola (1916-01-02 i K\u00e4rna - ), Ejvor Virginia (1920-06-14 i Vikingstad - )Yrke: MurareHar bott i Nybble Smedstorp (ca 1919), \u00c5sarp\u2026","rel":"","context":"Liknande inl\u00e4gg","block_context":{"text":"Liknande inl\u00e4gg","link":""},"img":{"alt_text":"","src":"","width":0,"height":0},"classes":[]},{"id":12893,"url":"https:\/\/sigedal.se\/index.php\/rylander-katarina-wilhelmina\/","url_meta":{"origin":6137,"position":4},"title":"Rylander Katarina Wilhelmina","author":"Kent","date":"2025-03-18","format":false,"excerpt":"F\u00f6dd \u00e5r 1861-10-05 i Nykil (Wallsn\u00e4s)D\u00f6d \u00e5r 1943-07-15 i Tillorp V\u00e4gstorpGift \u00e5r: 1885-05-01 Oskar Fredrik Flink 1858-02-07 - 1935-01-09Far: Tr\u00e4dg\u00e5rdsm\u00e4stare Fredrik Rylander (1822-10-15 i Skeda - 1890-08-09) bor p\u00e5 Wallsn\u00e4s Rusth\u00e5ll. Gift 1847-10-17 medMor: Maja Greta M\u00e5nsdotter (1820-12-31 i Skeda - 1913-10-12)Barn:\u00a0David Georg (1887-06-02 \u2013 ), Paul Fredrik Rickard (1890-03-23\u2026","rel":"","context":"Liknande inl\u00e4gg","block_context":{"text":"Liknande inl\u00e4gg","link":""},"img":{"alt_text":"","src":"","width":0,"height":0},"classes":[]},{"id":3091,"url":"https:\/\/sigedal.se\/index.php\/andersdotter-kerstin\/","url_meta":{"origin":6137,"position":5},"title":"Andersdotter Kerstin","author":"Kent","date":"2021-04-07","format":false,"excerpt":"F\u00f6dd \u00e5r 1765-06-17 i Vikingstad (Gismestad)D\u00f6d \u00e5r 1818-01-03 i Gammalkil (Unnerstad)Gift \u00e5r 1787-01-19 med Nils Bengtsson (1765-11-23 - 1806-04-08)Far:Mor:Barn:\u00a0Yrke:Har bott i GismestadFotografi tagit \u00e5rBer\u00e4ttelser\u00d6vrigt","rel":"","context":"Liknande inl\u00e4gg","block_context":{"text":"Liknande inl\u00e4gg","link":""},"img":{"alt_text":"","src":"","width":0,"height":0},"classes":[]}],"jetpack_sharing_enabled":true,"_links":{"self":[{"href":"https:\/\/sigedal.se\/index.php\/wp-json\/wp\/v2\/pages\/6137","targetHints":{"allow":["GET"]}}],"collection":[{"href":"https:\/\/sigedal.se\/index.php\/wp-json\/wp\/v2\/pages"}],"about":[{"href":"https:\/\/sigedal.se\/index.php\/wp-json\/wp\/v2\/types\/page"}],"author":[{"embeddable":true,"href":"https:\/\/sigedal.se\/index.php\/wp-json\/wp\/v2\/users\/3"}],"replies":[{"embeddable":true,"href":"https:\/\/sigedal.se\/index.php\/wp-json\/wp\/v2\/comments?post=6137"}],"version-history":[{"count":4,"href":"https:\/\/sigedal.se\/index.php\/wp-json\/wp\/v2\/pages\/6137\/revisions"}],"predecessor-version":[{"id":6151,"href":"https:\/\/sigedal.se\/index.php\/wp-json\/wp\/v2\/pages\/6137\/revisions\/6151"}],"wp:attachment":[{"href":"https:\/\/sigedal.se\/index.php\/wp-json\/wp\/v2\/media?parent=6137"}],"curies":[{"name":"wp","href":"https:\/\/api.w.org\/{rel}","templated":true}]}}