{"id":5945,"date":"2021-04-30T13:16:27","date_gmt":"2021-04-30T11:16:27","guid":{"rendered":"https:\/\/sigedal.se\/?page_id=5945"},"modified":"2021-08-29T23:19:20","modified_gmt":"2021-08-29T21:19:20","slug":"sabel-nils","status":"publish","type":"page","link":"https:\/\/sigedal.se\/index.php\/sabel-nils\/","title":{"rendered":"Sabel Nils"},"content":{"rendered":"\n<figure class=\"wp-block-table is-style-stripes\"><table><tbody><tr><td>F\u00f6dd \u00e5r 1819-01-12 i Nykil<\/td><\/tr><tr><td>D\u00f6d \u00e5r 1901-03-12 i Bankeberg<\/td><\/tr><tr><td>Gift \u00e5r 1847 med Lotta f Jacobsdotter<\/td><\/tr><tr><td>Far:<\/td><\/tr><tr><td>Mor:<\/td><\/tr><tr><td>Barn:&nbsp;<a href=\"https:\/\/sigedal.se\/index.php\/sabel-malkina\/\" data-type=\"page\" data-id=\"5951\">Malkina<\/a> f 1849-02-07 i Bankeberg<\/td><\/tr><tr><td>Yrke: Skr\u00e4ddare, tidigare dr\u00e4ng hos g\u00e4stgivare Anders Jonsson.<\/td><\/tr><tr><td>Har bott i <a href=\"https:\/\/sigedal.se\/index.php\/nybygget\/\" data-type=\"page\" data-id=\"1530\">Bankeberg Nybygget<\/a><\/td><\/tr><tr><td>Fotografi tagit \u00e5r<\/td><\/tr><tr><td>Ber\u00e4ttelser<\/td><\/tr><tr><td>\u00d6vrigt<\/td><\/tr><\/tbody><\/table><\/figure>\n","protected":false},"excerpt":{"rendered":"<p>F\u00f6dd \u00e5r 1819-01-12 i Nykil D\u00f6d \u00e5r 1901-03-12 i Bankeberg Gift \u00e5r 1847 med Lotta f Jacobsdotter Far: Mor: Barn:&nbsp;Malkina f 1849-02-07 i Bankeberg Yrke: Skr\u00e4ddare, tidigare dr\u00e4ng hos g\u00e4stgivare Anders Jonsson. Har bott i Bankeberg Nybygget Fotografi tagit \u00e5r Ber\u00e4ttelser \u00d6vrigt<\/p>\n","protected":false},"author":3,"featured_media":0,"parent":0,"menu_order":0,"comment_status":"closed","ping_status":"closed","template":"","meta":{"jetpack_post_was_ever_published":false,"footnotes":""},"class_list":["post-5945","page","type-page","status-publish","hentry"],"jetpack-related-posts":[{"id":3349,"url":"https:\/\/sigedal.se\/index.php\/bank-anton-johan\/","url_meta":{"origin":5945,"position":0},"title":"Bank Anton Johan","author":"Kent","date":"2021-04-08","format":false,"excerpt":"F\u00f6dd \u00e5r 1821-12-12 i RappestadD\u00f6d \u00e5r 1875-12-15 Vikingstad (Rakered Grenadj\u00e4rtorp nr 49)Gift \u00e5r 18xx med Anna Cajsa Olofsdotter (f 1821 i Nykil)Far:Mor:Barn:\u00a0Johan (f 1845), August (f 1848), tvillingarna Anna Catarina och Carl Magnus (f 1851), Christina (f 1854)Yrke: SoldatHar bott i Boo rote, 1850 till Rakered Grenadj\u00e4rtorp nr 49Fotografi tagit\u2026","rel":"","context":"Liknande inl\u00e4gg","block_context":{"text":"Liknande inl\u00e4gg","link":""},"img":{"alt_text":"","src":"","width":0,"height":0},"classes":[]},{"id":6118,"url":"https:\/\/sigedal.se\/index.php\/widell-christina-carolina\/","url_meta":{"origin":5945,"position":1},"title":"Widell Christina Carolina","author":"Kent","date":"2021-04-30","format":false,"excerpt":"F\u00f6dd \u00e5r 1836-12-09 i S:t LarsD\u00f6d \u00e5r 1912-12-16 i VikingstadGift \u00e5r 1859-10-11 med Anders Johan AnderssonFar: Anders WidellMor: Anna Christina JohansdotterBarn:\u00a0\u00a0Anna Carolina f 1861; Johanna Christina f 1864; Carl Johan f 1865; August Theodor f 1867; Klara Sofia f 1870; Anders Wilhelm f 1872Yrke:Har bott i: Gustad SmedstorpFotografi tagit \u00e5rBer\u00e4ttelser\u00d6vrigt","rel":"","context":"Liknande inl\u00e4gg","block_context":{"text":"Liknande inl\u00e4gg","link":""},"img":{"alt_text":"","src":"","width":0,"height":0},"classes":[]},{"id":5365,"url":"https:\/\/sigedal.se\/index.php\/nilsdotter-anna-maja\/","url_meta":{"origin":5945,"position":2},"title":"Nilsdotter Anna Maja","author":"Kent","date":"2021-04-24","format":false,"excerpt":"F\u00f6dd \u00e5r 1822-02-17 i SlakaD\u00f6d \u00e5r 1xxx iGift \u00e5r 1842-06-10 med Rusth\u00e5llaren Anders Wallerstedt (f 1818-04-07 i Vikingstad - 1900-12-31 i Kvarstad)Far:Mor:Barn:\u00a0Anders Theodor (f 1843-09-10), Carl Johan (f 1846-01-05), Nils Gustaf (f 1847-09-12), August Wilhelm (f 1852-08-23), Augusta Natalia (f 1859-09-27), Elin Amalia (f 1860-09-27)Yrke:Har bott i Kvarstad Rusth\u00e5ll (1842\u2026","rel":"","context":"Liknande inl\u00e4gg","block_context":{"text":"Liknande inl\u00e4gg","link":""},"img":{"alt_text":"","src":"","width":0,"height":0},"classes":[]},{"id":6021,"url":"https:\/\/sigedal.se\/index.php\/andersdotter-brita-3\/","url_meta":{"origin":5945,"position":3},"title":"Andersdotter Brita","author":"Kent","date":"2021-04-30","format":false,"excerpt":"F\u00f6dd \u00e5r 1744-08-05 i RappestadD\u00f6d \u00e5r 1818 iGift \u00e5r 17xx med\u00a0Sven Jonsson\u00a0(f 1736 i Rappestad - 1812)Far:Mor:Barn:\u00a0Anna\u00a0(1770-12-12 i Rappestad), Jonas (1773-01-03 i Rappestad),\u00a0Anders\u00a0(f 1778),\u00a0Maria\u00a0(f 1779), Nils (f 1783)Yrke:Har bott i\u00a0Gustad Aspeg\u00e5rd\u00a0(1775 -Fotografi tagit \u00e5rBer\u00e4ttelser\u00d6vrigt: \u00c4ger \u00bc \u00e5r 1775. Bor kvar efter sin mans d\u00f6d 1812.","rel":"","context":"Liknande inl\u00e4gg","block_context":{"text":"Liknande inl\u00e4gg","link":""},"img":{"alt_text":"","src":"","width":0,"height":0},"classes":[]},{"id":7628,"url":"https:\/\/sigedal.se\/index.php\/magni-gunnar\/","url_meta":{"origin":5945,"position":4},"title":"Magni Gunnar","author":"Kent","date":"2021-07-23","format":false,"excerpt":"F\u00f6dd \u00e5r 1889-03-03 i VikingstadD\u00f6d \u00e5r 1981-12-03 i R\u00f6nningeGift \u00e5r 1928-05-05 med Signe Maria f. S\u00f6lv\u00e9n (1895-01-12 -1979-09-12)Far: Magni KlasMor: Katarina T\u00f6rnqvist Barn:\u00a0Klas (f 1934-02-28 - )Yrke: Ingenj\u00f6rHar bott i Rakereds Storg\u00e5rd (1889 - 1908) d\u00e5 han flyttar till Link\u00f6pingBer\u00e4ttelser:\u00d6vrigt:","rel":"","context":"Liknande inl\u00e4gg","block_context":{"text":"Liknande inl\u00e4gg","link":""},"img":{"alt_text":"","src":"https:\/\/i0.wp.com\/sigedal.se\/wp-content\/uploads\/2021\/07\/G-Magni.jpg?resize=350%2C200&ssl=1","width":350,"height":200,"srcset":"https:\/\/i0.wp.com\/sigedal.se\/wp-content\/uploads\/2021\/07\/G-Magni.jpg?resize=350%2C200&ssl=1 1x, https:\/\/i0.wp.com\/sigedal.se\/wp-content\/uploads\/2021\/07\/G-Magni.jpg?resize=525%2C300&ssl=1 1.5x, https:\/\/i0.wp.com\/sigedal.se\/wp-content\/uploads\/2021\/07\/G-Magni.jpg?resize=700%2C400&ssl=1 2x"},"classes":[]},{"id":4753,"url":"https:\/\/sigedal.se\/index.php\/karlsdotter-karolina\/","url_meta":{"origin":5945,"position":5},"title":"Karlsdotter Karolina","author":"Kent","date":"2021-04-18","format":false,"excerpt":"F\u00f6dd \u00e5r 1858-10-10 i KisaD\u00f6d \u00e5r 19xx iGift \u00e5r 1844 med livgrenadj\u00e4ren och arrendatorn O A Will\u00e9n (f 1862-06-12)Far:Mor:Barn:\u00a0Albert Herman (f 1887-07-12 i K\u00e4rna), Oskar Alrik (f 1889-08-25 i K\u00e4rna), Erik Johan (f 1892-05-31 i K\u00e4rna) och tvillingarna Ernst Otto Emanuel och Elsa Regina Karolina (f 1894-09-07 i V\u00e5nga)Yrke:Har bott\u2026","rel":"","context":"Liknande inl\u00e4gg","block_context":{"text":"Liknande inl\u00e4gg","link":""},"img":{"alt_text":"","src":"","width":0,"height":0},"classes":[]}],"jetpack_sharing_enabled":true,"_links":{"self":[{"href":"https:\/\/sigedal.se\/index.php\/wp-json\/wp\/v2\/pages\/5945","targetHints":{"allow":["GET"]}}],"collection":[{"href":"https:\/\/sigedal.se\/index.php\/wp-json\/wp\/v2\/pages"}],"about":[{"href":"https:\/\/sigedal.se\/index.php\/wp-json\/wp\/v2\/types\/page"}],"author":[{"embeddable":true,"href":"https:\/\/sigedal.se\/index.php\/wp-json\/wp\/v2\/users\/3"}],"replies":[{"embeddable":true,"href":"https:\/\/sigedal.se\/index.php\/wp-json\/wp\/v2\/comments?post=5945"}],"version-history":[{"count":5,"href":"https:\/\/sigedal.se\/index.php\/wp-json\/wp\/v2\/pages\/5945\/revisions"}],"predecessor-version":[{"id":7875,"href":"https:\/\/sigedal.se\/index.php\/wp-json\/wp\/v2\/pages\/5945\/revisions\/7875"}],"wp:attachment":[{"href":"https:\/\/sigedal.se\/index.php\/wp-json\/wp\/v2\/media?parent=5945"}],"curies":[{"name":"wp","href":"https:\/\/api.w.org\/{rel}","templated":true}]}}