{"id":5681,"date":"2021-04-27T15:38:40","date_gmt":"2021-04-27T13:38:40","guid":{"rendered":"https:\/\/sigedal.se\/?page_id=5681"},"modified":"2021-04-27T15:38:40","modified_gmt":"2021-04-27T13:38:40","slug":"jonas-persson","status":"publish","type":"page","link":"https:\/\/sigedal.se\/index.php\/jonas-persson\/","title":{"rendered":"Jonas Persson"},"content":{"rendered":"\n<figure class=\"wp-block-table is-style-stripes\"><table><tbody><tr><td>F\u00f6dd \u00e5r 1746 i<\/td><\/tr><tr><td>D\u00f6d \u00e5r 1xxx i<\/td><\/tr><tr><td>Gift \u00e5r 17xx med <a href=\"https:\/\/sigedal.se\/index.php\/maria-jonsdotter\/\" data-type=\"page\" data-id=\"5541\">Maria J\u00f6nsdotter<\/a> (1754-xxxx)<\/td><\/tr><tr><td>Far:<\/td><\/tr><tr><td>Mor:<\/td><\/tr><tr><td>Barn:&nbsp;<\/td><\/tr><tr><td>Yrke:<\/td><\/tr><tr><td>Har bott i <a href=\"https:\/\/sigedal.se\/index.php\/gustad-aspegpard\/\" data-type=\"page\" data-id=\"608\">Gustad Aspeg\u00e5rd<\/a><\/td><\/tr><tr><td>Fotografi tagit \u00e5r<\/td><\/tr><tr><td>Ber\u00e4ttelser<\/td><\/tr><tr><td>\u00d6vrigt<\/td><\/tr><\/tbody><\/table><\/figure>\n","protected":false},"excerpt":{"rendered":"<p>F\u00f6dd \u00e5r 1746 i D\u00f6d \u00e5r 1xxx i Gift \u00e5r 17xx med Maria J\u00f6nsdotter (1754-xxxx) Far: Mor: Barn:&nbsp; Yrke: Har bott i Gustad Aspeg\u00e5rd Fotografi tagit \u00e5r Ber\u00e4ttelser \u00d6vrigt<\/p>\n","protected":false},"author":3,"featured_media":0,"parent":0,"menu_order":0,"comment_status":"closed","ping_status":"closed","template":"","meta":{"jetpack_post_was_ever_published":false,"footnotes":""},"class_list":["post-5681","page","type-page","status-publish","hentry"],"jetpack-related-posts":[{"id":3537,"url":"https:\/\/sigedal.se\/index.php\/erici-marqvardus\/","url_meta":{"origin":5681,"position":0},"title":"Erici Marqvardus","author":"Kent","date":"2021-04-09","format":false,"excerpt":"F\u00f6dd \u00e5r 14xx iD\u00f6d \u00e5r 1540 iGift \u00e5r 1xxx medFar:Mor:Barn:\u00a0Yrke: KyrkoherdeHar bott iFotografi tagit \u00e5rBer\u00e4ttelser\u00d6vrigt: War 1523 kyrkoherde i \u00d6.Skrukeby sedan h\u00e4r socknepr\u00e4st 1527, war vid pr\u00e4stm\u00f6tet \u00e5r 1526. Blef \u00e5r 1528 afsatt ifr\u00e5n \u00e4mbetet, emedan han icke ville eller icke kunde predika Evangelium. Kom dock sedan thertil och lefde\u2026","rel":"","context":"Liknande inl\u00e4gg","block_context":{"text":"Liknande inl\u00e4gg","link":""},"img":{"alt_text":"","src":"","width":0,"height":0},"classes":[]},{"id":5446,"url":"https:\/\/sigedal.se\/index.php\/olavi-petrus\/","url_meta":{"origin":5681,"position":1},"title":"Olavi Petrus","author":"Kent","date":"2021-04-24","format":false,"excerpt":"F\u00f6dd \u00e5r 15xx iD\u00f6d \u00e5r 1573 iGift \u00e5r 1xxx medFar:Mor:Barn:\u00a0Yrke: Kyrkoherde i VikingstadHar bott iFotografi tagit \u00e5rBer\u00e4ttelser: War kyrkioherde wid Wikingstad \u00e5r 1562 uti R. Erik then fjortondes tid, och hade den\u00a0 sorgen, at kyrkian \u00e5r 1567 r\u00f6fwades af Danskar och Pr\u00e4stg\u00e5rden afbr\u00e4ndes. Hvarefter han lefde in til \u00e5r 1573.\u00d6vrigt","rel":"","context":"Liknande inl\u00e4gg","block_context":{"text":"Liknande inl\u00e4gg","link":""},"img":{"alt_text":"","src":"","width":0,"height":0},"classes":[]},{"id":4949,"url":"https:\/\/sigedal.se\/index.php\/magnusson-carl-magnus\/","url_meta":{"origin":5681,"position":2},"title":"Magnusson Carl Magnus","author":"Kent","date":"2021-04-21","format":false,"excerpt":"F\u00f6dd \u00e5r 1822 iD\u00f6d \u00e5r 1xxx iGift \u00e5r 18xx med Albertina Carlsdotter (f 1828)Far:Mor:Barn:\u00a0Albertina Eugenia (f 1850) och Hulda Maria (f 1853)Yrke: Mj\u00f6lnareHar bott i Rakereds Kvarn (1847 - 1854)Fotografi tagit \u00e5rBer\u00e4ttelser\u00d6vrigt: Hade en dr\u00e4ng och en piga. V\u00e4rt att notera \u00e4r att ingen av dr\u00e4ngarna var i tj\u00e4nst mer\u2026","rel":"","context":"Liknande inl\u00e4gg","block_context":{"text":"Liknande inl\u00e4gg","link":""},"img":{"alt_text":"","src":"","width":0,"height":0},"classes":[]},{"id":3720,"url":"https:\/\/sigedal.se\/index.php\/gussman-per\/","url_meta":{"origin":5681,"position":3},"title":"Gussman Per","author":"Kent","date":"2021-04-11","format":false,"excerpt":"F\u00f6dd \u00e5r 1680 i RappestadD\u00f6d \u00e5r 1718? i se nedan under \u00f6vrigt.Gift \u00e5r 19xx medFar:Mor:Barn:\u00a0Yrke: KnektHar bott i Gustad LundstorpFotografi tagit \u00e5rBer\u00e4ttelser\u00d6vrigt: Om honom st\u00e5r det att han \u00e4r 32 \u00e5r (\u00e5r 1712) och f\u00f6dd i Rappestad. Han verkar ha varit skr\u00e4ddare. I 1715 \u00e5rs rulla st\u00e5r det Per Hindersson\u2026","rel":"","context":"Liknande inl\u00e4gg","block_context":{"text":"Liknande inl\u00e4gg","link":""},"img":{"alt_text":"","src":"","width":0,"height":0},"classes":[]},{"id":4917,"url":"https:\/\/sigedal.se\/index.php\/laurentii-marcus\/","url_meta":{"origin":5681,"position":4},"title":"Laurentii Marcus","author":"Kent","date":"2021-04-20","format":false,"excerpt":"F\u00f6dd \u00e5r 1xxx iD\u00f6d \u00e5r 1560 i VikingstadGift \u00e5r 1xxx medFar:Mor:Barn:\u00a0Yrke: KyrkoherdeHar bott iFotografi tagit \u00e5rBer\u00e4ttelser\u00d6vrigt: Fick \u00e5r 1541 R. Gustaf then f\u00f6rsten Fullmakt p\u00e5 detta pastorat, wardt sedan Probet och bevistade Pr\u00e4stm\u00f6tet \u00e5r 1547 och lefde intill 1560.","rel":"","context":"Liknande inl\u00e4gg","block_context":{"text":"Liknande inl\u00e4gg","link":""},"img":{"alt_text":"","src":"","width":0,"height":0},"classes":[]},{"id":3368,"url":"https:\/\/sigedal.se\/index.php\/bengtsson-anders\/","url_meta":{"origin":5681,"position":5},"title":"Bengtsson Anders","author":"Kent","date":"2021-04-08","format":false,"excerpt":"F\u00f6dd \u00e5r 17xx iD\u00f6d \u00e5r 1xxx iGift \u00e5r 17xx med Brita J\u00f6nsdotterFar:Mor:Barn:\u00a0Yrke: JordbrukareHar bott i en av g\u00e5rdarna i Stora Greby by\u00a0Fotografi tagit \u00e5rBer\u00e4ttelser\u00d6vrigt: \u00c4r \u00e5r 1785 brukare till en g\u00e5rd i Stora Greby by enligt Vikingstads och Rakereds f\u00f6rsamlingsb\u00f6cker. 1791 genomf\u00f6rdes storskiftet i byn","rel":"","context":"Liknande inl\u00e4gg","block_context":{"text":"Liknande inl\u00e4gg","link":""},"img":{"alt_text":"","src":"","width":0,"height":0},"classes":[]}],"jetpack_sharing_enabled":true,"_links":{"self":[{"href":"https:\/\/sigedal.se\/index.php\/wp-json\/wp\/v2\/pages\/5681","targetHints":{"allow":["GET"]}}],"collection":[{"href":"https:\/\/sigedal.se\/index.php\/wp-json\/wp\/v2\/pages"}],"about":[{"href":"https:\/\/sigedal.se\/index.php\/wp-json\/wp\/v2\/types\/page"}],"author":[{"embeddable":true,"href":"https:\/\/sigedal.se\/index.php\/wp-json\/wp\/v2\/users\/3"}],"replies":[{"embeddable":true,"href":"https:\/\/sigedal.se\/index.php\/wp-json\/wp\/v2\/comments?post=5681"}],"version-history":[{"count":1,"href":"https:\/\/sigedal.se\/index.php\/wp-json\/wp\/v2\/pages\/5681\/revisions"}],"predecessor-version":[{"id":5682,"href":"https:\/\/sigedal.se\/index.php\/wp-json\/wp\/v2\/pages\/5681\/revisions\/5682"}],"wp:attachment":[{"href":"https:\/\/sigedal.se\/index.php\/wp-json\/wp\/v2\/media?parent=5681"}],"curies":[{"name":"wp","href":"https:\/\/api.w.org\/{rel}","templated":true}]}}