{"id":554,"date":"2021-03-25T14:49:55","date_gmt":"2021-03-25T13:49:55","guid":{"rendered":"https:\/\/sigedal.se\/?page_id=554"},"modified":"2021-03-29T12:58:21","modified_gmt":"2021-03-29T10:58:21","slug":"gardar-4","status":"publish","type":"page","link":"https:\/\/sigedal.se\/index.php\/gardar-4\/","title":{"rendered":"G\u00e5rdar i Gunnorp"},"content":{"rendered":"","protected":false},"excerpt":{"rendered":"","protected":false},"author":3,"featured_media":0,"parent":0,"menu_order":0,"comment_status":"closed","ping_status":"closed","template":"","meta":{"footnotes":""},"class_list":["post-554","page","type-page","status-publish","hentry"],"jetpack-related-posts":[{"id":558,"url":"https:\/\/sigedal.se\/index.php\/gunnorp-mellangard-gunnorp-gard\/","url_meta":{"origin":554,"position":0},"title":"Gunnorp Mellang\u00e5rd (Gunnorp G\u00e5rd)","author":"Kent","date":"2021-03-25","format":false,"excerpt":"Foto 1940-talet","rel":"","context":"Liknande inl\u00e4gg","block_context":{"text":"Liknande inl\u00e4gg","link":""},"img":{"alt_text":"","src":"https:\/\/i0.wp.com\/sigedal.se\/wp-content\/uploads\/2025\/12\/Gunnorp-Mellangard-1_2.jpg?resize=350%2C200&ssl=1","width":350,"height":200,"srcset":"https:\/\/i0.wp.com\/sigedal.se\/wp-content\/uploads\/2025\/12\/Gunnorp-Mellangard-1_2.jpg?resize=350%2C200&ssl=1 1x, https:\/\/i0.wp.com\/sigedal.se\/wp-content\/uploads\/2025\/12\/Gunnorp-Mellangard-1_2.jpg?resize=525%2C300&ssl=1 1.5x, https:\/\/i0.wp.com\/sigedal.se\/wp-content\/uploads\/2025\/12\/Gunnorp-Mellangard-1_2.jpg?resize=700%2C400&ssl=1 2x, https:\/\/i0.wp.com\/sigedal.se\/wp-content\/uploads\/2025\/12\/Gunnorp-Mellangard-1_2.jpg?resize=1050%2C600&ssl=1 3x"},"classes":[]},{"id":555,"url":"https:\/\/sigedal.se\/index.php\/gunnorp-backgard-1\/","url_meta":{"origin":554,"position":1},"title":"Gunnorp B\u00e4ckg\u00e5rd 3:2","author":"Kent","date":"2021-03-25","format":false,"excerpt":"Foto 1940-tal G\u00e5rden var tidigare \u00e5lderdomshem men frik\u00f6ptes av Albert Andersson. Han s\u00e5lde den 1935 till Thure Edvard Johansson.","rel":"","context":"Liknande inl\u00e4gg","block_context":{"text":"Liknande inl\u00e4gg","link":""},"img":{"alt_text":"","src":"https:\/\/i0.wp.com\/sigedal.se\/wp-content\/uploads\/2023\/02\/Gunnorp-Backgard-3_2.jpg?resize=350%2C200&ssl=1","width":350,"height":200,"srcset":"https:\/\/i0.wp.com\/sigedal.se\/wp-content\/uploads\/2023\/02\/Gunnorp-Backgard-3_2.jpg?resize=350%2C200&ssl=1 1x, https:\/\/i0.wp.com\/sigedal.se\/wp-content\/uploads\/2023\/02\/Gunnorp-Backgard-3_2.jpg?resize=525%2C300&ssl=1 1.5x, https:\/\/i0.wp.com\/sigedal.se\/wp-content\/uploads\/2023\/02\/Gunnorp-Backgard-3_2.jpg?resize=700%2C400&ssl=1 2x, https:\/\/i0.wp.com\/sigedal.se\/wp-content\/uploads\/2023\/02\/Gunnorp-Backgard-3_2.jpg?resize=1050%2C600&ssl=1 3x"},"classes":[]},{"id":449,"url":"https:\/\/sigedal.se\/index.php\/gunnorp\/","url_meta":{"origin":554,"position":2},"title":"Gunnorp","author":"Kent","date":"2021-03-25","format":false,"excerpt":"G\u00e5rdarGunnorp B\u00e4ckg\u00e5rd 3:2Gunnorp B\u00e4ckg\u00e5rd 3:3Gunnorp Mellang\u00e5rd (Gunnorp G\u00e5rd)Gunnorp Mellang\u00e5rd (Gatan)Gunnorp V\u00e4sterg\u00e5rdTorp \u00e5terfinns i den f\u00f6r alla torp gemensamma torplistan. Storskifte genomf\u00f6rdes1821 - 1822Laga skifte genomf\u00f6rdes1840 - 1841 Lantbrukaren Oskar Johansson, f\u00f6dd och uppvuxen p\u00e5 Gunnorp V\u00e4sterg\u00e5rd har ber\u00e4ttat och \u00e4ven \u00e5tergivit vad hans far hade sagt. Det var d\u00e5 laga\u2026","rel":"","context":"Liknande inl\u00e4gg","block_context":{"text":"Liknande inl\u00e4gg","link":""},"img":{"alt_text":"","src":"https:\/\/i0.wp.com\/sigedal.se\/wp-content\/uploads\/2021\/03\/vk5064liten.jpg?resize=350%2C200&ssl=1","width":350,"height":200},"classes":[]},{"id":560,"url":"https:\/\/sigedal.se\/index.php\/gunnorp-vastergard\/","url_meta":{"origin":554,"position":3},"title":"Gunnorp V\u00e4sterg\u00e5rd","author":"Kent","date":"2021-03-25","format":false,"excerpt":"Foto 1940-tal. Fastigheten uppf\u00f6rd 1870. Foto Kent Sigedal 2002 Boende p\u00e5 g\u00e5rden NamnBodde h\u00e4r\u00d6vrigtJohan Petter Isacsson (1801-04-03 - 1875-05-19)1828 - 1875N\u00e4mndeman. N\u00e4r Johan Petter avlider brukas g\u00e5rden av Anders Olofsson, Gunnorps B\u00e4ckg\u00e5rd.Catharina Jonsdotter (1808-01-15 - 1878-12-21)Bor kvar till sin d\u00f6d.Barn: Johan (1830-05-02 - ), Anna Charlotta (1835-07-07 - ), Anna\u2026","rel":"","context":"Liknande inl\u00e4gg","block_context":{"text":"Liknande inl\u00e4gg","link":""},"img":{"alt_text":"","src":"https:\/\/i0.wp.com\/sigedal.se\/wp-content\/uploads\/2023\/02\/Gunnorp-Vastergard.jpg?resize=350%2C200&ssl=1","width":350,"height":200,"srcset":"https:\/\/i0.wp.com\/sigedal.se\/wp-content\/uploads\/2023\/02\/Gunnorp-Vastergard.jpg?resize=350%2C200&ssl=1 1x, https:\/\/i0.wp.com\/sigedal.se\/wp-content\/uploads\/2023\/02\/Gunnorp-Vastergard.jpg?resize=525%2C300&ssl=1 1.5x, https:\/\/i0.wp.com\/sigedal.se\/wp-content\/uploads\/2023\/02\/Gunnorp-Vastergard.jpg?resize=700%2C400&ssl=1 2x, https:\/\/i0.wp.com\/sigedal.se\/wp-content\/uploads\/2023\/02\/Gunnorp-Vastergard.jpg?resize=1050%2C600&ssl=1 3x"},"classes":[]},{"id":58,"url":"https:\/\/sigedal.se\/index.php\/byarna-2\/","url_meta":{"origin":554,"position":4},"title":"Byarna","author":"Kent","date":"2021-03-25","format":false,"excerpt":"Torplista A-\u00d6 Torplista i byordning G\u00e5rdar utan bytillh\u00f6righet Bankeberg Boo Harg Nybble Gunnorp Gustad Kvarstad Rakered Solmark S\u00f6rstad Tillorp Lilla Greby Stora Greby \u00c5nesta","rel":"","context":"Liknande inl\u00e4gg","block_context":{"text":"Liknande inl\u00e4gg","link":""},"img":{"alt_text":"","src":"","width":0,"height":0},"classes":[]},{"id":4139,"url":"https:\/\/sigedal.se\/index.php\/johansson-johan-fredrik\/","url_meta":{"origin":554,"position":5},"title":"Johansson, Johan Fredrik","author":"Kent","date":"2021-04-13","format":false,"excerpt":"F\u00f6dd \u00e5r 1838-12-29 i Gunnorp, VikingstadD\u00f6d \u00e5r 19xx i USAGift \u00e5r 1xxx medFar: Johannes Nilsson (1797-1868)Mor: Maja-Lisa Persdotter (1802-1847)Barn:\u00a0Clara Matilda f. 1863-03-12 (se nedan)Yrke:Har bott i: Gunnorp Mellang\u00e5rdFotografi tagit \u00e5rBer\u00e4ttelser\u00d6vrigt. Blev mot sitt nekande tilld\u00f6md faderskapet till Clara Matilda 1864. Modern var piga p\u00e5 g\u00e5rden och hette Charlotta Johansdotter. Fadern,\u2026","rel":"","context":"Liknande inl\u00e4gg","block_context":{"text":"Liknande inl\u00e4gg","link":""},"img":{"alt_text":"","src":"","width":0,"height":0},"classes":[]}],"jetpack_sharing_enabled":true,"_links":{"self":[{"href":"https:\/\/sigedal.se\/index.php\/wp-json\/wp\/v2\/pages\/554","targetHints":{"allow":["GET"]}}],"collection":[{"href":"https:\/\/sigedal.se\/index.php\/wp-json\/wp\/v2\/pages"}],"about":[{"href":"https:\/\/sigedal.se\/index.php\/wp-json\/wp\/v2\/types\/page"}],"author":[{"embeddable":true,"href":"https:\/\/sigedal.se\/index.php\/wp-json\/wp\/v2\/users\/3"}],"replies":[{"embeddable":true,"href":"https:\/\/sigedal.se\/index.php\/wp-json\/wp\/v2\/comments?post=554"}],"version-history":[{"count":2,"href":"https:\/\/sigedal.se\/index.php\/wp-json\/wp\/v2\/pages\/554\/revisions"}],"predecessor-version":[{"id":1631,"href":"https:\/\/sigedal.se\/index.php\/wp-json\/wp\/v2\/pages\/554\/revisions\/1631"}],"wp:attachment":[{"href":"https:\/\/sigedal.se\/index.php\/wp-json\/wp\/v2\/media?parent=554"}],"curies":[{"name":"wp","href":"https:\/\/api.w.org\/{rel}","templated":true}]}}