{"id":4910,"date":"2021-04-20T19:15:32","date_gmt":"2021-04-20T17:15:32","guid":{"rendered":"https:\/\/sigedal.se\/?page_id=4910"},"modified":"2021-04-20T19:15:32","modified_gmt":"2021-04-20T17:15:32","slug":"larsson-per","status":"publish","type":"page","link":"https:\/\/sigedal.se\/index.php\/larsson-per\/","title":{"rendered":"Larsson Per"},"content":{"rendered":"\n<figure class=\"wp-block-table is-style-stripes\"><table><tbody><tr><td>F\u00f6dd \u00e5r 17xx i<\/td><\/tr><tr><td>D\u00f6d \u00e5r 18xx i<\/td><\/tr><tr><td>Gift \u00e5r 17xx med <a href=\"https:\/\/sigedal.se\/index.php\/andersdotter-ingrid\/\">Ingrid Andersdotter<\/a> (f 1764 i V. Eneby)<\/td><\/tr><tr><td>Far:<\/td><\/tr><tr><td>Mor:<\/td><\/tr><tr><td>Barn:&nbsp;Samuel Persson (f 1788 i Slaka), Lars Persson (f 1804 i Nykil)<\/td><\/tr><tr><td>Yrke:<\/td><\/tr><tr><td>Har bott i <a href=\"https:\/\/sigedal.se\/index.php\/gustad-kallgard\/\" data-type=\"page\" data-id=\"613\">Gustad K\u00e4llg\u00e5rd<\/a> (1815 &#8211; ca 1820)<\/td><\/tr><tr><td>Fotografi tagit \u00e5r<\/td><\/tr><tr><td>Ber\u00e4ttelser<\/td><\/tr><tr><td>\u00d6vrigt<\/td><\/tr><\/tbody><\/table><\/figure>\n","protected":false},"excerpt":{"rendered":"<p>F\u00f6dd \u00e5r 17xx i D\u00f6d \u00e5r 18xx i Gift \u00e5r 17xx med Ingrid Andersdotter (f 1764 i V. Eneby) Far: Mor: Barn:&nbsp;Samuel Persson (f 1788 i Slaka), Lars Persson (f 1804 i Nykil) Yrke: Har bott i Gustad K\u00e4llg\u00e5rd (1815 &#8211; ca 1820) Fotografi tagit \u00e5r Ber\u00e4ttelser \u00d6vrigt<\/p>\n","protected":false},"author":3,"featured_media":0,"parent":0,"menu_order":0,"comment_status":"closed","ping_status":"closed","template":"","meta":{"footnotes":""},"class_list":["post-4910","page","type-page","status-publish","hentry"],"jetpack-related-posts":[{"id":5684,"url":"https:\/\/sigedal.se\/index.php\/persson-jonas-2\/","url_meta":{"origin":4910,"position":0},"title":"Persson Jonas","author":"Kent","date":"2021-04-27","format":false,"excerpt":"F\u00f6dd \u00e5r 1766 iD\u00f6d \u00e5r 1836 i VikingstadGift \u00e5r 17xx med 1:a giftet: Anna Jonsdotter (f 1753 i Gammalkil - 1821), 2:a giftet: Maria M\u00e5nsdotter (1794 - 1823), 3:e giftet: Catharina Jonsdotter (f 1795 - 1834)Far: Per Svensson (1733 - f\u00f6re 1799)Mor: Anna Jonsdotter (1735 - 1808)Barn:\u00a01:a giftet inga barn.\u2026","rel":"","context":"Liknande inl\u00e4gg","block_context":{"text":"Liknande inl\u00e4gg","link":""},"img":{"alt_text":"","src":"","width":0,"height":0},"classes":[]},{"id":6050,"url":"https:\/\/sigedal.se\/index.php\/persson-sven\/","url_meta":{"origin":4910,"position":1},"title":"Persson Sven","author":"Kent","date":"2021-04-30","format":false,"excerpt":"F\u00f6dd \u00e5r 1763 iD\u00f6d \u00e5r 1822 i VikingstadGift \u00e5r 17xx med\u00a0Maja Jacobsdotter\u00a0(f 1755 i Nykil)Far:\u00a0Per Svensson\u00a0(17xx - 1799)Mor:\u00a0Anna Jonsdotter\u00a0(1735 - 1808)Barn:\u00a0\u00a0Peter\u00a0(f 1801), Anna (1804 - 1826), Maja Greta (1807 -\u00a0\u00a0\u00a0 )Yrke:Har bott i\u00a0Gustad S\u00f6derg\u00e5rd\u00a0(1801 - 1822)Fotografi tagit \u00e5rBer\u00e4ttelser\u00d6vrigt Kom fr\u00e5n Nykil 1801","rel":"","context":"Liknande inl\u00e4gg","block_context":{"text":"Liknande inl\u00e4gg","link":""},"img":{"alt_text":"","src":"","width":0,"height":0},"classes":[]},{"id":5655,"url":"https:\/\/sigedal.se\/index.php\/persson-hans\/","url_meta":{"origin":4910,"position":2},"title":"Persson Hans","author":"Kent","date":"2021-04-27","format":false,"excerpt":"F\u00f6dd \u00e5r 1763 i Sj\u00f6gestadD\u00f6d \u00e5r 1813 i VikingstadGift \u00e5r 17xx med Catharina Andersdotter (f 1755 i Slaka)Far:Mor:Barn:\u00a0Cajsa Lisa (f 1796 i Slaka)Yrke:Har bott i Gustad Skatteg\u00e5rdFotografi tagit \u00e5rBer\u00e4ttelser\u00d6vrigt","rel":"","context":"Liknande inl\u00e4gg","block_context":{"text":"Liknande inl\u00e4gg","link":""},"img":{"alt_text":"","src":"","width":0,"height":0},"classes":[]},{"id":5720,"url":"https:\/\/sigedal.se\/index.php\/persson-zachris\/","url_meta":{"origin":4910,"position":3},"title":"Persson Zachris","author":"Kent","date":"2021-04-27","format":false,"excerpt":"F\u00f6dd \u00e5r 1732 iD\u00f6d \u00e5r 18xx iGift \u00e5r 17xx med Lena J\u00f6nsdotter (f 1745)Far:Mor:Barn:\u00a0Anna (f 1761 i Rappestad), Lisa (f 1767 i Rappestad), Ingeborg (f 1772), Maria (1778 - )Yrke:Har bott i Gustad Aspeg\u00e5rd (ca 1770 -1803) Gustad Norrg\u00e5rd (1803 -Fotografi tagit \u00e5rBer\u00e4ttelser\u00d6vrigt: St\u00e5r som \u00bc \u00e4gare ca 1770 Kommer\u2026","rel":"","context":"Liknande inl\u00e4gg","block_context":{"text":"Liknande inl\u00e4gg","link":""},"img":{"alt_text":"","src":"","width":0,"height":0},"classes":[]},{"id":4381,"url":"https:\/\/sigedal.se\/index.php\/jonsdotter-lena\/","url_meta":{"origin":4910,"position":4},"title":"J\u00f6nsdotter Lena","author":"Kent","date":"2021-04-15","format":false,"excerpt":"F\u00f6dd \u00e5r 1745 i VikingstadD\u00f6d \u00e5r 1xxx iGift \u00e5r 17xx med Zachris Persson (f 1732)Far: J\u00f6ns Olofsson (f 1716)Mor: Karin Larsdotter (f 1722)Barn:\u00a0Anna (f 1761 i Rappestad), Lisa (f 1767 i Rappestad), Ingeborg (f 1772)Yrke:Har bott i Gustad Aspeg\u00e5rd (1745 -17xx), (17xx -Fotografi tagit \u00e5rBer\u00e4ttelser\u00d6vrigt: Kommer fr\u00e5n Rappestad ca 1770","rel":"","context":"Liknande inl\u00e4gg","block_context":{"text":"Liknande inl\u00e4gg","link":""},"img":{"alt_text":"","src":"","width":0,"height":0},"classes":[]},{"id":3073,"url":"https:\/\/sigedal.se\/index.php\/andersdotter-ingrid\/","url_meta":{"origin":4910,"position":5},"title":"Andersdotter Ingrid","author":"Kent","date":"2021-04-07","format":false,"excerpt":"F\u00f6dd \u00e5r 1764 i V. EnebyD\u00f6d \u00e5r 18xx iGift \u00e5r 17xx med Per Larsson (f 1741 i V\u00e5rdn\u00e4s)Far:Mor:Barn:\u00a0Samuel Persson (f 1788 i Slaka), Lars Persson (f 1804 i Nykil)Yrke:Har bott i Gustad K\u00e4llg\u00e5rd (1815 - ca 1820)Fotografi tagit \u00e5rBer\u00e4ttelser\u00d6vrigt","rel":"","context":"Liknande inl\u00e4gg","block_context":{"text":"Liknande inl\u00e4gg","link":""},"img":{"alt_text":"","src":"","width":0,"height":0},"classes":[]}],"jetpack_sharing_enabled":true,"_links":{"self":[{"href":"https:\/\/sigedal.se\/index.php\/wp-json\/wp\/v2\/pages\/4910","targetHints":{"allow":["GET"]}}],"collection":[{"href":"https:\/\/sigedal.se\/index.php\/wp-json\/wp\/v2\/pages"}],"about":[{"href":"https:\/\/sigedal.se\/index.php\/wp-json\/wp\/v2\/types\/page"}],"author":[{"embeddable":true,"href":"https:\/\/sigedal.se\/index.php\/wp-json\/wp\/v2\/users\/3"}],"replies":[{"embeddable":true,"href":"https:\/\/sigedal.se\/index.php\/wp-json\/wp\/v2\/comments?post=4910"}],"version-history":[{"count":1,"href":"https:\/\/sigedal.se\/index.php\/wp-json\/wp\/v2\/pages\/4910\/revisions"}],"predecessor-version":[{"id":4911,"href":"https:\/\/sigedal.se\/index.php\/wp-json\/wp\/v2\/pages\/4910\/revisions\/4911"}],"wp:attachment":[{"href":"https:\/\/sigedal.se\/index.php\/wp-json\/wp\/v2\/media?parent=4910"}],"curies":[{"name":"wp","href":"https:\/\/api.w.org\/{rel}","templated":true}]}}