{"id":4872,"date":"2021-04-20T18:26:47","date_gmt":"2021-04-20T16:26:47","guid":{"rendered":"https:\/\/sigedal.se\/?page_id=4872"},"modified":"2021-05-01T13:38:57","modified_gmt":"2021-05-01T11:38:57","slug":"larsson-lars","status":"publish","type":"page","link":"https:\/\/sigedal.se\/index.php\/larsson-lars\/","title":{"rendered":"Larsson Lars"},"content":{"rendered":"\n<figure class=\"wp-block-table is-style-stripes\"><table><tbody><tr><td>F\u00f6dd \u00e5r 1769-04-09 i Vikingstad<\/td><\/tr><tr><td>D\u00f6d \u00e5r 1828 i Nybble Grindstugan (G\u00e4rdestorpet)<\/td><\/tr><tr><td>Gift \u00e5r 1xxx med Cajsa Jansdotter (1864-12-03 i Rappestad &#8211; )<\/td><\/tr><tr><td>Far:<\/td><\/tr><tr><td>Mor:<\/td><\/tr><tr><td>Barn:\u00a0Cajsa Lisa (1798-1799), Maja Lisa (1799- ), <a href=\"https:\/\/sigedal.se\/index.php\/larsson-johan-2\/\">Johannes<\/a> (1804-01-18 &#8211; )<\/td><\/tr><tr><td>Yrke:<\/td><\/tr><tr><td>Har bott i <a href=\"https:\/\/sigedal.se\/index.php\/grindtorpet-gardestorpet-lusklamma\/\">Nybble G\u00e4rdestorp<\/a> (Grindstugan) (179x-1828)<\/td><\/tr><tr><td>Fotografi tagit \u00e5r<\/td><\/tr><tr><td>Ber\u00e4ttelser<\/td><\/tr><tr><td>\u00d6vrigt<\/td><\/tr><\/tbody><\/table><\/figure>\n","protected":false},"excerpt":{"rendered":"<p>F\u00f6dd \u00e5r 1769-04-09 i Vikingstad D\u00f6d \u00e5r 1828 i Nybble Grindstugan (G\u00e4rdestorpet) Gift \u00e5r 1xxx med Cajsa Jansdotter (1864-12-03 i Rappestad &#8211; ) Far: Mor: Barn:\u00a0Cajsa Lisa (1798-1799), Maja Lisa (1799- ), Johannes (1804-01-18 &#8211; ) Yrke: Har bott i Nybble G\u00e4rdestorp (Grindstugan) (179x-1828) Fotografi tagit \u00e5r Ber\u00e4ttelser \u00d6vrigt<\/p>\n","protected":false},"author":3,"featured_media":0,"parent":0,"menu_order":0,"comment_status":"closed","ping_status":"closed","template":"","meta":{"footnotes":""},"class_list":["post-4872","page","type-page","status-publish","hentry"],"jetpack-related-posts":[{"id":4850,"url":"https:\/\/sigedal.se\/index.php\/larsson-johan-2\/","url_meta":{"origin":4872,"position":0},"title":"Larsson Johan","author":"Kent","date":"2021-04-19","format":false,"excerpt":"F\u00f6dd \u00e5r 1804-01-31 i VikingstadD\u00f6d \u00e5r 18xx iGift \u00e5r 1827-11-18 med Andersdotter Brita Lisa (1802-01-27- )Far: Lars Larsson Mor: Cajsa JohansdotterBarn:\u00a0Anna Catharina (1828-03-14 - ), Lisa (1829-09-21), Carolina (1833-04-10- ), Johan Fredrik (1835-10-21 - ), August (1841-10-30 -1842-06-03 av slag)Yrke: F\u00f6re vigseln dr\u00e4ng p\u00e5 Nybble Herrg\u00e5rdHar bott i Nybble Grindstugan\u2026","rel":"","context":"Liknande inl\u00e4gg","block_context":{"text":"Liknande inl\u00e4gg","link":""},"img":{"alt_text":"","src":"","width":0,"height":0},"classes":[]},{"id":1151,"url":"https:\/\/sigedal.se\/index.php\/personforteckning-l\/","url_meta":{"origin":4872,"position":1},"title":"Personf\u00f6rteckning L","author":"Kent","date":"2021-03-26","format":false,"excerpt":"NamnBoddeLevdeLager IrmaL\u00e4rarbostaden, Lind\u00e5kra1905-1966Landberg JohanOpplunda s\u00e4teri1739-07-06 - 1814-08-21Landstr\u00f6m Anna LottaRakered Kvarn (1870 - 1881)1830 -\u00a0Larsdotter Anna BritaRakered Sandstorp (1875 - 1917)1847 - 1917Larsdotter Anna CajsaRakered Storg\u00e5rd1794 - 18xxLarsdotter Anna GretaK\u00f6pte 1802-05-20 \u00bc Kvarstad Krono Rusth\u00e5ll17xx - 18xxLarsdotter Anna SofiaRakered Kvarn (1875 - 1881)1844 -\u00a0Larsdotter BritaL\u00f6th1751-07-15 -\u00a0Larsdotter BrittaStora Greby Grenadj\u00e4rtorp nr 59\u2026","rel":"","context":"Liknande inl\u00e4gg","block_context":{"text":"Liknande inl\u00e4gg","link":""},"img":{"alt_text":"","src":"","width":0,"height":0},"classes":[]},{"id":3046,"url":"https:\/\/sigedal.se\/index.php\/andersdotter-brita-stina-2\/","url_meta":{"origin":4872,"position":2},"title":"Andersdotter Brita Lisa (Abrahamsdotter?)","author":"Kent","date":"2021-04-07","format":false,"excerpt":"F\u00f6dd \u00e5r 1802-01-27 i LedbergD\u00f6d \u00e5r 1860-06-18 i \u00c5nesta BackenGift \u00e5r 1827-11-18 med torparen Johan Larsson (1804-01-31 i Vikingstad)Far: Abraham JonssonMor: Anna NilsdotterBarn:\u00a0Anna Catharina (1828-03-14 - ), Lisa (1829-09-21), Carolina (1833-04-10- ), Johan Fredrik (1835-10-21 - ), August (1841-10-30 - 1842-06-03 av slag)Yrke:Har bott i Nybble Grindstugan (1827-ca 1830), \u00c5nesta\u2026","rel":"","context":"Liknande inl\u00e4gg","block_context":{"text":"Liknande inl\u00e4gg","link":""},"img":{"alt_text":"","src":"","width":0,"height":0},"classes":[]},{"id":1123,"url":"https:\/\/sigedal.se\/index.php\/johansdotter\/","url_meta":{"origin":4872,"position":3},"title":"Johansdotter","author":"Kent","date":"2021-03-26","format":false,"excerpt":"NamnBoddeLevdeJohansdotter Amanda LovisaGustad GrindstuganJohansdotter AnnaRakereds Kvarn (1790 - 1798)1747 -\u00a0Johansdotter Anna CajsaRakered Ryttartorp nr 52 (1852 - 1887)1829 -\u00a0Johansdotter Anna LenaS\u00f6rstad \u00c4ngen (1831 - 18xx)1811 -Johansdotter Anna SofiaSlycke S\u00f6derg\u00e5rd, Bankebergs Mellang\u00e5rd\u00a0Johansdotter Anna SophiaNybble \u00d6sterhagen (1846 - 1869) Backstugan Nys\u00e4tter (1869 - xxxx)1826-08-21 -\u00a0Johansdotter Anna StinaNybble Soldattorp nr 50 (1821 -\u2026","rel":"","context":"Liknande inl\u00e4gg","block_context":{"text":"Liknande inl\u00e4gg","link":""},"img":{"alt_text":"","src":"","width":0,"height":0},"classes":[]},{"id":1175,"url":"https:\/\/sigedal.se\/index.php\/personforteckning-persdotter\/","url_meta":{"origin":4872,"position":4},"title":"Personf\u00f6rteckning Persdotter","author":"Kent","date":"2021-03-26","format":false,"excerpt":"NamnBoddeLevdePersdotter AnnaKvarstad Persbo (\u00a0\u00a0 - 1859)1776-05-31 - 1859-08-22Persdotter Anna GretaNybble Rusth\u00e5ll nr 50 (1840-talet - 1851)1800 -\u00a0Persdotter Anna MajaRakered Ryttartorp nr 52 (1828 - 1852)1806 -\u00a0Persdotter Anna SofiaNybble \u00d6sterhagen (1869 - 1874), \u00c5sarp (1874 - xxxx)1841-01-01 -\u00a0Persdotter Anna StinaNybble Trollhagen (ca1800 -\u00a0 )1780 -\u00a0Persdotter AnnicaGustad, Slycke Skatteg\u00e5rd1776-01-15 - 1801-05-24Persdotter AnnicaRakered\u2026","rel":"","context":"Liknande inl\u00e4gg","block_context":{"text":"Liknande inl\u00e4gg","link":""},"img":{"alt_text":"","src":"","width":0,"height":0},"classes":[]},{"id":1135,"url":"https:\/\/sigedal.se\/index.php\/jonsdotter-2\/","url_meta":{"origin":4872,"position":5},"title":"J\u00f6nsdotter","author":"Kent","date":"2021-03-26","format":false,"excerpt":"NamnBoddeLevdeJ\u00f6nsdotter Anna\u00c5nestad Aspetorpet (1797 - 1829)1759-03-30 - 1829-04-24J\u00f6nsdotter AnnaNybble \u00d6sterhagen (1825 -\u00a0\u00a0\u00a0 )1803-03-07 -\u00a0J\u00f6nsdotter Anna CajsaNybble Soldattorp nr 51 (18xx - 1876)1814 -\u00a0J\u00f6nsdotter Anna Cajsa\u00c5nesta Soldattorp nr 571822 -J\u00f6nsdotter BritaStora Greby (1785 -\u00a0\u00a0\u00a0\u00a0 )17xx -\u00a0J\u00f6nsdotter CarinStora Greby Grenadj\u00e4rtorp nr 59 (ca 1750 -\u00a0\u00a0\u00a0\u00a0 )1724 -\u00a0J\u00f6nsdotter Catarina\u00c5nesta \u00c5netorp, \u00c5nesta Stugan1764 -\u00a0J\u00f6nsdotter\u2026","rel":"","context":"Liknande inl\u00e4gg","block_context":{"text":"Liknande inl\u00e4gg","link":""},"img":{"alt_text":"","src":"","width":0,"height":0},"classes":[]}],"jetpack_sharing_enabled":true,"_links":{"self":[{"href":"https:\/\/sigedal.se\/index.php\/wp-json\/wp\/v2\/pages\/4872","targetHints":{"allow":["GET"]}}],"collection":[{"href":"https:\/\/sigedal.se\/index.php\/wp-json\/wp\/v2\/pages"}],"about":[{"href":"https:\/\/sigedal.se\/index.php\/wp-json\/wp\/v2\/types\/page"}],"author":[{"embeddable":true,"href":"https:\/\/sigedal.se\/index.php\/wp-json\/wp\/v2\/users\/3"}],"replies":[{"embeddable":true,"href":"https:\/\/sigedal.se\/index.php\/wp-json\/wp\/v2\/comments?post=4872"}],"version-history":[{"count":5,"href":"https:\/\/sigedal.se\/index.php\/wp-json\/wp\/v2\/pages\/4872\/revisions"}],"predecessor-version":[{"id":6266,"href":"https:\/\/sigedal.se\/index.php\/wp-json\/wp\/v2\/pages\/4872\/revisions\/6266"}],"wp:attachment":[{"href":"https:\/\/sigedal.se\/index.php\/wp-json\/wp\/v2\/media?parent=4872"}],"curies":[{"name":"wp","href":"https:\/\/api.w.org\/{rel}","templated":true}]}}