{"id":457,"date":"2021-03-25T13:17:23","date_gmt":"2021-03-25T12:17:23","guid":{"rendered":"https:\/\/sigedal.se\/?page_id=457"},"modified":"2022-10-16T11:09:38","modified_gmt":"2022-10-16T09:09:38","slug":"skolstad","status":"publish","type":"page","link":"https:\/\/sigedal.se\/index.php\/skolstad\/","title":{"rendered":"Sk\u00f6lstad s\u00e4teri"},"content":{"rendered":"\n<figure class=\"wp-block-image size-large\"><img data-recalc-dims=\"1\" loading=\"lazy\" decoding=\"async\" width=\"600\" height=\"449\" src=\"https:\/\/i0.wp.com\/sigedal.se\/wp-content\/uploads\/2021\/03\/vk5159liten.jpg?resize=600%2C449&#038;ssl=1\" alt=\"\" class=\"wp-image-154\" srcset=\"https:\/\/i0.wp.com\/sigedal.se\/wp-content\/uploads\/2021\/03\/vk5159liten.jpg?w=600&amp;ssl=1 600w, https:\/\/i0.wp.com\/sigedal.se\/wp-content\/uploads\/2021\/03\/vk5159liten.jpg?resize=300%2C225&amp;ssl=1 300w\" sizes=\"auto, (max-width: 600px) 85vw, 600px\" \/><figcaption>Foto ca 1945 &#8211; 1950<\/figcaption><\/figure>\n\n\n\n<figure class=\"wp-block-image size-large\"><img data-recalc-dims=\"1\" loading=\"lazy\" decoding=\"async\" width=\"600\" height=\"422\" src=\"https:\/\/i0.wp.com\/sigedal.se\/wp-content\/uploads\/2021\/03\/vk5166liten.jpg?resize=600%2C422&#038;ssl=1\" alt=\"\" class=\"wp-image-161\" srcset=\"https:\/\/i0.wp.com\/sigedal.se\/wp-content\/uploads\/2021\/03\/vk5166liten.jpg?w=600&amp;ssl=1 600w, https:\/\/i0.wp.com\/sigedal.se\/wp-content\/uploads\/2021\/03\/vk5166liten.jpg?resize=300%2C211&amp;ssl=1 300w\" sizes=\"auto, (max-width: 600px) 85vw, 600px\" \/><figcaption>Huvudbyggnaden p\u00e5 Sk\u00f6lstad brann l\u00f6rdagen den 9 april 1921 och byggdes sedan aldrig upp igen. <\/figcaption><\/figure>\n\n\n\n<figure class=\"wp-block-image size-large\"><img data-recalc-dims=\"1\" loading=\"lazy\" decoding=\"async\" width=\"840\" height=\"625\" src=\"https:\/\/i0.wp.com\/sigedal.se\/wp-content\/uploads\/2022\/10\/Skolstad_039.jpg?resize=840%2C625&#038;ssl=1\" alt=\"\" class=\"wp-image-9754\" srcset=\"https:\/\/i0.wp.com\/sigedal.se\/wp-content\/uploads\/2022\/10\/Skolstad_039.jpg?resize=1024%2C762&amp;ssl=1 1024w, https:\/\/i0.wp.com\/sigedal.se\/wp-content\/uploads\/2022\/10\/Skolstad_039.jpg?resize=300%2C223&amp;ssl=1 300w, https:\/\/i0.wp.com\/sigedal.se\/wp-content\/uploads\/2022\/10\/Skolstad_039.jpg?resize=768%2C571&amp;ssl=1 768w, https:\/\/i0.wp.com\/sigedal.se\/wp-content\/uploads\/2022\/10\/Skolstad_039.jpg?resize=1536%2C1143&amp;ssl=1 1536w, https:\/\/i0.wp.com\/sigedal.se\/wp-content\/uploads\/2022\/10\/Skolstad_039.jpg?resize=1200%2C893&amp;ssl=1 1200w, https:\/\/i0.wp.com\/sigedal.se\/wp-content\/uploads\/2022\/10\/Skolstad_039.jpg?w=1785&amp;ssl=1 1785w, https:\/\/i0.wp.com\/sigedal.se\/wp-content\/uploads\/2022\/10\/Skolstad_039.jpg?w=1680&amp;ssl=1 1680w\" sizes=\"auto, (max-width: 709px) 85vw, (max-width: 909px) 67vw, (max-width: 1362px) 62vw, 840px\" \/><figcaption>Sk\u00f6lstad v\u00e4stra flygel (nuvarande huvudbyggnad) <\/figcaption><\/figure>\n\n\n\n<figure class=\"wp-block-image size-large\"><img data-recalc-dims=\"1\" loading=\"lazy\" decoding=\"async\" width=\"600\" height=\"378\" src=\"https:\/\/i0.wp.com\/sigedal.se\/wp-content\/uploads\/2021\/03\/vk5164liten.jpg?resize=600%2C378&#038;ssl=1\" alt=\"\" class=\"wp-image-159\" srcset=\"https:\/\/i0.wp.com\/sigedal.se\/wp-content\/uploads\/2021\/03\/vk5164liten.jpg?w=600&amp;ssl=1 600w, https:\/\/i0.wp.com\/sigedal.se\/wp-content\/uploads\/2021\/03\/vk5164liten.jpg?resize=300%2C189&amp;ssl=1 300w\" sizes=\"auto, (max-width: 600px) 85vw, 600px\" \/><figcaption>Sk\u00f6lstad v\u00e4stra flygel (nuvarande huvudbyggnad) <br>Foto 1999 Irma Andersson<\/figcaption><\/figure>\n\n\n\n<figure class=\"wp-block-image size-large\"><img data-recalc-dims=\"1\" loading=\"lazy\" decoding=\"async\" width=\"600\" height=\"378\" src=\"https:\/\/i0.wp.com\/sigedal.se\/wp-content\/uploads\/2021\/03\/vk5165liten.jpg?resize=600%2C378&#038;ssl=1\" alt=\"\" class=\"wp-image-160\" srcset=\"https:\/\/i0.wp.com\/sigedal.se\/wp-content\/uploads\/2021\/03\/vk5165liten.jpg?w=600&amp;ssl=1 600w, https:\/\/i0.wp.com\/sigedal.se\/wp-content\/uploads\/2021\/03\/vk5165liten.jpg?resize=300%2C189&amp;ssl=1 300w\" sizes=\"auto, (max-width: 600px) 85vw, 600px\" \/><figcaption>\u00d6stra flygeln p\u00e5 Sk\u00f6ldstad s\u00e4teri uppf\u00f6rdes 1794. D\u00e5varande \u00e4gare var Fredrik Horn af \u00c5minne gift med Ulrika von Flygarell. Anv\u00e4ndes som magasin fram till 1949 d\u00e5 det hade byggts om till bostad och \u00e4garna Arvid och Ebba Andersson flyttade in f\u00f6r att sonen Georg skulle gifta sig. Han och hans hustru Irma fick d\u00e5 den v\u00e4stra flygeln f\u00f6r sig sj\u00e4lva.<br>Foto Irma Andersson 2001<\/figcaption><\/figure>\n\n\n\n<figure class=\"wp-block-image size-large\"><img data-recalc-dims=\"1\" loading=\"lazy\" decoding=\"async\" width=\"600\" height=\"492\" src=\"https:\/\/i0.wp.com\/sigedal.se\/wp-content\/uploads\/2021\/03\/vk5167liten.jpg?resize=600%2C492&#038;ssl=1\" alt=\"\" class=\"wp-image-162\" srcset=\"https:\/\/i0.wp.com\/sigedal.se\/wp-content\/uploads\/2021\/03\/vk5167liten.jpg?w=600&amp;ssl=1 600w, https:\/\/i0.wp.com\/sigedal.se\/wp-content\/uploads\/2021\/03\/vk5167liten.jpg?resize=300%2C246&amp;ssl=1 300w\" sizes=\"auto, (max-width: 600px) 85vw, 600px\" \/><figcaption>Foto 1953: Hugo Mauritz Valentin f\u00f6dd p\u00e5 Sk\u00f6lstad 1888-10-04 bes\u00f6ker Sk\u00f6lstad 1953-07-29. Flickan \u00e4r Monica Andersson och dotter till de d\u00e5varande \u00e4garna Georg och Irma Andersson. <br><\/figcaption><\/figure>\n\n\n\n<p><\/p>\n\n\n\n<figure class=\"wp-block-image size-large\"><img data-recalc-dims=\"1\" loading=\"lazy\" decoding=\"async\" width=\"450\" height=\"608\" src=\"https:\/\/i0.wp.com\/sigedal.se\/wp-content\/uploads\/2021\/03\/vk5212liten.jpg?resize=450%2C608&#038;ssl=1\" alt=\"\" class=\"wp-image-306\" srcset=\"https:\/\/i0.wp.com\/sigedal.se\/wp-content\/uploads\/2021\/03\/vk5212liten.jpg?w=450&amp;ssl=1 450w, https:\/\/i0.wp.com\/sigedal.se\/wp-content\/uploads\/2021\/03\/vk5212liten.jpg?resize=222%2C300&amp;ssl=1 222w\" sizes=\"auto, (max-width: 450px) 85vw, 450px\" \/><figcaption>Milsten vid Sk\u00f6ldstad <br>Foto Kent Sigedal 2002<\/figcaption><\/figure>\n\n\n\n<p><strong>Torp \u00e5terfinns i den f\u00f6r alla torp gemensamma <a href=\"https:\/\/sigedal.se\/index.php\/torp\/\">torplistan.<\/a><\/strong><\/p>\n\n\n\n<p><a href=\"https:\/\/sigedal.se\/index.php\/skolstads-agarlangd\/\" data-type=\"URL\" data-id=\"https:\/\/sigedal.se\/index.php\/skolstads-agarlangd\/\">\u00c4garl\u00e4ngd 1327 &#8211; 2022<\/a><\/p>\n\n\n\n<p><a href=\"https:\/\/sigedal.se\/index.php\/boende-pa-skoldstad-sateri\/\" data-type=\"page\" data-id=\"4067\">Anst\u00e4llda p\u00e5 Sk\u00f6lstad fr\u00e5n \u00e5r 1740<\/a><\/p>\n\n\n\n<p><a href=\"https:\/\/sigedal.se\/index.php\/lantmaterihandlingar-rorande-skoldstad\/\">Lantm\u00e4terihandlingar \u00e5r 1869<\/a><\/p>\n\n\n\n<p><a href=\"https:\/\/sigedal.se\/index.php\/historiska-kartor-over-skoldstad\/\" data-type=\"page\" data-id=\"9912\">Historiska kartor \u00f6ver Sk\u00f6ldstad s\u00e4teri<\/a><\/p>\n\n\n\n<p><a href=\"https:\/\/sigedal.se\/index.php\/fredrik-horn-af-aminne\/\" data-type=\"page\" data-id=\"1793\">Fredrik Horn af \u00c5minne<\/a><\/p>\n\n\n\n<p><a href=\"https:\/\/sigedal.se\/index.php\/herman-von-lingen\/\">Herman von Lingen (1748-1820)<\/a><\/p>\n\n\n\n<p><a href=\"https:\/\/sigedal.se\/index.php\/fredrik-reinhold-von-lingen\/\">Fredrik Reinhold von Lingen (1800-1867)<\/a><\/p>\n\n\n\n<h2 class=\"wp-block-heading\">Skrock fr\u00e5n Sk\u00f6ldstad skog<\/h2>\n\n\n\n<p>I Anton Ridderstads &#8221;\u00d6sterg\u00f6tlands beskrivning&#8221; del II:2 tryckt 1918 finns p\u00e5 sidan 857 f\u00f6ljande ang\u00e5ende Sk\u00f6ldstad.<\/p>\n\n\n\n<p>I n\u00e4rheten av all\u00e9n \u00e5 en p\u00e5 1860-talet uppl\u00f6jd \u00e5ker finnes en bautasten av svart gr\u00e5bl\u00e5 gr\u00e5sten. Den s\u00e4ges ha blivit hitflyttad till minne, enligt n\u00e5gra av ett hemligt bes\u00f6k h\u00e4r av de landsflyktige Klas Fredrik Horn eller enligt andra till minne av ovann\u00e4mnde general Horns hemkomst fr\u00e5n 1789 \u00e5rs krig, men m\u00e5h\u00e4nda snarare fr\u00e5n 1789 \u00e5rs riksdag, d\u00e4r han tillika med andra adelsm\u00e4n varit f\u00e4ngslad, och skall han d\u00e4r emottagits av sin fru, omgiven av godsets folk, under fr\u00f6jd och v\u00e4lg\u00e5ngs\u00f6nskningar. S\u00e5 l\u00e4nge egendomen var inom denna familj, firades p\u00e5 samma st\u00e4lle minnet av denna dag under lek och dans.<\/p>\n\n\n\n<p>I Sk\u00f6ldstad skog \u00e4vensom i omgivningarna finnes vackra lager av granit, liggande i best\u00e4mda avlagringar och av betydlig utstr\u00e4ckning. D\u00e5 man bultar p\u00e5 dessa berg, h\u00f6res ett d\u00e5nande ljud fr\u00e5n de mellan berglagren varande mellanrum. Detta har givit anledning till folktron, att trollen h\u00e4r ha sina festsalar, varf\u00f6r \u00e4nnu i senare tid omkringboende ej nattetid v\u00e5ga betr\u00e4da dessa berg utan att f\u00f6rut ha v\u00e4ndt sin rock avig och h\u00e4rigenom gjort sig oigenk\u00e4nnlig f\u00f6r underjordens makter!<\/p>\n","protected":false},"excerpt":{"rendered":"<p>Torp \u00e5terfinns i den f\u00f6r alla torp gemensamma torplistan. \u00c4garl\u00e4ngd 1327 &#8211; 2022 Anst\u00e4llda p\u00e5 Sk\u00f6lstad fr\u00e5n \u00e5r 1740 Lantm\u00e4terihandlingar \u00e5r 1869 Historiska kartor \u00f6ver Sk\u00f6ldstad s\u00e4teri Fredrik Horn af \u00c5minne Herman von Lingen (1748-1820) Fredrik Reinhold von Lingen (1800-1867) Skrock fr\u00e5n Sk\u00f6ldstad skog I Anton Ridderstads &#8221;\u00d6sterg\u00f6tlands beskrivning&#8221; del II:2 tryckt 1918 finns p\u00e5 &hellip; <a href=\"https:\/\/sigedal.se\/index.php\/skolstad\/\" class=\"more-link\">Forts\u00e4tt l\u00e4sa<span class=\"screen-reader-text\"> \u201dSk\u00f6lstad s\u00e4teri\u201d<\/span><\/a><\/p>\n","protected":false},"author":3,"featured_media":0,"parent":0,"menu_order":0,"comment_status":"closed","ping_status":"closed","template":"","meta":{"footnotes":""},"class_list":["post-457","page","type-page","status-publish","hentry"],"jetpack-related-posts":[{"id":9737,"url":"https:\/\/sigedal.se\/index.php\/andersson-irma\/","url_meta":{"origin":457,"position":0},"title":"Andersson Irma (f Pettersson)","author":"Kent","date":"2022-10-08","format":false,"excerpt":"Irma Andersson fotograferad i salen p\u00e5 Sk\u00f6lstad s\u00e4teri. F\u00f6dd \u00e5r 1928-09-05 i Sya p\u00e5 Hydinge s\u00f6derg\u00e5rdD\u00f6d \u00e5r 2021 i Vikingstad, Sk\u00f6lstad s\u00e4teriGift \u00e5r 1950-04-15 med\u00a0Georg Andersson (1919 - 2008)Far: Ernst Teodore Pettersson (1894-06-24 - )Mor: Hildur Ingeborg Karlsson (1900-05-20 - )Barn:\u00a0Monica (1951 - ), H\u00e5kan Arvid (1954 - 2022)Yrke: Har\u2026","rel":"","context":"Liknande inl\u00e4gg","block_context":{"text":"Liknande inl\u00e4gg","link":""},"img":{"alt_text":"","src":"https:\/\/i0.wp.com\/sigedal.se\/wp-content\/uploads\/2022\/10\/Irma-Andersson.jpg?resize=350%2C200&ssl=1","width":350,"height":200,"srcset":"https:\/\/i0.wp.com\/sigedal.se\/wp-content\/uploads\/2022\/10\/Irma-Andersson.jpg?resize=350%2C200&ssl=1 1x, https:\/\/i0.wp.com\/sigedal.se\/wp-content\/uploads\/2022\/10\/Irma-Andersson.jpg?resize=525%2C300&ssl=1 1.5x, https:\/\/i0.wp.com\/sigedal.se\/wp-content\/uploads\/2022\/10\/Irma-Andersson.jpg?resize=700%2C400&ssl=1 2x"},"classes":[]},{"id":1770,"url":"https:\/\/sigedal.se\/index.php\/skolstads-agarlangd\/","url_meta":{"origin":457,"position":1},"title":"Sk\u00f6lstads \u00e4garl\u00e4ngd","author":"Kent","date":"2021-03-30","format":false,"excerpt":"1 mantal (133 h) Sk\u00f6lstad i Vikingstad \u00e4r ett gammalt s\u00e4teri i gammal kulturbygd. 1327Sk\u00f6lstad \u00e4r h\u00e4r omn\u00e4mnt som Ski\u00f6lstada. Marsken Evengisle N\u00e4skonung bytte jord till Lars Jonsson \u00e5 Ture J\u00f6nssons v\u00e4gnar.1406G\u00e4rtrud Lagesdotter (tre bj\u00e4lkar) avstod till nunneklostret i Sk\u00e4nninge 3 attungar jord i Anunstadum och 2 attungar i Skylstadum\u2026","rel":"","context":"Liknande inl\u00e4gg","block_context":{"text":"Liknande inl\u00e4gg","link":""},"img":{"alt_text":"","src":"https:\/\/i0.wp.com\/sigedal.se\/wp-content\/uploads\/2022\/10\/Skolstad_015-scaled.jpg?resize=350%2C200&ssl=1","width":350,"height":200,"srcset":"https:\/\/i0.wp.com\/sigedal.se\/wp-content\/uploads\/2022\/10\/Skolstad_015-scaled.jpg?resize=350%2C200&ssl=1 1x, https:\/\/i0.wp.com\/sigedal.se\/wp-content\/uploads\/2022\/10\/Skolstad_015-scaled.jpg?resize=525%2C300&ssl=1 1.5x, https:\/\/i0.wp.com\/sigedal.se\/wp-content\/uploads\/2022\/10\/Skolstad_015-scaled.jpg?resize=700%2C400&ssl=1 2x, https:\/\/i0.wp.com\/sigedal.se\/wp-content\/uploads\/2022\/10\/Skolstad_015-scaled.jpg?resize=1050%2C600&ssl=1 3x, https:\/\/i0.wp.com\/sigedal.se\/wp-content\/uploads\/2022\/10\/Skolstad_015-scaled.jpg?resize=1400%2C800&ssl=1 4x"},"classes":[]},{"id":7808,"url":"https:\/\/sigedal.se\/index.php\/skolstad-forarebostaden\/","url_meta":{"origin":457,"position":2},"title":"Sk\u00f6lstad Forarebostaden","author":"Kent","date":"2021-08-28","format":false,"excerpt":"D\u00f6rren till v\u00e4nster gick till en tv\u00e4ttstuga som kvinnorna i trakten kunde bruka. Foto Irma Andersson 2000 Foto Irma Andersson 2001 Forarebostadens placering var lite originell. Det bakre v\u00e4nstra h\u00f6rnet p\u00e5 huset vilade p\u00e5 en pelare som stod i den lilla dammen bakom huset. Vilket f\u00f6ljaktligen innebar att en liten\u2026","rel":"","context":"Liknande inl\u00e4gg","block_context":{"text":"Liknande inl\u00e4gg","link":""},"img":{"alt_text":"","src":"https:\/\/i0.wp.com\/sigedal.se\/wp-content\/uploads\/2021\/08\/vk5168liten.jpg?resize=350%2C200&ssl=1","width":350,"height":200,"srcset":"https:\/\/i0.wp.com\/sigedal.se\/wp-content\/uploads\/2021\/08\/vk5168liten.jpg?resize=350%2C200&ssl=1 1x, https:\/\/i0.wp.com\/sigedal.se\/wp-content\/uploads\/2021\/08\/vk5168liten.jpg?resize=525%2C300&ssl=1 1.5x"},"classes":[]},{"id":2030,"url":"https:\/\/sigedal.se\/index.php\/arbetarbostaden-skolstad-sateri\/","url_meta":{"origin":457,"position":3},"title":"Arbetarbostaden (Sk\u00f6lstad s\u00e4teri)","author":"Kent","date":"2021-04-01","format":false,"excerpt":"Foto Irma Andersson 2001-10-29 Arbetarebostaden bestod ursprungligen av tre l\u00e4genheter. Tv\u00e5 l\u00e4genheter p\u00e5 bottenv\u00e5ningen med ing\u00e5ng fr\u00e5n vardera kortsida av huset. L\u00e4genheten p\u00e5 \u00f6verv\u00e5ningen hade sin entr\u00e9 fr\u00e5n framsidan. I l\u00e4genheten till h\u00f6ger har R\u00e4ttaren Karl August Svensson bott vars dotter Elsa s\u00e5 sm\u00e5ningom blev mor till den riksbekante komikern\u2026","rel":"","context":"Liknande inl\u00e4gg","block_context":{"text":"Liknande inl\u00e4gg","link":""},"img":{"alt_text":"","src":"https:\/\/i0.wp.com\/sigedal.se\/wp-content\/uploads\/2021\/03\/vk5180liten.jpg?resize=350%2C200&ssl=1","width":350,"height":200,"srcset":"https:\/\/i0.wp.com\/sigedal.se\/wp-content\/uploads\/2021\/03\/vk5180liten.jpg?resize=350%2C200&ssl=1 1x, https:\/\/i0.wp.com\/sigedal.se\/wp-content\/uploads\/2021\/03\/vk5180liten.jpg?resize=525%2C300&ssl=1 1.5x"},"classes":[]},{"id":9731,"url":"https:\/\/sigedal.se\/index.php\/andersson-georg\/","url_meta":{"origin":457,"position":4},"title":"Andersson Georg","author":"Kent","date":"2022-10-08","format":false,"excerpt":"Georg Andersson fotograferad i salen p\u00e5 Sk\u00f6lstad s\u00e4teri. F\u00f6dd \u00e5r 1919-04-13 i Horn p\u00e5 \u00c5by s\u00e4teriD\u00f6d \u00e5r 2008-01-28 i Vikingstad, Sk\u00f6lstad s\u00e4teriGift \u00e5r 1950-04-15 med\u00a0Irma Elna Ingeborg Pettersson (1928-09-05 - 2021)Far: Arvid Andersson (1882 - 1952)Mor: Ebba Elisabet Johansson (1895-08-08 - 1981-08-01)Barn:\u00a0Monica (1951 - ), H\u00e5kan Arvid (1954 - 2022)Yrke:\u2026","rel":"","context":"Liknande inl\u00e4gg","block_context":{"text":"Liknande inl\u00e4gg","link":""},"img":{"alt_text":"","src":"https:\/\/i0.wp.com\/sigedal.se\/wp-content\/uploads\/2022\/10\/Georg-Andersson.jpg?resize=350%2C200&ssl=1","width":350,"height":200,"srcset":"https:\/\/i0.wp.com\/sigedal.se\/wp-content\/uploads\/2022\/10\/Georg-Andersson.jpg?resize=350%2C200&ssl=1 1x, https:\/\/i0.wp.com\/sigedal.se\/wp-content\/uploads\/2022\/10\/Georg-Andersson.jpg?resize=525%2C300&ssl=1 1.5x, https:\/\/i0.wp.com\/sigedal.se\/wp-content\/uploads\/2022\/10\/Georg-Andersson.jpg?resize=700%2C400&ssl=1 2x, https:\/\/i0.wp.com\/sigedal.se\/wp-content\/uploads\/2022\/10\/Georg-Andersson.jpg?resize=1050%2C600&ssl=1 3x"},"classes":[]},{"id":9744,"url":"https:\/\/sigedal.se\/index.php\/andersson-arvid-andreas\/","url_meta":{"origin":457,"position":5},"title":"Andersson Arvid Andreas","author":"Kent","date":"2022-10-08","format":false,"excerpt":"Arvid och Ebbas br\u00f6llopsfoto 1918. F\u00f6dd \u00e5r 1882-02-20 i GammalkilD\u00f6d \u00e5r 1952-04-01 i Vikingstad, Sk\u00f6lstad s\u00e4teriGift \u00e5r 1918-06-05 med\u00a0Ebba Elisabet Johansson 1895-08-08 \u2013 1981-08-01)Far: Johan A. Andersson (1882 - 1952)Mor: Charlotta Eleonora Andersson (1895-08-08 - 1981-08-01)Barn: Arvid\u00a0Georg (1919-04-13 - 2008-01-28), Barbro Ebba Charlotta (1922-05-12 - 2000-08-11)Yrke: JordbrukareHar bott i\u00a0Sk\u00f6lstad s\u00e4teri\u2026","rel":"","context":"Liknande inl\u00e4gg","block_context":{"text":"Liknande inl\u00e4gg","link":""},"img":{"alt_text":"","src":"https:\/\/i0.wp.com\/sigedal.se\/wp-content\/uploads\/2022\/10\/Ebba-och-Arvid-Andersson_Skolstad-scaled.jpg?resize=350%2C200&ssl=1","width":350,"height":200,"srcset":"https:\/\/i0.wp.com\/sigedal.se\/wp-content\/uploads\/2022\/10\/Ebba-och-Arvid-Andersson_Skolstad-scaled.jpg?resize=350%2C200&ssl=1 1x, https:\/\/i0.wp.com\/sigedal.se\/wp-content\/uploads\/2022\/10\/Ebba-och-Arvid-Andersson_Skolstad-scaled.jpg?resize=525%2C300&ssl=1 1.5x, https:\/\/i0.wp.com\/sigedal.se\/wp-content\/uploads\/2022\/10\/Ebba-och-Arvid-Andersson_Skolstad-scaled.jpg?resize=700%2C400&ssl=1 2x, https:\/\/i0.wp.com\/sigedal.se\/wp-content\/uploads\/2022\/10\/Ebba-och-Arvid-Andersson_Skolstad-scaled.jpg?resize=1050%2C600&ssl=1 3x, https:\/\/i0.wp.com\/sigedal.se\/wp-content\/uploads\/2022\/10\/Ebba-och-Arvid-Andersson_Skolstad-scaled.jpg?resize=1400%2C800&ssl=1 4x"},"classes":[]}],"jetpack_sharing_enabled":true,"_links":{"self":[{"href":"https:\/\/sigedal.se\/index.php\/wp-json\/wp\/v2\/pages\/457","targetHints":{"allow":["GET"]}}],"collection":[{"href":"https:\/\/sigedal.se\/index.php\/wp-json\/wp\/v2\/pages"}],"about":[{"href":"https:\/\/sigedal.se\/index.php\/wp-json\/wp\/v2\/types\/page"}],"author":[{"embeddable":true,"href":"https:\/\/sigedal.se\/index.php\/wp-json\/wp\/v2\/users\/3"}],"replies":[{"embeddable":true,"href":"https:\/\/sigedal.se\/index.php\/wp-json\/wp\/v2\/comments?post=457"}],"version-history":[{"count":21,"href":"https:\/\/sigedal.se\/index.php\/wp-json\/wp\/v2\/pages\/457\/revisions"}],"predecessor-version":[{"id":9931,"href":"https:\/\/sigedal.se\/index.php\/wp-json\/wp\/v2\/pages\/457\/revisions\/9931"}],"wp:attachment":[{"href":"https:\/\/sigedal.se\/index.php\/wp-json\/wp\/v2\/media?parent=457"}],"curies":[{"name":"wp","href":"https:\/\/api.w.org\/{rel}","templated":true}]}}