{"id":4227,"date":"2021-04-14T15:02:32","date_gmt":"2021-04-14T13:02:32","guid":{"rendered":"https:\/\/sigedal.se\/?page_id=4227"},"modified":"2021-05-15T11:46:50","modified_gmt":"2021-05-15T09:46:50","slug":"jonsdotter-catharina","status":"publish","type":"page","link":"https:\/\/sigedal.se\/index.php\/jonsdotter-catharina\/","title":{"rendered":"Jonsdotter Catharina"},"content":{"rendered":"\n<figure class=\"wp-block-table is-style-stripes\"><table><tbody><tr><td>F\u00f6dd \u00e5r 1795 i<\/td><\/tr><tr><td>D\u00f6d \u00e5r 1834 i Vikingstad<\/td><\/tr><tr><td>Gift \u00e5r 1823 med <a href=\"https:\/\/sigedal.se\/index.php\/persson-jonas-2\/\">Jonas Persson<\/a> i hans tredje \u00e4ktenskap<\/td><\/tr><tr><td>Far:<\/td><\/tr><tr><td>Mor:<\/td><\/tr><tr><td>Barn:\u00a0<a href=\"https:\/\/sigedal.se\/index.php\/jonsson-jonas-3\/\" data-type=\"page\" data-id=\"4272\">Jonas<\/a> (f 1824), <a href=\"https:\/\/sigedal.se\/index.php\/jonsson-peter-2\/\">Peter <\/a>(f 1825), <a href=\"https:\/\/sigedal.se\/index.php\/jonasdotter-johanna\/\">Johanna<\/a> (f 1830)<\/td><\/tr><tr><td>Yrke:<\/td><\/tr><tr><td>Har bott i <a href=\"https:\/\/sigedal.se\/index.php\/gustad-norrgard\/\" data-type=\"page\" data-id=\"612\">Gustad Norrg\u00e5rd<\/a> 18xx &#8211; 1834)<\/td><\/tr><tr><td>Fotografi tagit \u00e5r<\/td><\/tr><tr><td>Ber\u00e4ttelser<\/td><\/tr><tr><td>\u00d6vrigt<\/td><\/tr><\/tbody><\/table><\/figure>\n","protected":false},"excerpt":{"rendered":"<p>F\u00f6dd \u00e5r 1795 i D\u00f6d \u00e5r 1834 i Vikingstad Gift \u00e5r 1823 med Jonas Persson i hans tredje \u00e4ktenskap Far: Mor: Barn:\u00a0Jonas (f 1824), Peter (f 1825), Johanna (f 1830) Yrke: Har bott i Gustad Norrg\u00e5rd 18xx &#8211; 1834) Fotografi tagit \u00e5r Ber\u00e4ttelser \u00d6vrigt<\/p>\n","protected":false},"author":3,"featured_media":0,"parent":0,"menu_order":0,"comment_status":"closed","ping_status":"closed","template":"","meta":{"jetpack_post_was_ever_published":false,"footnotes":""},"class_list":["post-4227","page","type-page","status-publish","hentry"],"jetpack-related-posts":[{"id":4272,"url":"https:\/\/sigedal.se\/index.php\/jonsson-jonas-3\/","url_meta":{"origin":4227,"position":0},"title":"Jonsson Jonas","author":"Kent","date":"2021-04-14","format":false,"excerpt":"F\u00f6dd \u00e5r 1824 i Gustad Norrg\u00e5rdD\u00f6d \u00e5r 1xxx iGift \u00e5r 18xx med Brita Stina Nilsdotter (f 1833)Far: Jonas PerssonMor: Catharina Jonsdotter (1795 - 1834)Barn:\u00a0Johanna Maria ((f 1860), Christina Carolina (f 1861), Hilda Charlotta (1862 - 1866)Yrke: BrukareHar bott i Gustad Norrg\u00e5rd (1824 -1853), Gustad S\u00f6derg\u00e5rd (1853 - 1866 d\u00e5 familjen\u2026","rel":"","context":"Liknande inl\u00e4gg","block_context":{"text":"Liknande inl\u00e4gg","link":""},"img":{"alt_text":"","src":"","width":0,"height":0},"classes":[]},{"id":5684,"url":"https:\/\/sigedal.se\/index.php\/persson-jonas-2\/","url_meta":{"origin":4227,"position":1},"title":"Persson Jonas","author":"Kent","date":"2021-04-27","format":false,"excerpt":"F\u00f6dd \u00e5r 1766 iD\u00f6d \u00e5r 1836 i VikingstadGift \u00e5r 17xx med 1:a giftet: Anna Jonsdotter (f 1753 i Gammalkil - 1821), 2:a giftet: Maria M\u00e5nsdotter (1794 - 1823), 3:e giftet: Catharina Jonsdotter (f 1795 - 1834)Far: Per Svensson (1733 - f\u00f6re 1799)Mor: Anna Jonsdotter (1735 - 1808)Barn:\u00a01:a giftet inga barn.\u2026","rel":"","context":"Liknande inl\u00e4gg","block_context":{"text":"Liknande inl\u00e4gg","link":""},"img":{"alt_text":"","src":"","width":0,"height":0},"classes":[]},{"id":616,"url":"https:\/\/sigedal.se\/index.php\/gustad-sodergard\/","url_meta":{"origin":4227,"position":2},"title":"Gustad S\u00f6derg\u00e5rd","author":"Kent","date":"2021-03-25","format":false,"excerpt":"Foto 1930-talet Foto tidigt 1940-tal. Byggnaden uppf\u00f6rd p\u00e5 1880.talet av H\u00e4radsdomare Samuel Persson. Foto Rickard Fransson 2015 Namn - levde\u00d6vrigtLarsson J\u00f6ns 17xx - ca 1799Bodde h\u00f6r 17xx - ca 1799Nilsdotter Maja 1738 - 1805Bodde h\u00e4r 17xx - 18xxBarn: Daniel J\u00f6nsson 1751 - 1829Svensson Per 1733 - 1799Bodde h\u00e4r 17xx -\u2026","rel":"","context":"Liknande inl\u00e4gg","block_context":{"text":"Liknande inl\u00e4gg","link":""},"img":{"alt_text":"","src":"https:\/\/i0.wp.com\/sigedal.se\/wp-content\/uploads\/2022\/10\/Gustad-Sodergard-1940-talet.jpg?resize=350%2C200&ssl=1","width":350,"height":200,"srcset":"https:\/\/i0.wp.com\/sigedal.se\/wp-content\/uploads\/2022\/10\/Gustad-Sodergard-1940-talet.jpg?resize=350%2C200&ssl=1 1x, https:\/\/i0.wp.com\/sigedal.se\/wp-content\/uploads\/2022\/10\/Gustad-Sodergard-1940-talet.jpg?resize=525%2C300&ssl=1 1.5x, https:\/\/i0.wp.com\/sigedal.se\/wp-content\/uploads\/2022\/10\/Gustad-Sodergard-1940-talet.jpg?resize=700%2C400&ssl=1 2x"},"classes":[]},{"id":4989,"url":"https:\/\/sigedal.se\/index.php\/mansdotter-cajsa-2\/","url_meta":{"origin":4227,"position":3},"title":"M\u00e5nsdotter Cajsa","author":"Kent","date":"2021-04-21","format":false,"excerpt":"F\u00f6dd \u00e5r 1767-02-18 i VikingstadD\u00f6d \u00e5r 18xx iGift \u00e5r 17xx med smeden Anders Henricsson (f 1748 i Ledberg)Far:Mor:Barn:\u00a0Fem barnYrke:Har bott i Nybble Smedstorp (ca 1800 - ca 1810), Backstugan Haninge (1834 - )Fotografi tagit \u00e5rBer\u00e4ttelser\u00d6vrigt: Familjen bodde i torpet tillsammans med familjen m\u00e5laren Jon W\u00e5hlander (f 1771 i V\u00e5rdsberg) \u00c4r\u2026","rel":"","context":"Liknande inl\u00e4gg","block_context":{"text":"Liknande inl\u00e4gg","link":""},"img":{"alt_text":"","src":"","width":0,"height":0},"classes":[]},{"id":3194,"url":"https:\/\/sigedal.se\/index.php\/andersson-anders-2\/","url_meta":{"origin":4227,"position":4},"title":"Andersson Anders","author":"Kent","date":"2021-04-08","format":false,"excerpt":"F\u00f6dd \u00e5r 1790 (eller 1796) i K\u00e4rnaD\u00f6d i b\u00f6rjan av 1870-taletGift \u00e5r 1827 med Lisa Larsdotter (f 1797 i Vikingstad)Far:Mor:Barn:\u00a0Anders Petter (f 1828, d 1844), Lars August (f 1831), Lovisa (f 1834) och Fredrika (f 1838) (alla f\u00f6dda i Vikingstad)Yrke: BackstugemanHar bott i Rakered B\u00e4ckstugan (ca 1827 - 1832), Rakered\u2026","rel":"","context":"Liknande inl\u00e4gg","block_context":{"text":"Liknande inl\u00e4gg","link":""},"img":{"alt_text":"","src":"","width":0,"height":0},"classes":[]},{"id":4301,"url":"https:\/\/sigedal.se\/index.php\/jonsson-peter-2\/","url_meta":{"origin":4227,"position":5},"title":"Jonsson Peter","author":"Kent","date":"2021-04-14","format":false,"excerpt":"F\u00f6dd \u00e5r 1825 i VikingstadD\u00f6d \u00e5r 1xxx iGift \u00e5r 18xx med Maria Charlotta Nilsdotter (f 1835 i Skeda)Far: Jonas PerssonMor: Catharina J\u00f6nsdotter (1795 - 1834)Barn:\u00a0Carolina Charlotta (1857 - 1858)Yrke:Har bott i Gustad Norrg\u00e5rd (1825 - 1853), Gustad S\u00f6derg\u00e5rd (1853 - 1859)Fotografi tagit \u00e5rBer\u00e4ttelser\u00d6vrigt Flyttar 1859 till Skeda","rel":"","context":"Liknande inl\u00e4gg","block_context":{"text":"Liknande inl\u00e4gg","link":""},"img":{"alt_text":"","src":"","width":0,"height":0},"classes":[]}],"jetpack_sharing_enabled":true,"_links":{"self":[{"href":"https:\/\/sigedal.se\/index.php\/wp-json\/wp\/v2\/pages\/4227","targetHints":{"allow":["GET"]}}],"collection":[{"href":"https:\/\/sigedal.se\/index.php\/wp-json\/wp\/v2\/pages"}],"about":[{"href":"https:\/\/sigedal.se\/index.php\/wp-json\/wp\/v2\/types\/page"}],"author":[{"embeddable":true,"href":"https:\/\/sigedal.se\/index.php\/wp-json\/wp\/v2\/users\/3"}],"replies":[{"embeddable":true,"href":"https:\/\/sigedal.se\/index.php\/wp-json\/wp\/v2\/comments?post=4227"}],"version-history":[{"count":3,"href":"https:\/\/sigedal.se\/index.php\/wp-json\/wp\/v2\/pages\/4227\/revisions"}],"predecessor-version":[{"id":6882,"href":"https:\/\/sigedal.se\/index.php\/wp-json\/wp\/v2\/pages\/4227\/revisions\/6882"}],"wp:attachment":[{"href":"https:\/\/sigedal.se\/index.php\/wp-json\/wp\/v2\/media?parent=4227"}],"curies":[{"name":"wp","href":"https:\/\/api.w.org\/{rel}","templated":true}]}}