{"id":4015,"date":"2021-04-12T19:49:10","date_gmt":"2021-04-12T17:49:10","guid":{"rendered":"https:\/\/sigedal.se\/?page_id=4015"},"modified":"2021-05-15T11:03:20","modified_gmt":"2021-05-15T09:03:20","slug":"jonasdotter-johanna","status":"publish","type":"page","link":"https:\/\/sigedal.se\/index.php\/jonasdotter-johanna\/","title":{"rendered":"Jonasdotter Johanna"},"content":{"rendered":"\n<figure class=\"wp-block-table is-style-stripes\"><table><tbody><tr><td>F\u00f6dd \u00e5r 1830 i Vikingstad<\/td><\/tr><tr><td>D\u00f6d \u00e5r 1xxx i<\/td><\/tr><tr><td>Gift \u00e5r 1xxx med<\/td><\/tr><tr><td>Far: Jonas Persson (1766 -1836)<\/td><\/tr><tr><td>Mor: <a href=\"https:\/\/sigedal.se\/index.php\/jonsdotter-catharina\/\" data-type=\"page\" data-id=\"4227\">Catharina Jonsdotter<\/a> (1795 -1834)<\/td><\/tr><tr><td>Barn:&nbsp;<\/td><\/tr><tr><td>Yrke:<\/td><\/tr><tr><td>Har bott i <a href=\"https:\/\/sigedal.se\/index.php\/gustad-norrgard\/\" data-type=\"page\" data-id=\"612\">Gustad Norrg\u00e5rd<\/a> (1830 &#8211;<\/td><\/tr><tr><td>Fotografi tagit \u00e5r<\/td><\/tr><tr><td>Ber\u00e4ttelser<\/td><\/tr><tr><td>\u00d6vrigt: N\u00e4r \u00f6vriga familjen flyttar till Gustad S\u00f6derg\u00e5rd stannar Johanna kvar i Norrg\u00e5rden.<\/td><\/tr><\/tbody><\/table><\/figure>\n","protected":false},"excerpt":{"rendered":"<p>F\u00f6dd \u00e5r 1830 i Vikingstad D\u00f6d \u00e5r 1xxx i Gift \u00e5r 1xxx med Far: Jonas Persson (1766 -1836) Mor: Catharina Jonsdotter (1795 -1834) Barn:&nbsp; Yrke: Har bott i Gustad Norrg\u00e5rd (1830 &#8211; Fotografi tagit \u00e5r Ber\u00e4ttelser \u00d6vrigt: N\u00e4r \u00f6vriga familjen flyttar till Gustad S\u00f6derg\u00e5rd stannar Johanna kvar i Norrg\u00e5rden.<\/p>\n","protected":false},"author":3,"featured_media":0,"parent":0,"menu_order":0,"comment_status":"closed","ping_status":"closed","template":"","meta":{"jetpack_post_was_ever_published":false,"footnotes":""},"class_list":["post-4015","page","type-page","status-publish","hentry"],"jetpack-related-posts":[{"id":612,"url":"https:\/\/sigedal.se\/index.php\/gustad-norrgard\/","url_meta":{"origin":4015,"position":0},"title":"Gustad Norrg\u00e5rd","author":"Kent","date":"2021-03-25","format":false,"excerpt":"Foto 1940-talet. Huset byggt tidigt 1800-tal Foto\u00e5r ok\u00e4nt. Stora ombyggnader verkar vara p\u00e5 g\u00e5ng och tittar man noga s\u00e5 ser man tv\u00e5 personer som sitter p\u00e5 taket p\u00e5 flygeln till h\u00f6ger. Fotot tillhandah\u00e5llet 2025 av fastighetens \u00e4gare. Flygfoto \u00f6ver Gustad Norrg\u00e5rd 1947. Fotot tillhandah\u00e5llet 2025 av fastighetens \u00e4gare. Kronog\u00e5rd: Skallmejebl\u00e5sarebost\u00e4lle\u2026","rel":"","context":"Liknande inl\u00e4gg","block_context":{"text":"Liknande inl\u00e4gg","link":""},"img":{"alt_text":"","src":"https:\/\/i0.wp.com\/sigedal.se\/wp-content\/uploads\/2022\/10\/Gustad-Norrgard.jpg?resize=350%2C200&ssl=1","width":350,"height":200,"srcset":"https:\/\/i0.wp.com\/sigedal.se\/wp-content\/uploads\/2022\/10\/Gustad-Norrgard.jpg?resize=350%2C200&ssl=1 1x, https:\/\/i0.wp.com\/sigedal.se\/wp-content\/uploads\/2022\/10\/Gustad-Norrgard.jpg?resize=525%2C300&ssl=1 1.5x, https:\/\/i0.wp.com\/sigedal.se\/wp-content\/uploads\/2022\/10\/Gustad-Norrgard.jpg?resize=700%2C400&ssl=1 2x"},"classes":[]},{"id":4227,"url":"https:\/\/sigedal.se\/index.php\/jonsdotter-catharina\/","url_meta":{"origin":4015,"position":1},"title":"Jonsdotter Catharina","author":"Kent","date":"2021-04-14","format":false,"excerpt":"F\u00f6dd \u00e5r 1795 iD\u00f6d \u00e5r 1834 i VikingstadGift \u00e5r 1823 med Jonas Persson i hans tredje \u00e4ktenskapFar:Mor:Barn:\u00a0Jonas (f 1824), Peter (f 1825), Johanna (f 1830)Yrke:Har bott i Gustad Norrg\u00e5rd 18xx - 1834)Fotografi tagit \u00e5rBer\u00e4ttelser\u00d6vrigt","rel":"","context":"Liknande inl\u00e4gg","block_context":{"text":"Liknande inl\u00e4gg","link":""},"img":{"alt_text":"","src":"","width":0,"height":0},"classes":[]},{"id":1120,"url":"https:\/\/sigedal.se\/index.php\/personforteckning-j\/","url_meta":{"origin":4015,"position":2},"title":"Personf\u00f6rteckning J","author":"Kent","date":"2021-03-26","format":false,"excerpt":"Efternamnet \u00e4r Ja - J\u00f6 f\u00f6rutom JohansdotterJohanssonJonsdotterJonssonJ\u00f6nsdotterJ\u00f6nsson NamnBoddeLevdeJacobi Georgius Henrici Kyrkoherde1500-taletJacobsdotter AnnaGustad S\u00f6derg\u00e5rd (18xx -\u00a01804 -\u00a0Jacobsdotter Anna GretaNybble Smedstorp1766 -\u00a0Jacobsdotter Brita LenaGustad Grantoppen1831 - 1911Jacobsdotter MajaGustad S\u00f6derg\u00e5rd (1755\u00a0 - 1843)1755 - 18xxJacobsson AndersNybble Jungfruhemmet1743 -\u00a0Jakobsson IngaOdengatan 211923-2012Jacobsson Ingeg\u00e4rd MargaretaVikslund, V\u00e5rbacka1921-2005Jacobsson Karl OttoNybble Hasselbacken, Vikslund, V\u00e5rbacka1922 - 2022Jacobsson KlasS\u00f6rstad \u00c4ngen1841 -Jacobsson\u2026","rel":"","context":"Liknande inl\u00e4gg","block_context":{"text":"Liknande inl\u00e4gg","link":""},"img":{"alt_text":"","src":"","width":0,"height":0},"classes":[]},{"id":4272,"url":"https:\/\/sigedal.se\/index.php\/jonsson-jonas-3\/","url_meta":{"origin":4015,"position":3},"title":"Jonsson Jonas","author":"Kent","date":"2021-04-14","format":false,"excerpt":"F\u00f6dd \u00e5r 1824 i Gustad Norrg\u00e5rdD\u00f6d \u00e5r 1xxx iGift \u00e5r 18xx med Brita Stina Nilsdotter (f 1833)Far: Jonas PerssonMor: Catharina Jonsdotter (1795 - 1834)Barn:\u00a0Johanna Maria ((f 1860), Christina Carolina (f 1861), Hilda Charlotta (1862 - 1866)Yrke: BrukareHar bott i Gustad Norrg\u00e5rd (1824 -1853), Gustad S\u00f6derg\u00e5rd (1853 - 1866 d\u00e5 familjen\u2026","rel":"","context":"Liknande inl\u00e4gg","block_context":{"text":"Liknande inl\u00e4gg","link":""},"img":{"alt_text":"","src":"","width":0,"height":0},"classes":[]},{"id":1172,"url":"https:\/\/sigedal.se\/index.php\/personforteckning-persson\/","url_meta":{"origin":4015,"position":4},"title":"Personf\u00f6rteckning Persson","author":"Kent","date":"2021-03-26","format":false,"excerpt":"NamnBoddeLevdePersson AndersGustad K\u00e4llg\u00e5rd 1837 - 18741811 - 1874Persson Anna MathildaRakered Grenadj\u00e4rtorp nr 49 (1880 -\u00a0\u00a0 )1864 -\u00a0Persson Arvid (Alfrid?)Boo Nederg\u00e5rd1723 - xxxxPersson CarlS\u00f6rstad \u00c4ngen1819 -\u00a0Persson Carl Johan\u00d6stra L\u00f6fhult (1825 - 1830)1790-01-23 -\u00a0Persson Carl PetterGustad Skatteg\u00e5rd (1817 - 1860 ), Boo \u00d6verg\u00e5rd (1860 -1817-05-17 -\u00a0Persson HansGustad Skatteg\u00e5rd1763 - 1813Persson HaraldGustad Aspeg\u00e5rd1769-02-12\u2026","rel":"","context":"Liknande inl\u00e4gg","block_context":{"text":"Liknande inl\u00e4gg","link":""},"img":{"alt_text":"","src":"","width":0,"height":0},"classes":[]},{"id":5684,"url":"https:\/\/sigedal.se\/index.php\/persson-jonas-2\/","url_meta":{"origin":4015,"position":5},"title":"Persson Jonas","author":"Kent","date":"2021-04-27","format":false,"excerpt":"F\u00f6dd \u00e5r 1766 iD\u00f6d \u00e5r 1836 i VikingstadGift \u00e5r 17xx med 1:a giftet: Anna Jonsdotter (f 1753 i Gammalkil - 1821), 2:a giftet: Maria M\u00e5nsdotter (1794 - 1823), 3:e giftet: Catharina Jonsdotter (f 1795 - 1834)Far: Per Svensson (1733 - f\u00f6re 1799)Mor: Anna Jonsdotter (1735 - 1808)Barn:\u00a01:a giftet inga barn.\u2026","rel":"","context":"Liknande inl\u00e4gg","block_context":{"text":"Liknande inl\u00e4gg","link":""},"img":{"alt_text":"","src":"","width":0,"height":0},"classes":[]}],"jetpack_sharing_enabled":true,"_links":{"self":[{"href":"https:\/\/sigedal.se\/index.php\/wp-json\/wp\/v2\/pages\/4015","targetHints":{"allow":["GET"]}}],"collection":[{"href":"https:\/\/sigedal.se\/index.php\/wp-json\/wp\/v2\/pages"}],"about":[{"href":"https:\/\/sigedal.se\/index.php\/wp-json\/wp\/v2\/types\/page"}],"author":[{"embeddable":true,"href":"https:\/\/sigedal.se\/index.php\/wp-json\/wp\/v2\/users\/3"}],"replies":[{"embeddable":true,"href":"https:\/\/sigedal.se\/index.php\/wp-json\/wp\/v2\/comments?post=4015"}],"version-history":[{"count":3,"href":"https:\/\/sigedal.se\/index.php\/wp-json\/wp\/v2\/pages\/4015\/revisions"}],"predecessor-version":[{"id":6857,"href":"https:\/\/sigedal.se\/index.php\/wp-json\/wp\/v2\/pages\/4015\/revisions\/6857"}],"wp:attachment":[{"href":"https:\/\/sigedal.se\/index.php\/wp-json\/wp\/v2\/media?parent=4015"}],"curies":[{"name":"wp","href":"https:\/\/api.w.org\/{rel}","templated":true}]}}