{"id":3478,"date":"2021-04-09T11:04:36","date_gmt":"2021-04-09T09:04:36","guid":{"rendered":"https:\/\/sigedal.se\/?page_id=3478"},"modified":"2021-05-04T19:39:12","modified_gmt":"2021-05-04T17:39:12","slug":"dahlgren-emma-alfrida","status":"publish","type":"page","link":"https:\/\/sigedal.se\/index.php\/dahlgren-emma-alfrida\/","title":{"rendered":"Dahlgren Emma Alfrida"},"content":{"rendered":"\n<figure class=\"wp-block-table is-style-stripes\"><table><tbody><tr><td>F\u00f6dd \u00e5r 18xx<\/td><\/tr><tr><td>D\u00f6d \u00e5r 1xxx i<\/td><\/tr><tr><td>Gift \u00e5r 1xxx med<\/td><\/tr><tr><td>Far:<\/td><\/tr><tr><td>Mor:<\/td><\/tr><tr><td>Barn:<\/td><\/tr><tr><td>Yrke: Arbetare<\/td><\/tr><tr><td>Har bott i <a href=\"https:\/\/sigedal.se\/index.php\/grenadjarstugan-eller-hogstorp-kvarstad-by-vikingstad-sn\/\" data-type=\"page\" data-id=\"2387\">Kvarstad H\u00f6gstorp<\/a> (Grenadj\u00e4rstugan) (1894 &#8211; 1895 )<\/td><\/tr><tr><td>Fotografi tagit \u00e5r<\/td><\/tr><tr><td>Ber\u00e4ttelser<\/td><\/tr><tr><td>\u00d6vrigt: Flyttar till K\u00e4rna<\/td><\/tr><\/tbody><\/table><\/figure>\n","protected":false},"excerpt":{"rendered":"<p>F\u00f6dd \u00e5r 18xx D\u00f6d \u00e5r 1xxx i Gift \u00e5r 1xxx med Far: Mor: Barn: Yrke: Arbetare Har bott i Kvarstad H\u00f6gstorp (Grenadj\u00e4rstugan) (1894 &#8211; 1895 ) Fotografi tagit \u00e5r Ber\u00e4ttelser \u00d6vrigt: Flyttar till K\u00e4rna<\/p>\n","protected":false},"author":3,"featured_media":0,"parent":0,"menu_order":0,"comment_status":"closed","ping_status":"closed","template":"","meta":{"footnotes":""},"class_list":["post-3478","page","type-page","status-publish","hentry"],"jetpack-related-posts":[{"id":5608,"url":"https:\/\/sigedal.se\/index.php\/pedersson-nils\/","url_meta":{"origin":3478,"position":0},"title":"Pedersson Nils","author":"Kent","date":"2021-04-26","format":false,"excerpt":"F\u00f6dd \u00e5r 1xxx iD\u00f6d \u00e5r 1xxx iGift \u00e5r 1xxx medFar:Mor:Barn:\u00a0Yrke:Har bott i: \u00c4gde 1360 en av Rakered bys tre g\u00e5rdar.Fotografi tagit \u00e5rBer\u00e4ttelser\u00d6vrigt","rel":"","context":"Liknande inl\u00e4gg","block_context":{"text":"Liknande inl\u00e4gg","link":""},"img":{"alt_text":"","src":"","width":0,"height":0},"classes":[]},{"id":6821,"url":"https:\/\/sigedal.se\/index.php\/persson-johan-2\/","url_meta":{"origin":3478,"position":1},"title":"Persson Johan","author":"Kent","date":"2021-05-15","format":false,"excerpt":"F\u00f6dd \u00e5r 1xxx iD\u00f6d \u00e5r 1xxx iGift \u00e5r 1xxx medFar:Mor:Barn:\u00a0Ili (Elin) 1730 - 1791Yrke:\u00a0Har bott i Sk\u00f6ldstadFotografi tagit \u00e5rBer\u00e4ttelser\u00d6vrigt:","rel":"","context":"Liknande inl\u00e4gg","block_context":{"text":"Liknande inl\u00e4gg","link":""},"img":{"alt_text":"","src":"","width":0,"height":0},"classes":[]},{"id":5064,"url":"https:\/\/sigedal.se\/index.php\/netherwood-wilhelm\/","url_meta":{"origin":3478,"position":2},"title":"Netherwood Wilhelm","author":"Kent","date":"2021-04-21","format":false,"excerpt":"F\u00f6dd \u00e5r 1xxx iD\u00f6d \u00e5r 1xxx iGift \u00e5r 1xxx med Katarina RosenbielkeFar:Mor:Barn:\u00a0Yrke: Ryttm\u00e4stareHar bott iFotografi tagit \u00e5rBer\u00e4ttelser\u00d6vrigt: Hans hustru, Katarina Rosenbielke \u00e4ger en, troligen tv\u00e5 g\u00e5rdar i Nybble. Hon inr\u00e4ttar och bebygger g\u00e5rd till s\u00e4teri. S\u00e4teriprivilegierna indrogs 1680.","rel":"","context":"Liknande inl\u00e4gg","block_context":{"text":"Liknande inl\u00e4gg","link":""},"img":{"alt_text":"","src":"","width":0,"height":0},"classes":[]},{"id":3957,"url":"https:\/\/sigedal.se\/index.php\/isaksson-jons\/","url_meta":{"origin":3478,"position":3},"title":"Isaksson J\u00f6ns","author":"Kent","date":"2021-04-12","format":false,"excerpt":"F\u00f6dd \u00e5r 17xx iD\u00f6d \u00e5r 1xxx iGift \u00e5r 1xxx medFar:Mor:Barn:\u00a0Yrke:Har bott i GunnorpFotografi tagit \u00e5rBer\u00e4ttelser\u00d6vrigt","rel":"","context":"Liknande inl\u00e4gg","block_context":{"text":"Liknande inl\u00e4gg","link":""},"img":{"alt_text":"","src":"","width":0,"height":0},"classes":[]},{"id":6720,"url":"https:\/\/sigedal.se\/index.php\/wallerstedt-anders\/","url_meta":{"origin":3478,"position":4},"title":"Wallerstedt Anders","author":"Kent","date":"2021-05-12","format":false,"excerpt":"F\u00f6dd \u00e5r 1818 iD\u00f6d \u00e5r 1xxx iGift \u00e5r 1xxx med Anna NilsdotterFar:Mor:Barn:\u00a0Yrke:Har bott iFotografi tagit \u00e5rBer\u00e4ttelser\u00d6vrigt","rel":"","context":"Liknande inl\u00e4gg","block_context":{"text":"Liknande inl\u00e4gg","link":""},"img":{"alt_text":"","src":"","width":0,"height":0},"classes":[]},{"id":5905,"url":"https:\/\/sigedal.se\/index.php\/ringstrom-johan\/","url_meta":{"origin":3478,"position":5},"title":"Ringstr\u00f6m Johan","author":"Kent","date":"2021-04-29","format":false,"excerpt":"F\u00f6dd \u00e5r 1822 iD\u00f6d \u00e5r 1xxx iGift \u00e5r 1xxx medFar:Mor:Barn:\u00a0Yrke:Har bott i Nybble Smedstorp (1860 \u2013 1870)Fotografi tagit \u00e5rBer\u00e4ttelser\u00d6vrigt","rel":"","context":"Liknande inl\u00e4gg","block_context":{"text":"Liknande inl\u00e4gg","link":""},"img":{"alt_text":"","src":"","width":0,"height":0},"classes":[]}],"jetpack_sharing_enabled":true,"_links":{"self":[{"href":"https:\/\/sigedal.se\/index.php\/wp-json\/wp\/v2\/pages\/3478","targetHints":{"allow":["GET"]}}],"collection":[{"href":"https:\/\/sigedal.se\/index.php\/wp-json\/wp\/v2\/pages"}],"about":[{"href":"https:\/\/sigedal.se\/index.php\/wp-json\/wp\/v2\/types\/page"}],"author":[{"embeddable":true,"href":"https:\/\/sigedal.se\/index.php\/wp-json\/wp\/v2\/users\/3"}],"replies":[{"embeddable":true,"href":"https:\/\/sigedal.se\/index.php\/wp-json\/wp\/v2\/comments?post=3478"}],"version-history":[{"count":3,"href":"https:\/\/sigedal.se\/index.php\/wp-json\/wp\/v2\/pages\/3478\/revisions"}],"predecessor-version":[{"id":6567,"href":"https:\/\/sigedal.se\/index.php\/wp-json\/wp\/v2\/pages\/3478\/revisions\/6567"}],"wp:attachment":[{"href":"https:\/\/sigedal.se\/index.php\/wp-json\/wp\/v2\/media?parent=3478"}],"curies":[{"name":"wp","href":"https:\/\/api.w.org\/{rel}","templated":true}]}}