{"id":3414,"date":"2021-04-09T09:53:44","date_gmt":"2021-04-09T07:53:44","guid":{"rendered":"https:\/\/sigedal.se\/?page_id=3414"},"modified":"2021-04-09T09:53:44","modified_gmt":"2021-04-09T07:53:44","slug":"bring-karl-otto","status":"publish","type":"page","link":"https:\/\/sigedal.se\/index.php\/bring-karl-otto\/","title":{"rendered":"Bring Karl Otto"},"content":{"rendered":"\n<figure class=\"wp-block-table is-style-stripes\"><table><tbody><tr><td>F\u00f6dd \u00e5r 1875 i<\/td><\/tr><tr><td>D\u00f6d \u00e5r 19xx i<\/td><\/tr><tr><td>Gift \u00e5r 19xx med<\/td><\/tr><tr><td>Far:<\/td><\/tr><tr><td>Mor:<\/td><\/tr><tr><td>Barn:&nbsp;<\/td><\/tr><tr><td>Yrke: Soldat<\/td><\/tr><tr><td>Har bott i <a href=\"https:\/\/sigedal.se\/index.php\/soldattorp-nr-60-rivet\/\" data-type=\"page\" data-id=\"1563\">Nybble Soldattorp nr 60<\/a> (1895-98)<\/td><\/tr><tr><td>Fotografi tagit \u00e5r<\/td><\/tr><tr><td>Ber\u00e4ttelser<\/td><\/tr><tr><td>\u00d6vrigt<\/td><\/tr><\/tbody><\/table><\/figure>\n","protected":false},"excerpt":{"rendered":"<p>F\u00f6dd \u00e5r 1875 i D\u00f6d \u00e5r 19xx i Gift \u00e5r 19xx med Far: Mor: Barn:&nbsp; Yrke: Soldat Har bott i Nybble Soldattorp nr 60 (1895-98) Fotografi tagit \u00e5r Ber\u00e4ttelser \u00d6vrigt<\/p>\n","protected":false},"author":3,"featured_media":0,"parent":0,"menu_order":0,"comment_status":"closed","ping_status":"closed","template":"","meta":{"jetpack_post_was_ever_published":false,"footnotes":""},"class_list":["post-3414","page","type-page","status-publish","hentry"],"jetpack-related-posts":[{"id":3471,"url":"https:\/\/sigedal.se\/index.php\/dahlberg-carl-henning-frithiof\/","url_meta":{"origin":3414,"position":0},"title":"Dahlberg Carl Henning Frithiof","author":"Kent","date":"2021-04-09","format":false,"excerpt":"F\u00f6dd \u00e5r 1859-08-13 i Sk\u00f6nbergaD\u00f6d \u00e5r 1928-04-23 i VikingstadGift \u00e5r 1892-09-18 med Gertrud Amalia Fredrika Jaede (1870-09-18 - 19xx, dotter till bruks\u00e4gare Wilhelm Jaede och hans hustru Anna Katrina Nordstr\u00f6m)Far: Karl Johan Dahlberg (L\u00e4rare i tr\u00e4dg\u00e5rdssk\u00f6tsel vid folkskoleseminariet i Link\u00f6ping)Mor: Hedvig AnderssonBarn:\u00a0Gunnar (1893-08-22 - 19xx), Britta (1894-10-04 - 19xx), Sven\u2026","rel":"","context":"Liknande inl\u00e4gg","block_context":{"text":"Liknande inl\u00e4gg","link":""},"img":{"alt_text":"","src":"","width":0,"height":0},"classes":[]},{"id":6403,"url":"https:\/\/sigedal.se\/index.php\/karlsson-anders-petter\/","url_meta":{"origin":3414,"position":1},"title":"Karlsson Anders Petter","author":"Kent","date":"2021-05-03","format":false,"excerpt":"F\u00f6dd \u00e5r 1858-04-27 i Vikingstad (Gustad Grantoppen)D\u00f6d \u00e5r 19xx i USA Emigrerade 1928-11-03Gift \u00e5r 1890-05-26 med Ahlstrand Johanna Cecilia (1867-01-13 - 19xx)Far:\u00a0Andersson\u00a0Karl\u00a0AndersMor:\u00a0Jacobsdotter Brita LenaBarn:\u00a0Per Erik* (1890-11-15 - 19xx), Bror Werner* (1891-12-09 - 19xx), Sten Thure (1892-12-30 -\u00a0 )Yrke:Har bott i\u00a0Gustad GrantoppenFotografi tagit \u00e5rBer\u00e4ttelser\u00d6vrigt* = emigrerade till USA 1915","rel":"","context":"Liknande inl\u00e4gg","block_context":{"text":"Liknande inl\u00e4gg","link":""},"img":{"alt_text":"","src":"","width":0,"height":0},"classes":[]},{"id":3013,"url":"https:\/\/sigedal.se\/index.php\/aspegren-herman\/","url_meta":{"origin":3414,"position":2},"title":"Aspegren Herman","author":"Kent","date":"2021-04-07","format":false,"excerpt":"F\u00f6dd \u00e5r 18xx iD\u00f6d \u00e5r 19xx iGift \u00e5r 19xx medFar:Mor:Barn:\u00a0Yrke:Har bott i Rakered Storg\u00e5rdFotografi tagit \u00e5rBer\u00e4ttelser\u00d6vrigt","rel":"","context":"Liknande inl\u00e4gg","block_context":{"text":"Liknande inl\u00e4gg","link":""},"img":{"alt_text":"","src":"","width":0,"height":0},"classes":[]},{"id":3115,"url":"https:\/\/sigedal.se\/index.php\/andersdotter-maja\/","url_meta":{"origin":3414,"position":3},"title":"Andersdotter Maja","author":"Kent","date":"2021-04-07","format":false,"excerpt":"F\u00f6dd \u00e5r 18xx iD\u00f6d \u00e5r 19xx iGift \u00e5r 19xx medFar:Mor:Barn:\u00a0Yrke:Har bott i Boo SolskinaFotografi tagit \u00e5rBer\u00e4ttelser\u00d6vrigt","rel":"","context":"Liknande inl\u00e4gg","block_context":{"text":"Liknande inl\u00e4gg","link":""},"img":{"alt_text":"","src":"","width":0,"height":0},"classes":[]},{"id":3303,"url":"https:\/\/sigedal.se\/index.php\/andersson-petter-2\/","url_meta":{"origin":3414,"position":4},"title":"Andersson Petter","author":"Kent","date":"2021-04-08","format":false,"excerpt":"F\u00f6dd \u00e5r 18xx iD\u00f6d \u00e5r 19xx iGift \u00e5r 19xx medFar:Mor:Barn:\u00a0Yrke:Har bott iFotografi tagit \u00e5rBer\u00e4ttelser\u00d6vrigt","rel":"","context":"Liknande inl\u00e4gg","block_context":{"text":"Liknande inl\u00e4gg","link":""},"img":{"alt_text":"","src":"","width":0,"height":0},"classes":[]},{"id":3294,"url":"https:\/\/sigedal.se\/index.php\/andersson-peter-2\/","url_meta":{"origin":3414,"position":5},"title":"Andersson Peter","author":"Kent","date":"2021-04-08","format":false,"excerpt":"F\u00f6dd \u00e5r 18xx iD\u00f6d \u00e5r 19xx iGift \u00e5r 19xx medFar:Mor:Barn:\u00a0Yrke:Har bott i Rakered Bj\u00f6rklundFotografi tagit \u00e5rBer\u00e4ttelser\u00d6vrigt","rel":"","context":"Liknande inl\u00e4gg","block_context":{"text":"Liknande inl\u00e4gg","link":""},"img":{"alt_text":"","src":"","width":0,"height":0},"classes":[]}],"jetpack_sharing_enabled":true,"_links":{"self":[{"href":"https:\/\/sigedal.se\/index.php\/wp-json\/wp\/v2\/pages\/3414","targetHints":{"allow":["GET"]}}],"collection":[{"href":"https:\/\/sigedal.se\/index.php\/wp-json\/wp\/v2\/pages"}],"about":[{"href":"https:\/\/sigedal.se\/index.php\/wp-json\/wp\/v2\/types\/page"}],"author":[{"embeddable":true,"href":"https:\/\/sigedal.se\/index.php\/wp-json\/wp\/v2\/users\/3"}],"replies":[{"embeddable":true,"href":"https:\/\/sigedal.se\/index.php\/wp-json\/wp\/v2\/comments?post=3414"}],"version-history":[{"count":1,"href":"https:\/\/sigedal.se\/index.php\/wp-json\/wp\/v2\/pages\/3414\/revisions"}],"predecessor-version":[{"id":3415,"href":"https:\/\/sigedal.se\/index.php\/wp-json\/wp\/v2\/pages\/3414\/revisions\/3415"}],"wp:attachment":[{"href":"https:\/\/sigedal.se\/index.php\/wp-json\/wp\/v2\/media?parent=3414"}],"curies":[{"name":"wp","href":"https:\/\/api.w.org\/{rel}","templated":true}]}}