{"id":3390,"date":"2021-04-09T09:38:10","date_gmt":"2021-04-09T07:38:10","guid":{"rendered":"https:\/\/sigedal.se\/?page_id=3390"},"modified":"2021-05-04T18:52:34","modified_gmt":"2021-05-04T16:52:34","slug":"blixt-johannes","status":"publish","type":"page","link":"https:\/\/sigedal.se\/index.php\/blixt-johannes\/","title":{"rendered":"Blixt Johannes"},"content":{"rendered":"\n<figure class=\"wp-block-table is-style-stripes\"><table><tbody><tr><td>F\u00f6dd \u00e5r 17xx i Sandsj\u00f6 f\u00f6rsamling, Sm\u00e5land<\/td><\/tr><tr><td>D\u00f6d \u00e5r 18xx i<\/td><\/tr><tr><td>Gift \u00e5r 18xx med <a href=\"https:\/\/sigedal.se\/index.php\/nilsdotter-maja-4\/\">Maja Nilsdotter<\/a> (f 1789 i Rappestad)<\/td><\/tr><tr><td>Far:<\/td><\/tr><tr><td>Mor:<\/td><\/tr><tr><td>Barn:&nbsp;Fem barn (tv\u00e5 dog 1821, tre och fem \u00e5r gamla)<\/td><\/tr><tr><td>Yrke: Soldat<\/td><\/tr><tr><td>Har bott i <a href=\"https:\/\/sigedal.se\/index.php\/soldattorp-nr-60-rivet\/\" data-type=\"page\" data-id=\"1563\">Nybble Soldattorp nr 60<\/a> (1808-)<\/td><\/tr><tr><td>Fotografi tagit \u00e5r<\/td><\/tr><tr><td>Ber\u00e4ttelser<\/td><\/tr><tr><td>\u00d6vrigt: Utkommenderad i f\u00e4lt 1808 och 1814. L\u00e5ngtidskommenderad till Malmen 1816-19<\/td><\/tr><\/tbody><\/table><\/figure>\n","protected":false},"excerpt":{"rendered":"<p>F\u00f6dd \u00e5r 17xx i Sandsj\u00f6 f\u00f6rsamling, Sm\u00e5land D\u00f6d \u00e5r 18xx i Gift \u00e5r 18xx med Maja Nilsdotter (f 1789 i Rappestad) Far: Mor: Barn:&nbsp;Fem barn (tv\u00e5 dog 1821, tre och fem \u00e5r gamla) Yrke: Soldat Har bott i Nybble Soldattorp nr 60 (1808-) Fotografi tagit \u00e5r Ber\u00e4ttelser \u00d6vrigt: Utkommenderad i f\u00e4lt 1808 och 1814. L\u00e5ngtidskommenderad &hellip; <a href=\"https:\/\/sigedal.se\/index.php\/blixt-johannes\/\" class=\"more-link\">Forts\u00e4tt l\u00e4sa<span class=\"screen-reader-text\"> \u201dBlixt Johannes\u201d<\/span><\/a><\/p>\n","protected":false},"author":3,"featured_media":0,"parent":0,"menu_order":0,"comment_status":"closed","ping_status":"closed","template":"","meta":{"footnotes":""},"class_list":["post-3390","page","type-page","status-publish","hentry"],"jetpack-related-posts":[{"id":5418,"url":"https:\/\/sigedal.se\/index.php\/nilsdotter-maja-4\/","url_meta":{"origin":3390,"position":0},"title":"Nilsdotter Maja","author":"Kent","date":"2021-04-24","format":false,"excerpt":"F\u00f6dd \u00e5r 1789 i RappestadD\u00f6d \u00e5r 18xx iGift \u00e5r 18xx med soldaten Johannes Blixt (f i Sandsj\u00f6 f\u00f6rsamling, Sm\u00e5land)Far:Mor:Barn:\u00a0Fem barn (tv\u00e5 av dem dog 1821, tre resp. fem \u00e5r gamla)Yrke:Har bott i Nybble Soldattorp nr 60 (1808 - 1820-talet)Fotografi tagit \u00e5rBer\u00e4ttelser\u00d6vrigt","rel":"","context":"Liknande inl\u00e4gg","block_context":{"text":"Liknande inl\u00e4gg","link":""},"img":{"alt_text":"","src":"","width":0,"height":0},"classes":[]},{"id":4904,"url":"https:\/\/sigedal.se\/index.php\/larsson-peter\/","url_meta":{"origin":3390,"position":1},"title":"Larsson Peter","author":"Kent","date":"2021-04-20","format":false,"excerpt":"F\u00f6dd \u00e5r 1808 iD\u00f6d \u00e5r 18xx iGift \u00e5r 18xx medFar:Mor:Barn:\u00a0Yrke:Har bott i Nybble Fr\u00e4lseg\u00e5rd (1841 \u2013\u00a0)Fotografi tagit \u00e5rBer\u00e4ttelser\u00d6vrigt","rel":"","context":"Liknande inl\u00e4gg","block_context":{"text":"Liknande inl\u00e4gg","link":""},"img":{"alt_text":"","src":"","width":0,"height":0},"classes":[]},{"id":5712,"url":"https:\/\/sigedal.se\/index.php\/persson-petter-2\/","url_meta":{"origin":3390,"position":2},"title":"Persson Petter","author":"Kent","date":"2021-04-27","format":false,"excerpt":"F\u00f6dd \u00e5r 1808 iD\u00f6d \u00e5r 18xx iGift \u00e5r 18xx medFar:Mor:Barn:\u00a0Yrke:Har bott i \u00c5nesta Bj\u00f6rklundFotografi tagit \u00e5rBer\u00e4ttelser\u00d6vrigt","rel":"","context":"Liknande inl\u00e4gg","block_context":{"text":"Liknande inl\u00e4gg","link":""},"img":{"alt_text":"","src":"","width":0,"height":0},"classes":[]},{"id":6059,"url":"https:\/\/sigedal.se\/index.php\/svensson-sven\/","url_meta":{"origin":3390,"position":3},"title":"Svensson Sven","author":"Kent","date":"2021-04-30","format":false,"excerpt":"F\u00f6dd \u00e5r 1774-04-23 i Rappestad \u00c4nkeg\u00e5rdD\u00f6d \u00e5r 1815-10-12 i Slycke Skatteg\u00e5rdGift \u00e5r 1801 med Annika Olofsdotter (1776 - 1836)Far: Sven P\u00e4rssonMor: Kerstin AndersdotterBarn:\u00a0Kerstin (1803 -\u00a0 ), Olaus (1805 -\u00a0 ), Johanna (1808 -\u00a0 ), Sven (1810 -\u00a0 ), Anders (1813 - ), Anna (1816 -\u00a0 )Yrke:\u00a0Dr\u00e4ng, ArrendatorHar bott i Rappestad\u2026","rel":"","context":"Liknande inl\u00e4gg","block_context":{"text":"Liknande inl\u00e4gg","link":""},"img":{"alt_text":"","src":"","width":0,"height":0},"classes":[]},{"id":3022,"url":"https:\/\/sigedal.se\/index.php\/andersdotter-albertina\/","url_meta":{"origin":3390,"position":4},"title":"Andersdotter Albertina","author":"Kent","date":"2021-04-07","format":false,"excerpt":"F\u00f6dd \u00e5r 1816 i Bj\u00f6rkebergD\u00f6d \u00e5r 1xxx iGift \u00e5r 1835 med Peter Larsson (f 1808)Far:Mor:Barn:\u00a0Crestina Wilhelmina (f 1838 i V\u00e4sterl\u00f6sa), Augusta Mathilda (f 1847) och Enoch Theodor (f 1849)Yrke:Har bott i Nybble Fr\u00e4lseg\u00e5rd (1841 - 1851)Fotografi tagit \u00e5rBer\u00e4ttelser\u00d6vrigt: Familjen kom fr\u00e5n V\u00e4sterl\u00f6sa 1841 d\u00e5 de k\u00f6pte Fr\u00e4lseg\u00e5rden av baron J\u2026","rel":"","context":"Liknande inl\u00e4gg","block_context":{"text":"Liknande inl\u00e4gg","link":""},"img":{"alt_text":"","src":"","width":0,"height":0},"classes":[]},{"id":3355,"url":"https:\/\/sigedal.se\/index.php\/bengtsdotter-maja\/","url_meta":{"origin":3390,"position":5},"title":"Bengtsdotter Maja","author":"Kent","date":"2021-04-08","format":false,"excerpt":"F\u00f6dd \u00e5r 1810 iD\u00f6d \u00e5r 1xxx iGift \u00e5r 18xx med Samuel Carlsson 1808 - Far:Mor:Barn:\u00a0Maja (1834 -1834), Carl (f 1836), Carin (f 1837)Yrke:Har bott i Gustad S\u00f6derg\u00e5rd (1833 - 1839)Fotografi tagit \u00e5rBer\u00e4ttelser\u00d6vrigt Kom fr\u00e5n Rappestad, flyttade till V\u00e4sterl\u00f6sa","rel":"","context":"Liknande inl\u00e4gg","block_context":{"text":"Liknande inl\u00e4gg","link":""},"img":{"alt_text":"","src":"","width":0,"height":0},"classes":[]}],"jetpack_sharing_enabled":true,"_links":{"self":[{"href":"https:\/\/sigedal.se\/index.php\/wp-json\/wp\/v2\/pages\/3390","targetHints":{"allow":["GET"]}}],"collection":[{"href":"https:\/\/sigedal.se\/index.php\/wp-json\/wp\/v2\/pages"}],"about":[{"href":"https:\/\/sigedal.se\/index.php\/wp-json\/wp\/v2\/types\/page"}],"author":[{"embeddable":true,"href":"https:\/\/sigedal.se\/index.php\/wp-json\/wp\/v2\/users\/3"}],"replies":[{"embeddable":true,"href":"https:\/\/sigedal.se\/index.php\/wp-json\/wp\/v2\/comments?post=3390"}],"version-history":[{"count":2,"href":"https:\/\/sigedal.se\/index.php\/wp-json\/wp\/v2\/pages\/3390\/revisions"}],"predecessor-version":[{"id":6530,"href":"https:\/\/sigedal.se\/index.php\/wp-json\/wp\/v2\/pages\/3390\/revisions\/6530"}],"wp:attachment":[{"href":"https:\/\/sigedal.se\/index.php\/wp-json\/wp\/v2\/media?parent=3390"}],"curies":[{"name":"wp","href":"https:\/\/api.w.org\/{rel}","templated":true}]}}