{"id":3297,"date":"2021-04-08T16:02:12","date_gmt":"2021-04-08T14:02:12","guid":{"rendered":"https:\/\/sigedal.se\/?page_id=3297"},"modified":"2021-05-03T14:59:34","modified_gmt":"2021-05-03T12:59:34","slug":"andersson-petter","status":"publish","type":"page","link":"https:\/\/sigedal.se\/index.php\/andersson-petter\/","title":{"rendered":"Andersson Petter"},"content":{"rendered":"\n<figure class=\"wp-block-table is-style-stripes\"><table><tbody><tr><td>F\u00f6dd \u00e5r 18xx i<\/td><\/tr><tr><td>D\u00f6d \u00e5r 19xx i<\/td><\/tr><tr><td>Gift \u00e5r 19xx med<\/td><\/tr><tr><td>Far:<\/td><\/tr><tr><td>Mor:<\/td><\/tr><tr><td>Barn:&nbsp;<\/td><\/tr><tr><td>Yrke:<\/td><\/tr><tr><td>Har bott i <a href=\"https:\/\/sigedal.se\/index.php\/rakered-storgard\/\" data-type=\"page\" data-id=\"791\">Rakered Storg\u00e5rd<\/a><\/td><\/tr><tr><td>Fotografi tagit \u00e5r<\/td><\/tr><tr><td>Ber\u00e4ttelser<\/td><\/tr><tr><td>\u00d6vrigt: Brukade Storg\u00e5rden \u00e5t \u00e4garen Gustaf Horn och bitr\u00e4dde denne vid storskiftet 1796 (se protokoll fr\u00e5n Storskiftet f\u00f6r Rakered)<\/td><\/tr><\/tbody><\/table><\/figure>\n","protected":false},"excerpt":{"rendered":"<p>F\u00f6dd \u00e5r 18xx i D\u00f6d \u00e5r 19xx i Gift \u00e5r 19xx med Far: Mor: Barn:&nbsp; Yrke: Har bott i Rakered Storg\u00e5rd Fotografi tagit \u00e5r Ber\u00e4ttelser \u00d6vrigt: Brukade Storg\u00e5rden \u00e5t \u00e4garen Gustaf Horn och bitr\u00e4dde denne vid storskiftet 1796 (se protokoll fr\u00e5n Storskiftet f\u00f6r Rakered)<\/p>\n","protected":false},"author":3,"featured_media":0,"parent":0,"menu_order":0,"comment_status":"closed","ping_status":"closed","template":"","meta":{"jetpack_post_was_ever_published":false,"footnotes":""},"class_list":["post-3297","page","type-page","status-publish","hentry"],"jetpack-related-posts":[{"id":5678,"url":"https:\/\/sigedal.se\/index.php\/persson-jonas\/","url_meta":{"origin":3297,"position":0},"title":"Persson Jonas","author":"Kent","date":"2021-04-27","format":false,"excerpt":"F\u00f6dd \u00e5r 18xx iD\u00f6d \u00e5r 19xx iGift \u00e5r 19xx medFar:Mor:Barn:\u00a0Yrke:Har bott i SolmarkFotografi tagit \u00e5rBer\u00e4ttelser\u00d6vrigt: Deltog i f\u00f6rr\u00e4ttningen vid storskiftet vid Rakered 1796.","rel":"","context":"Liknande inl\u00e4gg","block_context":{"text":"Liknande inl\u00e4gg","link":""},"img":{"alt_text":"","src":"","width":0,"height":0},"classes":[]},{"id":3263,"url":"https:\/\/sigedal.se\/index.php\/andersson-jons\/","url_meta":{"origin":3297,"position":1},"title":"Andersson J\u00f6ns","author":"Kent","date":"2021-04-08","format":false,"excerpt":"F\u00f6dd \u00e5r 17xx iD\u00f6d \u00e5r 1xxx iGift \u00e5r 1xxx medFar:Mor:Barn:\u00a0Yrke:Har bott i Rakered \u00d6sterg\u00e5rdFotografi tagit \u00e5rBer\u00e4ttelser\u00d6vrigt: Brukade \u00d6sterg\u00e5rden \u00e5t \u00e4garen Gustaf Horn och bitr\u00e4dde denne vid storskiftet vid Rakered 1796 (se protokoll fr\u00e5n storskiftet vid Rakered)","rel":"","context":"Liknande inl\u00e4gg","block_context":{"text":"Liknande inl\u00e4gg","link":""},"img":{"alt_text":"","src":"","width":0,"height":0},"classes":[]},{"id":3307,"url":"https:\/\/sigedal.se\/index.php\/andersson-samuel\/","url_meta":{"origin":3297,"position":2},"title":"Andersson Samuel","author":"Kent","date":"2021-04-08","format":false,"excerpt":"F\u00f6dd \u00e5r 17xx iD\u00f6d \u00e5r 1xxx iGift \u00e5r 1xxx medFar:Mor:Barn:\u00a0Yrke: SkattemanHar bott iFotografi tagit \u00e5rBer\u00e4ttelser\u00d6vrigt: \u00c4gde gemensamt med skattemannen Sven Bengtsson 1 Mt Rakered Skatteg\u00e5rd och deltog i f\u00f6rr\u00e4ttningen av storskiftet 1796 (se protokoll fr\u00e5n Storskiftet vid Rakered)","rel":"","context":"Liknande inl\u00e4gg","block_context":{"text":"Liknande inl\u00e4gg","link":""},"img":{"alt_text":"","src":"","width":0,"height":0},"classes":[]},{"id":4977,"url":"https:\/\/sigedal.se\/index.php\/montgomery-svante\/","url_meta":{"origin":3297,"position":3},"title":"Montgomery Svante","author":"Kent","date":"2021-04-21","format":false,"excerpt":"F\u00f6dd \u00e5r 17xx iD\u00f6d \u00e5r 1xxx iGift \u00e5r 1xxx medFar:Mor:Barn:\u00a0Yrke: \u00d6verstel\u00f6jtnantHar bott iFotografi tagit \u00e5rBer\u00e4ttelser\u00d6vrigt: \u00c4gde vid storskiftet f\u00f6r Rakered 1796 3\/4 Mt Fr\u00e4lseg\u00e5rden (V\u00e4sterg\u00e5rden) i Rakered","rel":"","context":"Liknande inl\u00e4gg","block_context":{"text":"Liknande inl\u00e4gg","link":""},"img":{"alt_text":"","src":"","width":0,"height":0},"classes":[]},{"id":5283,"url":"https:\/\/sigedal.se\/index.php\/nilsson-anders\/","url_meta":{"origin":3297,"position":4},"title":"Nilsson Anders","author":"Kent","date":"2021-04-23","format":false,"excerpt":"F\u00f6dd \u00e5r 17xx iD\u00f6d \u00e5r 18xx iGift \u00e5r 1xxx medFar:Mor:Barn:\u00a0Yrke:Har bott i Rakered Rusth\u00e5ll (1790-talet)Fotografi tagit \u00e5rBer\u00e4ttelser\u00d6vrigt: Brukade vid tiden f\u00f6r storskiftet 1796 Rakered Rusth\u00e5ll \u00e5t \u00e4garen greve Gustaf Horn. B\u00e5da var n\u00e4rvarande vid f\u00f6rr\u00e4ttningen av skiftet 1796","rel":"","context":"Liknande inl\u00e4gg","block_context":{"text":"Liknande inl\u00e4gg","link":""},"img":{"alt_text":"","src":"","width":0,"height":0},"classes":[]},{"id":5331,"url":"https:\/\/sigedal.se\/index.php\/nilsson-jons-jonas\/","url_meta":{"origin":3297,"position":5},"title":"Nilsson J\u00f6ns (Jonas)","author":"Kent","date":"2021-04-23","format":false,"excerpt":"F\u00f6dd \u00e5r 17xx iD\u00f6d \u00e5r 1xxx iGift \u00e5r 1xxx medFar:Mor:Barn:\u00a0Yrke:Har bott iFotografi tagit \u00e5rBer\u00e4ttelser\u00d6vrigt: Brukade Rakereds Fr\u00e4lseg\u00e5rd (V\u00e4sterg\u00e5rd) 3\/4 Mt \u00e5t \u00e4garen Svante Montgomery vid tiden f\u00f6r storskiftet 1796, vilka \u00e4ven n\u00e4rvarade vid f\u00f6rr\u00e4ttningen av skiftet","rel":"","context":"Liknande inl\u00e4gg","block_context":{"text":"Liknande inl\u00e4gg","link":""},"img":{"alt_text":"","src":"","width":0,"height":0},"classes":[]}],"jetpack_sharing_enabled":true,"_links":{"self":[{"href":"https:\/\/sigedal.se\/index.php\/wp-json\/wp\/v2\/pages\/3297","targetHints":{"allow":["GET"]}}],"collection":[{"href":"https:\/\/sigedal.se\/index.php\/wp-json\/wp\/v2\/pages"}],"about":[{"href":"https:\/\/sigedal.se\/index.php\/wp-json\/wp\/v2\/types\/page"}],"author":[{"embeddable":true,"href":"https:\/\/sigedal.se\/index.php\/wp-json\/wp\/v2\/users\/3"}],"replies":[{"embeddable":true,"href":"https:\/\/sigedal.se\/index.php\/wp-json\/wp\/v2\/comments?post=3297"}],"version-history":[{"count":2,"href":"https:\/\/sigedal.se\/index.php\/wp-json\/wp\/v2\/pages\/3297\/revisions"}],"predecessor-version":[{"id":6429,"href":"https:\/\/sigedal.se\/index.php\/wp-json\/wp\/v2\/pages\/3297\/revisions\/6429"}],"wp:attachment":[{"href":"https:\/\/sigedal.se\/index.php\/wp-json\/wp\/v2\/media?parent=3297"}],"curies":[{"name":"wp","href":"https:\/\/api.w.org\/{rel}","templated":true}]}}