{"id":1801,"date":"2021-03-30T17:57:40","date_gmt":"2021-03-30T15:57:40","guid":{"rendered":"https:\/\/sigedal.se\/?page_id=1801"},"modified":"2022-10-05T17:35:27","modified_gmt":"2022-10-05T15:35:27","slug":"fredrik-reinhold-von-lingen","status":"publish","type":"page","link":"https:\/\/sigedal.se\/index.php\/fredrik-reinhold-von-lingen\/","title":{"rendered":"Fredrik Reinhold von Lingen"},"content":{"rendered":"<div class=\"wp-block-image\">\n<figure class=\"aligncenter size-full\"><img data-recalc-dims=\"1\" loading=\"lazy\" decoding=\"async\" width=\"350\" height=\"537\" src=\"https:\/\/i0.wp.com\/sigedal.se\/wp-content\/uploads\/2021\/03\/vk5160liten.jpg?resize=350%2C537&#038;ssl=1\" alt=\"\" class=\"wp-image-155\" srcset=\"https:\/\/i0.wp.com\/sigedal.se\/wp-content\/uploads\/2021\/03\/vk5160liten.jpg?w=350&amp;ssl=1 350w, https:\/\/i0.wp.com\/sigedal.se\/wp-content\/uploads\/2021\/03\/vk5160liten.jpg?resize=196%2C300&amp;ssl=1 196w\" sizes=\"auto, (max-width: 350px) 85vw, 350px\" \/><figcaption>Var sjuklig och sk\u00f6tte d\u00e4rf\u00f6r inte sj\u00e4lv det s\u00e4teri han bebodde. Han  \u00e4gde \u00e4ven Bankebergs G\u00e4stgiveri. <\/figcaption><\/figure>\n<\/div>\n\n\n<figure class=\"wp-block-table is-style-stripes\"><table><tbody><tr><td>F\u00f6dd \u00e5r 1800 i<\/td><td><\/td><\/tr><tr><td>D\u00f6d \u00e5r 1867-06-30 i Medevi<\/td><td><\/td><\/tr><tr><td>Ogift<\/td><td><\/td><\/tr><tr><td>Far: <a href=\"https:\/\/sigedal.se\/index.php\/herman-von-lingen\/\" data-type=\"page\" data-id=\"1798\">Herman von Lingen<\/a><\/td><td><\/td><\/tr><tr><td>Mor: Antoinette Carolina Str\u00f6mfelt<\/td><td><\/td><\/tr><tr><td>Barn: Barnl\u00f6s<\/td><td><\/td><\/tr><tr><td>Yrke: F\u00e4nrik, Baron, G\u00e4stgivare<\/td><td><\/td><\/tr><tr><td>Har bott p\u00e5 <a href=\"https:\/\/sigedal.se\/index.php\/skolstad\/\" data-type=\"page\" data-id=\"457\">Sk\u00f6ldstad S\u00e4teri<\/a><\/td><\/tr><\/tbody><\/table><\/figure>\n\n\n\n<p><\/p>\n","protected":false},"excerpt":{"rendered":"<p>F\u00f6dd \u00e5r 1800 i D\u00f6d \u00e5r 1867-06-30 i Medevi Ogift Far: Herman von Lingen Mor: Antoinette Carolina Str\u00f6mfelt Barn: Barnl\u00f6s Yrke: F\u00e4nrik, Baron, G\u00e4stgivare Har bott p\u00e5 Sk\u00f6ldstad S\u00e4teri<\/p>\n","protected":false},"author":3,"featured_media":0,"parent":0,"menu_order":0,"comment_status":"closed","ping_status":"closed","template":"","meta":{"jetpack_post_was_ever_published":false,"footnotes":""},"class_list":["post-1801","page","type-page","status-publish","hentry"],"jetpack-related-posts":[{"id":3617,"url":"https:\/\/sigedal.se\/index.php\/ragnhild-ulrika-von-flygarell\/","url_meta":{"origin":1801,"position":0},"title":"Ragnhild Ulrika von Flygarell","author":"Kent","date":"2021-04-10","format":false,"excerpt":"F\u00f6dd \u00e5r 1732-02-23 i StockholmD\u00f6d \u00e5r 1816-05-08 p\u00e5 Sk\u00f6ldstadGift 1:a g\u00e5ngen med Carl Gustaf Str\u00f6msk\u00f6ld (1732 - 1770) , Gift 2:a g\u00e5ngen med Fredric Horn af \u00c5minneFar: Anders von Flygarell (16xx - 1734)Mor: Christina Margareta von DanckwartBarn:\u00a0Yrke:Har bott p\u00e5 Sk\u00f6ldstad s\u00e4teriFotografi tagit \u00e5rBer\u00e4ttelser\u00d6vrigt","rel":"","context":"Liknande inl\u00e4gg","block_context":{"text":"Liknande inl\u00e4gg","link":""},"img":{"alt_text":"","src":"","width":0,"height":0},"classes":[]},{"id":3483,"url":"https:\/\/sigedal.se\/index.php\/peter-von-danckwart\/","url_meta":{"origin":1801,"position":1},"title":"Peter von Danckwart","author":"Kent","date":"2021-04-09","format":false,"excerpt":"F\u00f6dd \u00e5r 16xx iD\u00f6d \u00e5r 1732 iGift \u00e5r 1693 med Anna Catarina Gyllenadler (16xx - 1710)Far:Mor:Barn:\u00a0Christina Margareta (\u00e4rvde Sk\u00f6ldstad)Yrke: Landsh\u00f6vdingHar bott p\u00e5 Sk\u00f6ldstad s\u00e4teri.Fotografi tagit \u00e5rBer\u00e4ttelser\u00d6vrigt: \u00c4ger \u00e4ven Slycke S\u00f6derg\u00e5rd i Rappestad Socken och Normstorp i Slaka. Enligt dokument fr\u00e5n 1726 brukades Stora Greby by av landsh\u00f6vdingen tillsammans med sl\u00e4kten\u2026","rel":"","context":"Liknande inl\u00e4gg","block_context":{"text":"Liknande inl\u00e4gg","link":""},"img":{"alt_text":"","src":"","width":0,"height":0},"classes":[]},{"id":1770,"url":"https:\/\/sigedal.se\/index.php\/skolstads-agarlangd\/","url_meta":{"origin":1801,"position":2},"title":"Sk\u00f6lstads \u00e4garl\u00e4ngd","author":"Kent","date":"2021-03-30","format":false,"excerpt":"1 mantal (133 h) Sk\u00f6lstad i Vikingstad \u00e4r ett gammalt s\u00e4teri i gammal kulturbygd. 1327Sk\u00f6lstad \u00e4r h\u00e4r omn\u00e4mnt som Ski\u00f6lstada. Marsken Evengisle N\u00e4skonung bytte jord till Lars Jonsson \u00e5 Ture J\u00f6nssons v\u00e4gnar.1406G\u00e4rtrud Lagesdotter (tre bj\u00e4lkar) avstod till nunneklostret i Sk\u00e4nninge 3 attungar jord i Anunstadum och 2 attungar i Skylstadum\u2026","rel":"","context":"Liknande inl\u00e4gg","block_context":{"text":"Liknande inl\u00e4gg","link":""},"img":{"alt_text":"","src":"https:\/\/i0.wp.com\/sigedal.se\/wp-content\/uploads\/2022\/10\/Skolstad_015-scaled.jpg?resize=350%2C200&ssl=1","width":350,"height":200,"srcset":"https:\/\/i0.wp.com\/sigedal.se\/wp-content\/uploads\/2022\/10\/Skolstad_015-scaled.jpg?resize=350%2C200&ssl=1 1x, https:\/\/i0.wp.com\/sigedal.se\/wp-content\/uploads\/2022\/10\/Skolstad_015-scaled.jpg?resize=525%2C300&ssl=1 1.5x, https:\/\/i0.wp.com\/sigedal.se\/wp-content\/uploads\/2022\/10\/Skolstad_015-scaled.jpg?resize=700%2C400&ssl=1 2x, https:\/\/i0.wp.com\/sigedal.se\/wp-content\/uploads\/2022\/10\/Skolstad_015-scaled.jpg?resize=1050%2C600&ssl=1 3x, https:\/\/i0.wp.com\/sigedal.se\/wp-content\/uploads\/2022\/10\/Skolstad_015-scaled.jpg?resize=1400%2C800&ssl=1 4x"},"classes":[]},{"id":458,"url":"https:\/\/sigedal.se\/index.php\/asarp\/","url_meta":{"origin":1801,"position":3},"title":"\u00c5sarp S\u00e4teri","author":"Kent","date":"2021-03-25","format":false,"excerpt":"Foto Irma Andersson ca 1980 \u00c5sarp gjordes till s\u00e4teri av Otto\u00a0von Scheiding\u00a0(\u2020 1651), och \u00e4rvdes av hans dotter Anna (\u2020 1688), som 1659 gifte sig med ryttm\u00e4staren Georg\u00a0von Sch\u00f6nfelt. Dottern Anna Margareta\u00a0von Sch\u00f6nfelt\u00a0(\u2020 1714), gift med ryttm\u00e4staren Mattias Trost,\u00a0adlad\u00a0Gyllentrost\u00a0fick sedan s\u00e4teriet p\u00e5 sin lott, coh d\u00e4refter dottern Agneta Christina (\u2020\u2026","rel":"","context":"Liknande inl\u00e4gg","block_context":{"text":"Liknande inl\u00e4gg","link":""},"img":{"alt_text":"","src":"https:\/\/i0.wp.com\/sigedal.se\/wp-content\/uploads\/2021\/03\/vk5170liten.jpg?resize=350%2C200&ssl=1","width":350,"height":200,"srcset":"https:\/\/i0.wp.com\/sigedal.se\/wp-content\/uploads\/2021\/03\/vk5170liten.jpg?resize=350%2C200&ssl=1 1x, https:\/\/i0.wp.com\/sigedal.se\/wp-content\/uploads\/2021\/03\/vk5170liten.jpg?resize=525%2C300&ssl=1 1.5x"},"classes":[]},{"id":3608,"url":"https:\/\/sigedal.se\/index.php\/fleming-brita-maria\/","url_meta":{"origin":1801,"position":4},"title":"Fleming Brita Maria","author":"Kent","date":"2021-04-10","format":false,"excerpt":"F\u00f6dd \u00e5r 1770-11-10 p\u00e5 Nybble, VikingstadD\u00f6d \u00e5r 1827-04-05 iGift \u00e5r 1797-07-18 med \u00d6verstel\u00f6jtnant Carl Henrik von Sticht (1749 - 1799), Omgift 1807-06-30 med baron Johan Ludvig Fleming (1766 - 1852)Far: Kammarherre Mattias Odencrantz (1730 - 1796)Mor: Margaretha Christina von LingenBarn:\u00a0dotter (1808-04-02 - 1865-07-08 gift 1839-06-07 m Reinhold Schr\u00f6der)Yrke:Har bott i\u2026","rel":"","context":"Liknande inl\u00e4gg","block_context":{"text":"Liknande inl\u00e4gg","link":""},"img":{"alt_text":"","src":"","width":0,"height":0},"classes":[]},{"id":457,"url":"https:\/\/sigedal.se\/index.php\/skolstad\/","url_meta":{"origin":1801,"position":5},"title":"Sk\u00f6lstad s\u00e4teri","author":"Kent","date":"2021-03-25","format":false,"excerpt":"Foto ca 1945 - 1950 Huvudbyggnaden p\u00e5 Sk\u00f6lstad brann l\u00f6rdagen den 9 april 1921 och byggdes sedan aldrig upp igen. Sk\u00f6lstad v\u00e4stra flygel (nuvarande huvudbyggnad) Sk\u00f6lstad v\u00e4stra flygel (nuvarande huvudbyggnad) Foto 1999 Irma Andersson \u00d6stra flygeln p\u00e5 Sk\u00f6ldstad s\u00e4teri uppf\u00f6rdes 1794. D\u00e5varande \u00e4gare var Fredrik Horn af \u00c5minne gift med\u2026","rel":"","context":"Liknande inl\u00e4gg","block_context":{"text":"Liknande inl\u00e4gg","link":""},"img":{"alt_text":"","src":"https:\/\/i0.wp.com\/sigedal.se\/wp-content\/uploads\/2021\/03\/vk5159liten.jpg?resize=350%2C200&ssl=1","width":350,"height":200,"srcset":"https:\/\/i0.wp.com\/sigedal.se\/wp-content\/uploads\/2021\/03\/vk5159liten.jpg?resize=350%2C200&ssl=1 1x, https:\/\/i0.wp.com\/sigedal.se\/wp-content\/uploads\/2021\/03\/vk5159liten.jpg?resize=525%2C300&ssl=1 1.5x"},"classes":[]}],"jetpack_sharing_enabled":true,"_links":{"self":[{"href":"https:\/\/sigedal.se\/index.php\/wp-json\/wp\/v2\/pages\/1801","targetHints":{"allow":["GET"]}}],"collection":[{"href":"https:\/\/sigedal.se\/index.php\/wp-json\/wp\/v2\/pages"}],"about":[{"href":"https:\/\/sigedal.se\/index.php\/wp-json\/wp\/v2\/types\/page"}],"author":[{"embeddable":true,"href":"https:\/\/sigedal.se\/index.php\/wp-json\/wp\/v2\/users\/3"}],"replies":[{"embeddable":true,"href":"https:\/\/sigedal.se\/index.php\/wp-json\/wp\/v2\/comments?post=1801"}],"version-history":[{"count":4,"href":"https:\/\/sigedal.se\/index.php\/wp-json\/wp\/v2\/pages\/1801\/revisions"}],"predecessor-version":[{"id":9596,"href":"https:\/\/sigedal.se\/index.php\/wp-json\/wp\/v2\/pages\/1801\/revisions\/9596"}],"wp:attachment":[{"href":"https:\/\/sigedal.se\/index.php\/wp-json\/wp\/v2\/media?parent=1801"}],"curies":[{"name":"wp","href":"https:\/\/api.w.org\/{rel}","templated":true}]}}