{"id":1793,"date":"2021-03-30T17:42:52","date_gmt":"2021-03-30T15:42:52","guid":{"rendered":"https:\/\/sigedal.se\/?page_id=1793"},"modified":"2022-04-22T19:47:55","modified_gmt":"2022-04-22T17:47:55","slug":"fredrik-horn-af-aminne","status":"publish","type":"page","link":"https:\/\/sigedal.se\/index.php\/fredrik-horn-af-aminne\/","title":{"rendered":"Fredrik Horn af \u00c5minne"},"content":{"rendered":"\n<figure class=\"wp-block-image size-large\"><img data-recalc-dims=\"1\" loading=\"lazy\" decoding=\"async\" width=\"350\" height=\"454\" src=\"https:\/\/i0.wp.com\/sigedal.se\/wp-content\/uploads\/2021\/03\/vk5162liten.jpg?resize=350%2C454&#038;ssl=1\" alt=\"\" class=\"wp-image-157\" srcset=\"https:\/\/i0.wp.com\/sigedal.se\/wp-content\/uploads\/2021\/03\/vk5162liten.jpg?w=350&amp;ssl=1 350w, https:\/\/i0.wp.com\/sigedal.se\/wp-content\/uploads\/2021\/03\/vk5162liten.jpg?resize=231%2C300&amp;ssl=1 231w\" sizes=\"auto, (max-width: 350px) 85vw, 350px\" \/><figcaption>Portr\u00e4tt m\u00e5lat Gustaf Lundberg senare \u00e4n 1778. <br>Fredrik blev Riddare och Kommend\u00f6r av Kungl Maj:ts Orden 1778. Denna orden b\u00e4r han p\u00e5 portr\u00e4ttet m\u00e5lat av Gustaf Lundberg. Han m\u00e5ste d\u00e4rf\u00f6r ha m\u00e5lats 1778 eller senare.<br>Han var aktiv politiker i hattpartiet och st\u00f6dde Gustav III:s statskupp 1772.<\/figcaption><\/figure>\n\n\n\n<figure class=\"wp-block-table is-style-stripes\"><table><tbody><tr><td>F\u00f6dd \u00e5r 1725-03-29 p\u00e5 Husbyg\u00e5rd i Husby-Oppuna socken i S\u00f6dermanland.<\/td><td><\/td><\/tr><tr><td>D\u00f6d \u00e5r 1796-01-01<\/td><td><\/td><\/tr><tr><td>Gift 1:a g\u00e5ngen med Anna Margareta Plomgren 2:a g\u00e5ngen \u00e5r 1783-08-12 med <a href=\"https:\/\/sigedal.se\/index.php\/ragnhild-ulrika-von-flygarell\/\" data-type=\"page\" data-id=\"3617\">Ragnhild Ulrika von Flygarell<\/a> (1732 &#8211; 1816) i hennes andra \u00e4ktenskap.<\/td><td><\/td><\/tr><tr><td>Far: \u00d6versten och Friherren Krister Gustafsson Horn af \u00c5minne&nbsp;<\/td><td><\/td><\/tr><tr><td>Mor: Anna Regina Sj\u00f6blad<\/td><td><\/td><\/tr><tr><td>Barn:&nbsp;<\/td><td><\/td><\/tr><tr><td>Yrke: General och greve<\/td><td><\/td><\/tr><tr><td>Har bott p\u00e5 Sk\u00f6ldstad s\u00e4teri<\/td><\/tr><\/tbody><\/table><\/figure>\n\n\n\n<figure class=\"wp-block-table is-style-stripes\"><table><tbody><tr><td><strong>Karri\u00e4r<\/strong><\/td><\/tr><tr><td>1740-05-01 Volont\u00e4r vid Livgardet<\/td><\/tr><tr><td>1742 Furir<\/td><\/tr><tr><td>1743 i fransk tj\u00e4nst som sek. l\u00f6jtnant vid regementet Royal Alsace&nbsp;<\/td><\/tr><tr><td>1745-04-15 L\u00f6jtnant vid regementet Royal Su\u00e9dois<\/td><\/tr><tr><td>1745 Befordrad till kapten<\/td><\/tr><tr><td>1746-08-01 F\u00e4nrik vid Livgardet<\/td><\/tr><tr><td>1748-05-17 Vicekorpral vid Livdrabantk\u00e5ren<\/td><\/tr><tr><td>1749-01-17 Korpral<\/td><\/tr><tr><td>1749-06-12 \u00d6verste i Fransk tj\u00e4nst<\/td><\/tr><tr><td>1760-04-22 \u00d6verste i Svenska Arm\u00e9n<\/td><\/tr><tr><td>1761-06-22 Kvartersm\u00e4stare vid Livdrabantk\u00e5ren<\/td><\/tr><tr><td>1762-08-10 Chef f\u00f6r \u00d6stg\u00f6ta kavallerireg.<\/td><\/tr><tr><td>1770-03-02 Generalmajor<\/td><\/tr><tr><td>1772-09-12 Generall\u00f6jtnant som bel\u00f6ning f\u00f6r sitt deltagande i statsv\u00e4lvningen<\/td><\/tr><tr><td>1774-08-19 Chef f\u00f6r Livreg. till h\u00e4st<\/td><\/tr><tr><td>1778-08-27 General av kavalleriet<\/td><\/tr><tr><td>1780-04-24 avsked fr\u00e5n \u00f6verstebest\u00e4llningen<\/td><\/tr><tr><td>1787-06-07 Generall\u00f6jtnants l\u00f6n<\/td><\/tr><\/tbody><\/table><\/figure>\n","protected":false},"excerpt":{"rendered":"<p>F\u00f6dd \u00e5r 1725-03-29 p\u00e5 Husbyg\u00e5rd i Husby-Oppuna socken i S\u00f6dermanland. D\u00f6d \u00e5r 1796-01-01 Gift 1:a g\u00e5ngen med Anna Margareta Plomgren 2:a g\u00e5ngen \u00e5r 1783-08-12 med Ragnhild Ulrika von Flygarell (1732 &#8211; 1816) i hennes andra \u00e4ktenskap. Far: \u00d6versten och Friherren Krister Gustafsson Horn af \u00c5minne&nbsp; Mor: Anna Regina Sj\u00f6blad Barn:&nbsp; Yrke: General och greve Har &hellip; <a href=\"https:\/\/sigedal.se\/index.php\/fredrik-horn-af-aminne\/\" class=\"more-link\">Forts\u00e4tt l\u00e4sa<span class=\"screen-reader-text\"> \u201dFredrik Horn af \u00c5minne\u201d<\/span><\/a><\/p>\n","protected":false},"author":3,"featured_media":0,"parent":0,"menu_order":0,"comment_status":"closed","ping_status":"closed","template":"","meta":{"jetpack_post_was_ever_published":false,"footnotes":""},"class_list":["post-1793","page","type-page","status-publish","hentry"],"jetpack-related-posts":[{"id":2771,"url":"https:\/\/sigedal.se\/index.php\/angsveden-sorstad-vikingstad-sn\/","url_meta":{"origin":1793,"position":0},"title":"\u00c4ngsveden (S\u00f6rstad, Vikingstad Sn)","author":"Kent","date":"2021-04-05","format":false,"excerpt":"\u00c4ngsveden ligger cirka 2 km s\u00f6der om S\u00f6rstad. Bebott av - levdeBodde h\u00e4r \u00e5r - \u00e5rKom fr\u00e5n\/Flyttade till\u00d6vrigtJohannes Gabrielsson (1778 -\u00a0 )1811 -\u00a0Stina Persdotter (1778 -\u00a0 )Barn: Lena Cajsa (1800 - ), Magnus (1804 - ), Maja Lisa (1808 - ), Johanna (1810 - ), Johan Peter (1812 - 1817),\u2026","rel":"","context":"Liknande inl\u00e4gg","block_context":{"text":"Liknande inl\u00e4gg","link":""},"img":{"alt_text":"","src":"","width":0,"height":0},"classes":[]},{"id":6112,"url":"https:\/\/sigedal.se\/index.php\/westling-germund\/","url_meta":{"origin":1793,"position":1},"title":"Westling Germund J\u00f6nsson","author":"Kent","date":"2021-04-30","format":false,"excerpt":"F\u00f6dd \u00e5r 1778-06-04 i D\u00f6d \u00e5r 1824-04-28 i BankebergGift \u00e5r 18xx med Greta Cajsa M\u00e5nsdotter (1787 - 1868 i V\u00e4sterl\u00f6sa Murg\u00e5rd)(kom fr\u00e5n Slycke Skatteg\u00e5rd)Far: Mor: Barn:\u00a0J\u00f6ns Fredrik (1809 - ), Germund Carl (1811 - ), Anna Sofia (1814 - 1884 i Solla Herrg\u00e5rd), Stina Catarina (1817 - ), Carl Johan\u2026","rel":"","context":"Liknande inl\u00e4gg","block_context":{"text":"Liknande inl\u00e4gg","link":""},"img":{"alt_text":"","src":"","width":0,"height":0},"classes":[]},{"id":952,"url":"https:\/\/sigedal.se\/index.php\/grenadjartorp-nr-59\/","url_meta":{"origin":1793,"position":2},"title":"Grenadj\u00e4rtorp nr 59 eller N\u00f6jdst\u00e4llet (Stora Greby, Vikingstad sn)","author":"Kent","date":"2021-03-25","format":false,"excerpt":"Bebott av - levdeBodde h\u00e4rKom fr\u00e5n\/Flyttade till\u00d6vrigtJon LebergLundblad Pehr (f 1725)Hade som inneboende f\u00f6rre soldaten Jon Leberg (f 1718), hans hustru Ragnhild Ericsdotter och dottern LiskenJ\u00f6nsdotter Carin1750 -\u00a0Barn:\u00a0Anders, Jonas, Samuel och PeterJohan PeppelmanHade som inneboende f\u00f6rre soldaten Jon Leberg (f 1718), hans hustru Ragnhild Ericsdotter och dottern LiskenAndersdotter Maria\u00a017xx -\u00a0Samuel\u2026","rel":"","context":"Liknande inl\u00e4gg","block_context":{"text":"Liknande inl\u00e4gg","link":""},"img":{"alt_text":"","src":"","width":0,"height":0},"classes":[]},{"id":7259,"url":"https:\/\/sigedal.se\/index.php\/raab-gustaf-fredrik\/","url_meta":{"origin":1793,"position":3},"title":"Raab Gustaf Fredrik","author":"Kent","date":"2021-05-22","format":false,"excerpt":"F\u00f6dd \u00e5r 1845-09-15 p\u00e5 S\u00f6rstadi\u00a0D\u00f6d \u00e5r\u00a01904-01-09 p\u00e5 ForssbyGift \u00e5r\u00a0\u00a01888-12-22 p\u00e5 S\u00f6rstad med Ingeborg Christina Maria Egerstr\u00f6m (1856 - 1917)Far:\u00a0Claes Gustaf Fredrik RaabMor:\u00a0Sofia Carolina Theresia Forsb\u00e4ck (1818 - 1868)Barn:\u00a0Yrke:Har bott iFotografi tagit \u00e5rBer\u00e4ttelser:\u00a0\u00d6vrigt: \u00c4gde tillsammans med sina syskon S\u00f6rstad mellan 1868 - 1876","rel":"","context":"Liknande inl\u00e4gg","block_context":{"text":"Liknande inl\u00e4gg","link":""},"img":{"alt_text":"","src":"","width":0,"height":0},"classes":[]},{"id":5883,"url":"https:\/\/sigedal.se\/index.php\/raab-claes-gustaf-fredrik\/","url_meta":{"origin":1793,"position":4},"title":"Raab Claes Gustaf Fredrik","author":"Kent","date":"2021-04-29","format":false,"excerpt":"F\u00f6dd \u00e5r 1814-11-08 i M\u00f6nster\u00e5sD\u00f6d \u00e5r 1889-12-06 p\u00e5 \u00c5kerholm i Lofta Sn, Kalmar l\u00e4n.Gift \u00e5r 1841 med Sofia Carolina Theresia Forsb\u00e4ck (1818 - 1868)Far: Gustaf Adolf Raab (1786 - 1841)Mor: Sofia Fredrika Ulfsparre af Broxvik (1781 - 1864)Barn:\u00a0Nio barn (sju s\u00f6ner och tv\u00e5 d\u00f6ttrar), Carl Gustaf Johan (1849-02-12 - 1920-06-04),\u2026","rel":"","context":"Liknande inl\u00e4gg","block_context":{"text":"Liknande inl\u00e4gg","link":""},"img":{"alt_text":"","src":"","width":0,"height":0},"classes":[]},{"id":5826,"url":"https:\/\/sigedal.se\/index.php\/pettersson-anders-fredrik\/","url_meta":{"origin":1793,"position":5},"title":"Pettersson Anders Fredrik","author":"Kent","date":"2021-04-29","format":false,"excerpt":"F\u00f6dd \u00e5r 1833-02-14D\u00f6d \u00e5r 1xxx iGift \u00e5r 18xx med 1:a Anna Svensdotter, 2:a Lisa Sofia JohansdotterFar: Johan Peter PehrssonMor: Ulrica CarlsdotterBarn:\u00a0i hfl V\u00e4sterl\u00f6sa 1885 omn\u00e4mns en fosterson, Gustaf Reinhold Gustafsson.Yrke:Har bott i Bankebergs Backg\u00e5rdFotografi tagit \u00e5rBer\u00e4ttelser\u00d6vrigt","rel":"","context":"Liknande inl\u00e4gg","block_context":{"text":"Liknande inl\u00e4gg","link":""},"img":{"alt_text":"","src":"","width":0,"height":0},"classes":[]}],"jetpack_sharing_enabled":true,"_links":{"self":[{"href":"https:\/\/sigedal.se\/index.php\/wp-json\/wp\/v2\/pages\/1793","targetHints":{"allow":["GET"]}}],"collection":[{"href":"https:\/\/sigedal.se\/index.php\/wp-json\/wp\/v2\/pages"}],"about":[{"href":"https:\/\/sigedal.se\/index.php\/wp-json\/wp\/v2\/types\/page"}],"author":[{"embeddable":true,"href":"https:\/\/sigedal.se\/index.php\/wp-json\/wp\/v2\/users\/3"}],"replies":[{"embeddable":true,"href":"https:\/\/sigedal.se\/index.php\/wp-json\/wp\/v2\/comments?post=1793"}],"version-history":[{"count":3,"href":"https:\/\/sigedal.se\/index.php\/wp-json\/wp\/v2\/pages\/1793\/revisions"}],"predecessor-version":[{"id":8581,"href":"https:\/\/sigedal.se\/index.php\/wp-json\/wp\/v2\/pages\/1793\/revisions\/8581"}],"wp:attachment":[{"href":"https:\/\/sigedal.se\/index.php\/wp-json\/wp\/v2\/media?parent=1793"}],"curies":[{"name":"wp","href":"https:\/\/api.w.org\/{rel}","templated":true}]}}