{"id":1483,"date":"2021-03-28T14:40:20","date_gmt":"2021-03-28T12:40:20","guid":{"rendered":"https:\/\/sigedal.se\/?page_id=1483"},"modified":"2022-10-09T14:54:07","modified_gmt":"2022-10-09T12:54:07","slug":"kattkallan","status":"publish","type":"page","link":"https:\/\/sigedal.se\/index.php\/kattkallan\/","title":{"rendered":"Kattk\u00e4llan (Sk\u00f6ldstad S\u00e4teri, Vikingstad sn)"},"content":{"rendered":"\n<p><strong>Rivet och ok\u00e4nt var det var bel\u00e4get<\/strong><\/p>\n\n\n\n<figure class=\"wp-block-table is-style-stripes\"><table><tbody><tr><td><strong>Bebott av &#8211; levde<\/strong><\/td><td><strong>Bodde h\u00e4r \u00c5r-\u00c5r<\/strong><\/td><td><strong>Kom fr\u00e5n\/Flyttade till<\/strong><\/td><td><strong>\u00d6vrigt<\/strong><\/td><\/tr><tr><td>Peter Mattsson<\/td><td>177x &#8211; 178x<\/td><td><\/td><td><\/td><\/tr><tr><td>Kerstin Larsson<\/td><td><\/td><td><\/td><td><\/td><\/tr><tr><td>Barn: Eva, J\u00f6ns, Stina<\/td><td><\/td><td><\/td><td><\/td><\/tr><tr><td>Dr\u00e4ngen Nils Svensson (1744 &#8211;&nbsp;&nbsp; )<\/td><td><\/td><td><\/td><td><\/td><\/tr><tr><td><\/td><td><\/td><td><\/td><td><\/td><\/tr><tr><td>J\u00f6ns H\u00e5kansson (1757 &#8211;&nbsp;&nbsp; )<\/td><td>ca 1790 &#8211; slutet 1790-talet<\/td><td>&nbsp;&nbsp;&nbsp;&nbsp;&nbsp;&nbsp;&nbsp;&nbsp;&nbsp;&nbsp;&nbsp;&nbsp;&nbsp;&nbsp;&nbsp;&nbsp; \/Sk\u00f6ldstad Klinttorp<\/td><td><\/td><\/tr><tr><td>Maja Hansdotter (1744 &#8211;&nbsp;&nbsp;&nbsp; )<\/td><td><\/td><td><\/td><td><\/td><\/tr><tr><td>Barn: Anna Cajsa (1785 &#8211;&nbsp; ), Maja Stina (1788 &#8211;&nbsp; ), Lisa (1791 &#8211;&nbsp; )<\/td><td><\/td><td><\/td><td><\/td><\/tr><tr><td><\/td><td><\/td><td><\/td><td><\/td><\/tr><tr><td>Carl Andersson (1757-11-25 &#8211;\u00a0\u00a0 )<\/td><td>ca 1767 &#8211; 1814<\/td><td>Skeda<\/td><td><\/td><\/tr><tr><td>Maja Svensdotter (1764 &#8211;&nbsp;<\/td><td> 1794- 1814<\/td><td>\u00d6stra Tollstad\/<\/td><td><\/td><\/tr><tr><td>Barn: Anders (1786 &#8211; ), Sven (1790 &#8211; 1801), Maria Catharina (1795-01-19 &#8211;\u00a0 )<\/td><td>&#8211; 1814<\/td><td>Anders flyttar 1805 till Gustad S\u00f6derg\u00e5rd<\/td><td><\/td><\/tr><tr><td><\/td><td><\/td><td><\/td><td><\/td><\/tr><tr><td>Brukaren Jonas Persson (1788-03-14 &#8211; )<\/td><td>1815 &#8211; 1816<\/td><td>\u00d6 Tollstad\/Skeda<\/td><td><\/td><\/tr><tr><td>Eva Lisa Samuelsdotter (1789-05-15 &#8211; )<\/td><td>1815 &#8211; 1816<\/td><td>\u00d6 Tollstad\/Skeda<\/td><td><\/td><\/tr><tr><td>Barn: Johan (1811-12-31 &#8211; ), Maja Gretha (1814-07-20 &#8211; )<\/td><td>1815 &#8211; 1816<\/td><td>\u00d6 Tollstad\/Skeda<\/td><td><\/td><\/tr><tr><td><\/td><td><\/td><td><\/td><td><\/td><\/tr><tr><td>Torparen Anders Pehrson (1791-08-29 &#8211; )<\/td><td>1813 &#8211; 1831<\/td><td>Rappestad\/Sj\u00f6gestad<\/td><td><\/td><\/tr><tr><td>Maja Cajsa Carlsdotter (1795-01-19 &#8211; )<\/td><td>1813 &#8211; 1831<\/td><td> \/Sj\u00f6gestad<\/td><td><\/td><\/tr><tr><td>Brita Maja (1818-04-18 &#8211; 1819), Johan Petter (1823-07-06 &#8211; ), Anna (1831-02-28 &#8211; )<\/td><td>&#8211; 1831<\/td><td>\/Sj\u00f6gestad<\/td><td><\/td><\/tr><tr><td><\/td><td><\/td><td><\/td><td><\/td><\/tr><tr><td>Nils J\u00f6nsson (1800-08-30 &#8211; ), Gift 1821 med Sara men de verkar inte ha kunna bo ihop d\u00e5 det \u00e4r 10 \u00e5r mellan inflyttning i torpet.<\/td><td>1827 &#8211;<\/td><td>Rappestad\/till Rappestad 1844-10-24<\/td><td><\/td><\/tr><tr><td>Sara Persdotter (1798-01-09 &#8211; )<\/td><td>1837<\/td><td>Rappestad\/till Rappestad 1844-10-24<\/td><td><\/td><\/tr><tr><td>Barn: Inga Stina (1821-02-04 &#8211; ), Johan August (1823-08-24 &#8211; ), Maja (1826-10-24 &#8211; ), Nils Peter (1829-11-14 &#8211; ), Johanna (1834-04-21 &#8211; )<\/td><td><\/td><td>till Rappestad 1844-10-24. Det lyser f\u00f6r Inga Stina och dr\u00e4ngen Anders Olofsson i Brink 1843-04-30. Inga Stina torde \u00e5terfinnas i Brink.<\/td><td><\/td><\/tr><\/tbody><\/table><figcaption>I Hfl 1841-1845 \u00e5terfinns denna familj i Klinttorp med anteckning att de flyttar till Rappestad medan Kattek\u00e4lla \u00e4r helt utan noteringar.<\/figcaption><\/figure>\n","protected":false},"excerpt":{"rendered":"<p>Rivet och ok\u00e4nt var det var bel\u00e4get Bebott av &#8211; levde Bodde h\u00e4r \u00c5r-\u00c5r Kom fr\u00e5n\/Flyttade till \u00d6vrigt Peter Mattsson 177x &#8211; 178x Kerstin Larsson Barn: Eva, J\u00f6ns, Stina Dr\u00e4ngen Nils Svensson (1744 &#8211;&nbsp;&nbsp; ) J\u00f6ns H\u00e5kansson (1757 &#8211;&nbsp;&nbsp; ) ca 1790 &#8211; slutet 1790-talet &nbsp;&nbsp;&nbsp;&nbsp;&nbsp;&nbsp;&nbsp;&nbsp;&nbsp;&nbsp;&nbsp;&nbsp;&nbsp;&nbsp;&nbsp;&nbsp; \/Sk\u00f6ldstad Klinttorp Maja Hansdotter (1744 &#8211;&nbsp;&nbsp;&nbsp; ) Barn: Anna &hellip; <a href=\"https:\/\/sigedal.se\/index.php\/kattkallan\/\" class=\"more-link\">Forts\u00e4tt l\u00e4sa<span class=\"screen-reader-text\"> \u201dKattk\u00e4llan (Sk\u00f6ldstad S\u00e4teri, Vikingstad sn)\u201d<\/span><\/a><\/p>\n","protected":false},"author":3,"featured_media":0,"parent":0,"menu_order":0,"comment_status":"closed","ping_status":"closed","template":"","meta":{"footnotes":""},"class_list":["post-1483","page","type-page","status-publish","hentry"],"jetpack-related-posts":[{"id":1484,"url":"https:\/\/sigedal.se\/index.php\/klinttorp\/","url_meta":{"origin":1483,"position":0},"title":"Klinttorp eller Klinten (Sk\u00f6ldstad S\u00e4teri, Vikingstad sn)","author":"Kent","date":"2021-03-28","format":false,"excerpt":"Foto Irma Andersson 1995 Foto Irma Andersson 2001-10-29 Foto Kent Sigedal 2019-07-14 Bebott av - levdeBodde h\u00e4r \u00c5r-\u00c5rKom fr\u00e5n\/Flyttade till\u00d6vrigtM\u00e5ns Andersson\u00a0slutet 1700-taletIngeborgBarn:\u00a0Dr\u00e4ngen M\u00e5ns NilssonJ\u00f6ns Svensson (1742 -\u00a0\u00a0 )Stina Larsdotter (1744 -\u00a0\u00a0Sj\u00f6gestadBarn: Carl (1771 - 1771 ), Maja (1776 - ), Brita (1783 - ), Swen (1786-07-10 - )Samtliga barn f\u00f6dda\u2026","rel":"","context":"Liknande inl\u00e4gg","block_context":{"text":"Liknande inl\u00e4gg","link":""},"img":{"alt_text":"","src":"https:\/\/i0.wp.com\/sigedal.se\/wp-content\/uploads\/2021\/03\/vk5169liten.jpg?resize=350%2C200&ssl=1","width":350,"height":200,"srcset":"https:\/\/i0.wp.com\/sigedal.se\/wp-content\/uploads\/2021\/03\/vk5169liten.jpg?resize=350%2C200&ssl=1 1x, https:\/\/i0.wp.com\/sigedal.se\/wp-content\/uploads\/2021\/03\/vk5169liten.jpg?resize=525%2C300&ssl=1 1.5x"},"classes":[]},{"id":4067,"url":"https:\/\/sigedal.se\/index.php\/boende-pa-skoldstad-sateri\/","url_meta":{"origin":1483,"position":1},"title":"Boende p\u00e5 Sk\u00f6ldstad S\u00e4teri","author":"Kent","date":"2021-04-13","format":false,"excerpt":"NamnLevdeBodde h\u00e4r\u00d6vrigtChristian Hendelberg1740 -1790-taletFr\u00e5n Norrk\u00f6pingKusken Pet. V\u00e4nergren1740 -1790-taletFr\u00e5n V\u00e4sterl\u00f6saR\u00e4ttaren Jonas Svensson1757 -1790-talet - b\u00f6rjan 1800-taletFr\u00e5n Gammalkilhans hustru Lisa Carlsdotter1764 -1790-talet - b\u00f6rjan 1800-taletFr\u00e5n UlrikaTr\u00e4dg\u00e5rdsm\u00e4staren Pet. Fogelgren1760 -1790-talethans hustru Greta Eriksdotter1766 -1790-taletJungfrun Anna Christina Ljungberg1779 -slutet 1790-talet - b\u00f6rjan 1800-taletJungfrun Maria Kellman1759 -slutet 1790-talet - ca 1810Ulrica Waltenberg1776-10-28 - 1835-04-09xxxx -\u2026","rel":"","context":"Liknande inl\u00e4gg","block_context":{"text":"Liknande inl\u00e4gg","link":""},"img":{"alt_text":"","src":"https:\/\/i0.wp.com\/sigedal.se\/wp-content\/uploads\/2021\/10\/331-scaled.jpg?resize=350%2C200&ssl=1","width":350,"height":200,"srcset":"https:\/\/i0.wp.com\/sigedal.se\/wp-content\/uploads\/2021\/10\/331-scaled.jpg?resize=350%2C200&ssl=1 1x, https:\/\/i0.wp.com\/sigedal.se\/wp-content\/uploads\/2021\/10\/331-scaled.jpg?resize=525%2C300&ssl=1 1.5x, https:\/\/i0.wp.com\/sigedal.se\/wp-content\/uploads\/2021\/10\/331-scaled.jpg?resize=700%2C400&ssl=1 2x, https:\/\/i0.wp.com\/sigedal.se\/wp-content\/uploads\/2021\/10\/331-scaled.jpg?resize=1050%2C600&ssl=1 3x, https:\/\/i0.wp.com\/sigedal.se\/wp-content\/uploads\/2021\/10\/331-scaled.jpg?resize=1400%2C800&ssl=1 4x"},"classes":[]},{"id":458,"url":"https:\/\/sigedal.se\/index.php\/asarp\/","url_meta":{"origin":1483,"position":2},"title":"\u00c5sarp S\u00e4teri","author":"Kent","date":"2021-03-25","format":false,"excerpt":"Foto Irma Andersson ca 1980 \u00c5sarp gjordes till s\u00e4teri av Otto\u00a0von Scheiding\u00a0(\u2020 1651), och \u00e4rvdes av hans dotter Anna (\u2020 1688), som 1659 gifte sig med ryttm\u00e4staren Georg\u00a0von Sch\u00f6nfelt. Dottern Anna Margareta\u00a0von Sch\u00f6nfelt\u00a0(\u2020 1714), gift med ryttm\u00e4staren Mattias Trost,\u00a0adlad\u00a0Gyllentrost\u00a0fick sedan s\u00e4teriet p\u00e5 sin lott, coh d\u00e4refter dottern Agneta Christina (\u2020\u2026","rel":"","context":"Liknande inl\u00e4gg","block_context":{"text":"Liknande inl\u00e4gg","link":""},"img":{"alt_text":"","src":"https:\/\/i0.wp.com\/sigedal.se\/wp-content\/uploads\/2021\/03\/vk5170liten.jpg?resize=350%2C200&ssl=1","width":350,"height":200,"srcset":"https:\/\/i0.wp.com\/sigedal.se\/wp-content\/uploads\/2021\/03\/vk5170liten.jpg?resize=350%2C200&ssl=1 1x, https:\/\/i0.wp.com\/sigedal.se\/wp-content\/uploads\/2021\/03\/vk5170liten.jpg?resize=525%2C300&ssl=1 1.5x"},"classes":[]},{"id":983,"url":"https:\/\/sigedal.se\/index.php\/brotorpet\/","url_meta":{"origin":1483,"position":3},"title":"Brotorpet (\u00c5nesta by)","author":"Kent","date":"2021-03-25","format":false,"excerpt":"Bebott av\u00c5r-\u00c5rKom fr\u00e5n\/Flyttade tillPersdotter Cajsa (1744 - 18xx)1799 - 1800\u00c5nesta \u00c5netorpDotterdottern Eva Lotta (1790 - )Johan Albert Nord\u00e9n (f 1866-02-2218xx - 1900\u00a0\u00a0\u00a0\u00a0\u00a0\u00a0\u00a0\u00a0\u00a0\u00a0\u00a0\u00a0\u00a0\u00a0\u00a0 \/ V\u00e4stra L\u00f6fhultPersdotter Tilda Albertina (f 1873-07-18 i Sj\u00f6gestad)18xx - 1900\u00a0\u00a0\u00a0\u00a0\u00a0\u00a0\u00a0\u00a0\u00a0\u00a0\u00a0\u00a0\u00a0\u00a0\u00a0 \/ V\u00e4stra L\u00f6fhult","rel":"","context":"Liknande inl\u00e4gg","block_context":{"text":"Liknande inl\u00e4gg","link":""},"img":{"alt_text":"","src":"","width":0,"height":0},"classes":[]},{"id":1480,"url":"https:\/\/sigedal.se\/index.php\/brunkeberg\/","url_meta":{"origin":1483,"position":4},"title":"Torpet Brunkeberg (Sk\u00f6ldstad S\u00e4teri)","author":"Kent","date":"2021-03-28","format":false,"excerpt":"Bebott av - levdeBodde h\u00e4r \u00c5r-\u00c5rKom fr\u00e5n\/Flyttade till\u00d6vrigt\u00c4nkan B. Kelstr\u00f6m (1752 -ca 1790 - ca 1802\u00a0\u00a0\u00a0\u00a0\u00a0\u00a0\u00a0\u00a0\u00a0\u00a0\u00a0\u00a0\u00a0\u00a0\u00a0\u00a0\u00a0 \/Sk\u00f6ldstad herreg\u00e5rddottern Ulrika Maja (1783 -\u00a0\u00a0 )\u00a0Lars Bengtsson1802 - 1803\u00a0\u00a0\u00a0\u00a0\u00a0\u00a0\u00a0\u00a0\u00a0\u00a0\u00a0\u00a0\u00a0\u00a0\u00a0\u00a0\u00a0 \/Bankebergs \u00e4gorAnna NilsdotterBarn: 4 barn\u00a0","rel":"","context":"Liknande inl\u00e4gg","block_context":{"text":"Liknande inl\u00e4gg","link":""},"img":{"alt_text":"","src":"","width":0,"height":0},"classes":[]},{"id":3007,"url":"https:\/\/sigedal.se\/index.php\/arvidsson-jons\/","url_meta":{"origin":1483,"position":5},"title":"Arvidsson J\u00f6ns","author":"Kent","date":"2021-04-07","format":false,"excerpt":"F\u00f6dd \u00e5r 1772-05-24 i Boo (Vikingstad)D\u00f6d \u00e5r 1848 i Sk\u00f6ldstad GrantoppenGift \u00e5r 1817-10-03 med Maja Persdotter (1782-02-22 - 18xx)Far: Arvid (Alfrid?) Persson (1723-08-14 -\u00a0Mor: Cajsa Olsdotter (1730 - 1779)Barn:\u00a0Johannes J\u00f6nsson\u00a0(1822 - 1913)Yrke:Har bott i Boo Nederg\u00e5rd, Sk\u00f6ldstad GrantoppenFotografi tagit \u00e5rBer\u00e4ttelser\u00d6vrigt:","rel":"","context":"Liknande inl\u00e4gg","block_context":{"text":"Liknande inl\u00e4gg","link":""},"img":{"alt_text":"","src":"","width":0,"height":0},"classes":[]}],"jetpack_sharing_enabled":true,"_links":{"self":[{"href":"https:\/\/sigedal.se\/index.php\/wp-json\/wp\/v2\/pages\/1483","targetHints":{"allow":["GET"]}}],"collection":[{"href":"https:\/\/sigedal.se\/index.php\/wp-json\/wp\/v2\/pages"}],"about":[{"href":"https:\/\/sigedal.se\/index.php\/wp-json\/wp\/v2\/types\/page"}],"author":[{"embeddable":true,"href":"https:\/\/sigedal.se\/index.php\/wp-json\/wp\/v2\/users\/3"}],"replies":[{"embeddable":true,"href":"https:\/\/sigedal.se\/index.php\/wp-json\/wp\/v2\/comments?post=1483"}],"version-history":[{"count":14,"href":"https:\/\/sigedal.se\/index.php\/wp-json\/wp\/v2\/pages\/1483\/revisions"}],"predecessor-version":[{"id":9802,"href":"https:\/\/sigedal.se\/index.php\/wp-json\/wp\/v2\/pages\/1483\/revisions\/9802"}],"wp:attachment":[{"href":"https:\/\/sigedal.se\/index.php\/wp-json\/wp\/v2\/media?parent=1483"}],"curies":[{"name":"wp","href":"https:\/\/api.w.org\/{rel}","templated":true}]}}