{"id":1191,"date":"2021-03-26T15:56:33","date_gmt":"2021-03-26T14:56:33","guid":{"rendered":"https:\/\/sigedal.se\/?page_id=1191"},"modified":"2021-04-30T18:05:31","modified_gmt":"2021-04-30T16:05:31","slug":"personforteckning-t","status":"publish","type":"page","link":"https:\/\/sigedal.se\/index.php\/personforteckning-t\/","title":{"rendered":"Personf\u00f6rteckning T"},"content":{"rendered":"\n<figure class=\"wp-block-table is-style-stripes\"><table><tbody><tr><td><strong>Namn<\/strong><\/td><td><strong>Bodde <\/strong><\/td><td><strong>Levde<\/strong><\/td><\/tr><tr><td><a href=\"https:\/\/sigedal.se\/index.php\/tilly-nils-peter-leonard\/\">Nils Peter Leonard Tilly<\/a><\/td><td><a href=\"https:\/\/sigedal.se\/index.php\/soldattorp-nr-65\/\" data-type=\"page\" data-id=\"908\">Tillorp Soldattorp Nr 65<\/a><\/td><td>1849-08-28 \u20131917-05-01<\/td><\/tr><tr><td><a href=\"https:\/\/sigedal.se\/index.php\/matilda-andersdotter\/\">Matilda Andersdotter <\/a><\/td><td><a href=\"https:\/\/sigedal.se\/index.php\/soldattorp-nr-65\/\">Tillorp Soldattorp Nr 65<\/a><\/td><td>1848-05-15 &#8211; 1926<\/td><\/tr><tr><td>Tilly Anna Matilda (dotter till ovanst\u00e5ende)<\/td><td><a href=\"https:\/\/sigedal.se\/index.php\/soldattorp-nr-65\/\">Tillorp Soldattorp Nr 65<\/a><\/td><td>1886-03-23 -1941-11-10<\/td><\/tr><tr><td><\/td><td><\/td><td><\/td><\/tr><tr><td><a href=\"https:\/\/sigedal.se\/index.php\/nils-thollander\/\">Tollander Nils<\/a><\/td><td>Boo Nederg\u00e5rd<\/td><td><\/td><\/tr><tr><td><a href=\"https:\/\/sigedal.se\/index.php\/tollfeldt-pehr\/\">Tollfeldt Pehr<\/a><\/td><td><a href=\"https:\/\/sigedal.se\/index.php\/gustad-aspegpard\/\" data-type=\"page\" data-id=\"608\">Gustad Aspeg\u00e5rd <\/a>(<\/td><td>1727 &#8211;&nbsp;1811<\/td><\/tr><tr><td><a href=\"https:\/\/sigedal.se\/index.php\/torstensdotter-ingeborg\/\">Torstensdotter Ingeborg<\/a> (1695 &#8211; )<\/td><td><a href=\"https:\/\/sigedal.se\/index.php\/gustad-norrgard\/\" data-type=\"page\" data-id=\"612\">Gustad Norrg\u00e5rd<\/a><\/td><td>1695 &#8211;&nbsp;<\/td><\/tr><tr><td><a href=\"https:\/\/sigedal.se\/index.php\/tyrsson-anders-petter\/\">Tyrsson Anders Petter<\/a> 1852-1924<\/td><td><a href=\"https:\/\/sigedal.se\/index.php\/hagen-4\/\" data-type=\"page\" data-id=\"738\">Harg Hagen<\/a><\/td><td><\/td><\/tr><tr><td><a href=\"https:\/\/sigedal.se\/index.php\/tyrsson-karolina-lina\/\">Tyrsson, Karolina (Lina)<\/a> 1850 &#8211; 1938<\/td><td><a href=\"https:\/\/sigedal.se\/index.php\/hagen-4\/\" data-type=\"page\" data-id=\"738\">Harg Hagen<\/a><\/td><td><\/td><\/tr><tr><td><a href=\"https:\/\/sigedal.se\/index.php\/tyrsson-klas-viktor\/\">Tyrsson, Klas Viktor<\/a> 1878-1958<\/td><td><a href=\"https:\/\/sigedal.se\/index.php\/hagen-4\/\" data-type=\"page\" data-id=\"738\">Harg Hagen<\/a><\/td><td><\/td><\/tr><tr><td><a href=\"https:\/\/sigedal.se\/index.php\/carl-tornqvist\/\">T\u00f6rnqvist, Carl<\/a> 1754 &#8211;\u00a0<\/td><td><a href=\"https:\/\/sigedal.se\/index.php\/boo-vastergard\/\" data-type=\"page\" data-id=\"492\">Boo V\u00e4sterg\u00e5rd<\/a><\/td><td><\/td><\/tr><tr><td><a href=\"https:\/\/sigedal.se\/index.php\/tornqvist-claes\/\">T\u00f6rnqvist Claes<\/a> Kyrkoherde<\/td><td><\/td><td>1795-06-29 &#8211; 1882-07-26<\/td><\/tr><\/tbody><\/table><\/figure>\n\n\n\n<p><\/p>\n","protected":false},"excerpt":{"rendered":"<p>Namn Bodde Levde Nils Peter Leonard Tilly Tillorp Soldattorp Nr 65 1849-08-28 \u20131917-05-01 Matilda Andersdotter Tillorp Soldattorp Nr 65 1848-05-15 &#8211; 1926 Tilly Anna Matilda (dotter till ovanst\u00e5ende) Tillorp Soldattorp Nr 65 1886-03-23 -1941-11-10 Tollander Nils Boo Nederg\u00e5rd Tollfeldt Pehr Gustad Aspeg\u00e5rd ( 1727 &#8211;&nbsp;1811 Torstensdotter Ingeborg (1695 &#8211; ) Gustad Norrg\u00e5rd 1695 &#8211;&nbsp; Tyrsson &hellip; <a href=\"https:\/\/sigedal.se\/index.php\/personforteckning-t\/\" class=\"more-link\">Forts\u00e4tt l\u00e4sa<span class=\"screen-reader-text\"> \u201dPersonf\u00f6rteckning T\u201d<\/span><\/a><\/p>\n","protected":false},"author":3,"featured_media":0,"parent":0,"menu_order":0,"comment_status":"closed","ping_status":"closed","template":"","meta":{"jetpack_post_was_ever_published":false,"footnotes":""},"class_list":["post-1191","page","type-page","status-publish","hentry"],"jetpack-related-posts":[{"id":62,"url":"https:\/\/sigedal.se\/index.php\/torp\/","url_meta":{"origin":1191,"position":0},"title":"Torplista A-\u00d6","author":"Kent","date":"2021-03-25","format":false,"excerpt":"Torp har i vissa fall flera namn. Hittar du inte vad du s\u00f6ker f\u00f6rs\u00f6k att leta direkt under den by d\u00e4r torpet l\u00e5g\/ligger. Torplista sorterat efter bynamn. TorpTillh\u00f6rdeAndersholmBooAnna Patrons stugaGunnorpArbetarbostadenSk\u00f6lstadAspetorpet\u00c5nestadAxbomstuganHarg Rusth\u00e5llBackenOpplundaBacken\u00c5nestadBeatebergRakeredBergSk\u00f6lstadBergaTillorpBergetBankebergBergetBooBergetGustadBergetStora GrebyBergetHarg Rusth\u00e5llBerglundaOpplundaBergsstugan (backstuga)Boo V\u00e4sterg\u00e5rdBergsstuganBoo Mellang\u00e5rdBergstorpBoo \u00d6verg\u00e5rdTroligen rivet ca 1912.\u00a0Bergs\u00e4tterNybbleBj\u00f6rklund\u00c5nestadBj\u00f6rklundTillorpBj\u00f6rklundGismestadBj\u00f6rklundGunnorpBj\u00f6rklund (Bj\u00f6rks\u00e4tter)RakeredBost\u00e4lletLilla GrebyBrantsson-stuganBredstorp\u00c5sarp s\u00e4teriBrotorpet (rivet 1800)\u00c5nestadBrunkebergSk\u00f6lstadBr\u00e4nnsvedenGunnorpF\u00f6rsvann i.o.m Laga SkifteBygget (Nybygget)RakeredB\u00e4ck (B\u00e4ckstugan)RakeredB\u00e4ckhemmetUrsprungligen\u2026","rel":"","context":"Liknande inl\u00e4gg","block_context":{"text":"Liknande inl\u00e4gg","link":""},"img":{"alt_text":"","src":"","width":0,"height":0},"classes":[]},{"id":2057,"url":"https:\/\/sigedal.se\/index.php\/torplista-i-byordning\/","url_meta":{"origin":1191,"position":1},"title":"Torp mm i Byordning","author":"Kent","date":"2021-04-02","format":false,"excerpt":"ByTorpBrantsson-stuganBankebergBergetBankebergBergs\u00e4tterBankebergHagenBankebergNybyggetBankeberg\u00d6rnBankebergs G\u00e4stgivareg\u00e5rdRyttartorp nr 56 (Sandvik)Ryttartorp till 2:a Livgrenadj\u00e4rregementetBankeberg Mellang\u00e5rdSkogenBackstugaBooAndersholmBooBergetBooBergsstuganBooBergsstuganBackstuga till V\u00e4sterg\u00e5rdenBooBergstorpTroligen rivet ca 1912.\u00a0H\u00f6rde till \u00d6verg\u00e5rdenBooCarlsboH\u00f6rde till Mellang\u00e5rdenBooJonsbergBooHagabergLivgrenadj\u00e4rtorp nr 62BooHagenh\u00f6rde till V\u00e4sterg\u00e5rdenBooHolmtorpH\u00f6rde till Mellang\u00e5rdenBooKarlstorpBooMunkebo\u00c4ven ben\u00e4mnt \u201cf\u00f6rpantningshemmet Munkebo\u201dBooSolskinshemmetGismestadBj\u00f6rklundGismestadEklundGismestadEriksbergGismestadGranlundGismestadGyllingetorpGismestadHagenGismestadHj\u00e4lms\u00e4terGismestadKalvhagentorpGismestadKalvhagenbackstugaGismestadK\u00e4lls\u00e4terrivetGismestadNystuganGismestadNys\u00e4tterGismestadPetersbergGismestadSoldattorp nr 66GismestadTorpetGismestadVarghagenGunnorpAnna Patrons stugaGunnorpBj\u00f6rklund (fd Br\u00e4nnsveden)GunnorpBr\u00e4nnsveden (se Bj\u00f6rklund)f.r.o.m. 1820 ben\u00e4mnt Bj\u00f6rklundGunnorpGatanGunnorpGatetorpetGunnorpGrindstuganGunnorpHagenGunnorpH\u00f6gstorpGunnorpPompstuganF\u00f6rsvann i.o.m Laga SkifteGunnorpSmedstorpetGunnorpSolbacken (fd Grenadj\u00e4rtorp nr 67)GunnorpStavrummetorpetGunnorpStria\u00a0(Stridslund e 1930)GunnorpV\u00e4gstorpGustadBergetGustadCarlstorpGustadDalenGustadFia M\u00e5tts stugaGustadGrantoppenGustadGrindstuganGustadHagenGustadJonstorp (tillh\u00f6r\u2026","rel":"","context":"Liknande inl\u00e4gg","block_context":{"text":"Liknande inl\u00e4gg","link":""},"img":{"alt_text":"","src":"","width":0,"height":0},"classes":[]},{"id":908,"url":"https:\/\/sigedal.se\/index.php\/soldattorp-nr-65\/","url_meta":{"origin":1191,"position":2},"title":"Grenadj\u00e4rtorp nr 65 (Tillorp)","author":"Kent","date":"2021-03-25","format":false,"excerpt":"vid Kungliga 1:a Lifgrenadierregementet Detta torp tillh\u00f6rde Fr\u00e4lseg\u00e5rden och Smedg\u00e5rden gemensamt. Skulle enligt Laga Skiftesprotokollet f\u00f6rflyttas inom Fr\u00e4lseg\u00e5rdens \u00e4gor till torpet Grinstugan. (Grindstugan? Red. anm.) Bebott av - levdeBodde h\u00e4r\u00a0Kom fr\u00e5n\/Flyttade till\u00d6vrigtNils Peter Leonard Tilly 1849-08-28 \u20131917-05-011881 - 1900-10-24K\u00e4rna \/ GammalkilMathilda Andersdotter (1848-05-15 - 1926)1881 - 1900K\u00e4rna \/ GammalkilBarn: Hulda\u2026","rel":"","context":"Liknande inl\u00e4gg","block_context":{"text":"Liknande inl\u00e4gg","link":""},"img":{"alt_text":"","src":"","width":0,"height":0},"classes":[]},{"id":907,"url":"https:\/\/sigedal.se\/index.php\/soldattorp-nr-59\/","url_meta":{"origin":1191,"position":3},"title":"Livgrenadj\u00e4rtorp Nr 59 (Tillorp, Vikingstad Sn)","author":"Kent","date":"2021-03-25","format":false,"excerpt":"Bebott av \u2013 levdeBodde h\u00e4rKom fr\u00e5n\/Flyttade till\u00d6vrigtPeter Movitz 17921818-Viby\/Cajsa Jonsdotter 1794-18321818-1832Sj\u00f6gestad\/Son: Carl Johan 1827Omgift med Sara Andersdotter f 18111832-V\u00e4sterl\u00f6sa\/","rel":"","context":"Liknande inl\u00e4gg","block_context":{"text":"Liknande inl\u00e4gg","link":""},"img":{"alt_text":"","src":"","width":0,"height":0},"classes":[]},{"id":985,"url":"https:\/\/sigedal.se\/index.php\/soldattorp-nr-57-2\/","url_meta":{"origin":1191,"position":4},"title":"Livgrenadj\u00e4rtorp Nr 57 (Tillorp, Vikingstad Sn)","author":"Kent","date":"2021-03-25","format":false,"excerpt":"Bebott av - levdeBodde h\u00e4rKom fr\u00e5n\/Flyttade till\u00d6vrigtJ L Tillman 1787-1809-Sj\u00f6gestad\/Anna Forsman 1785-1807-Sj\u00f6gestad\/Barn: Brita Maja f 1821, Cajsa Lotta f 1824, Johanna f 1828","rel":"","context":"Liknande inl\u00e4gg","block_context":{"text":"Liknande inl\u00e4gg","link":""},"img":{"alt_text":"","src":"","width":0,"height":0},"classes":[]},{"id":3813,"url":"https:\/\/sigedal.se\/index.php\/matilda-andersdotter\/","url_meta":{"origin":1191,"position":5},"title":"Matilda Andersdotter","author":"Kent","date":"2021-04-11","format":false,"excerpt":"F\u00f6dd \u00e5r 1848-05-15 i Sj\u00f6gestadD\u00f6d \u00e5r 1926Gift \u00e5r 1875 med Nils Peter Leonard TillyFar:Mor:Barn:\u00a0Hulda Alfrida (1877 \u2013 ), Anna Matilda (1886-1941)Yrke: Har bott i\u00a0Soldattorp nr 65 under Tillorp till 1900-10-24, Fotografi tagit \u00e5rBer\u00e4ttelser\u00d6vrigt","rel":"","context":"Liknande inl\u00e4gg","block_context":{"text":"Liknande inl\u00e4gg","link":""},"img":{"alt_text":"","src":"","width":0,"height":0},"classes":[]}],"jetpack_sharing_enabled":true,"_links":{"self":[{"href":"https:\/\/sigedal.se\/index.php\/wp-json\/wp\/v2\/pages\/1191","targetHints":{"allow":["GET"]}}],"collection":[{"href":"https:\/\/sigedal.se\/index.php\/wp-json\/wp\/v2\/pages"}],"about":[{"href":"https:\/\/sigedal.se\/index.php\/wp-json\/wp\/v2\/types\/page"}],"author":[{"embeddable":true,"href":"https:\/\/sigedal.se\/index.php\/wp-json\/wp\/v2\/users\/3"}],"replies":[{"embeddable":true,"href":"https:\/\/sigedal.se\/index.php\/wp-json\/wp\/v2\/comments?post=1191"}],"version-history":[{"count":18,"href":"https:\/\/sigedal.se\/index.php\/wp-json\/wp\/v2\/pages\/1191\/revisions"}],"predecessor-version":[{"id":6096,"href":"https:\/\/sigedal.se\/index.php\/wp-json\/wp\/v2\/pages\/1191\/revisions\/6096"}],"wp:attachment":[{"href":"https:\/\/sigedal.se\/index.php\/wp-json\/wp\/v2\/media?parent=1191"}],"curies":[{"name":"wp","href":"https:\/\/api.w.org\/{rel}","templated":true}]}}